{"id":48100,"date":"2025-11-16T04:59:03","date_gmt":"2025-11-16T04:59:03","guid":{"rendered":"https:\/\/www.globacademy.org\/?page_id=48100"},"modified":"2026-03-27T18:57:40","modified_gmt":"2026-03-27T18:57:40","slug":"global-ecology-working-group","status":"publish","type":"page","link":"https:\/\/www.globacademy.org\/en\/global-ecology-working-group\/","title":{"rendered":"Global Ecology Working Group"},"content":{"rendered":"\n<p>The GA Research Hub on Environment Policies and Ecologic Security was established to examine the political, economic, and societal dimensions of environmental degradation and ecological change. Its research focuses on a wide range of topics related to the environment and natural resources, including sustainability, climate change, pollution, biodiversity, agricultural production and food security, transformations in energy supply and demand, natural disasters, urbanization, national and regional water resources, global environmental regimes, and environmental justice.<\/p>\n\n\n\n<p><\/p>\n\n\n\n<p>Methodologically, the Research Hub adopts a pluralistic approach to conduct research on Turkey\u2019s environmental policies through qualitative, quantitative, and mixed methods, and generating analyses at both regional and global levels. In addition to academic work, the Hub aims to produce policy-oriented outputs, bringing together stakeholders from academia, government, local administrations, civil society, and the private sector to contribute to the development of environmental policymaking in Turkey.<\/p>\n\n\n\n<p><\/p>\n\n\n\n<p><strong>Related Content:<\/strong><\/p>\n\n\n\n<ul class=\"wp-block-list\">\n<li><a href=\"https:\/\/www.globalpanorama.org\/2026\/03\/iran-abd-israil-krizinin-gizli-cephesi-iklim-degisikligi-gida-su-ve-enerji-guvenligi-sezen-kaya-sonmez\/\">\u0130ran- ABD-\u0130srail Krizinin Gizli Cephesi: \u0130klim De\u011fi\u015fikli\u011fi, G\u0131da, Su ve Enerji G\u00fcvenli\u011fi \u2013 Sezen Kaya S\u00f6nmez<\/a><\/li>\n\n\n\n<li><a href=\"https:\/\/www.globalpanorama.org\/2024\/11\/yesil-konusmalar-9-ekoloji-ve-cevrenin-sesi-turkiyede-iklim-guvenligi-algilari-iklim-degisikliginin-adil-guvenliklestirilmesine-dogru-doc-dr-basar-baysal\/\">Ye\u015fil Konu\u015fmalar \u2013 9: Ekoloji ve \u00c7evrenin Sesi \/ T\u00fcrkiye\u2019de \u0130klim G\u00fcvenli\u011fi Alg\u0131lar\u0131: \u0130klim De\u011fi\u015fikli\u011finin Adil G\u00fcvenlikle\u015ftirilmesine Do\u011fru \u2013 Do\u00e7. Dr. Ba\u015far Baysal<\/a><\/li>\n\n\n\n<li><a href=\"https:\/\/www.globalpanorama.org\/2024\/06\/pd-iklim-bagatir\/\">Ye\u015fil Konu\u015fmalar \u2013 8: Ekoloji ve \u00c7evrenin Sesi \/ T\u00fcrkiye\u2019de \u0130klim De\u011fi\u015fikli\u011fi Alg\u0131s\u0131 2023 \u2013 Bulut Bagat\u0131r<\/a><\/li>\n\n\n\n<li><a href=\"https:\/\/www.globalpanorama.org\/2023\/12\/pg-2\/\">Ye\u015fil Konu\u015fmalar \u2013 7: Ekoloji ve \u00c7evrenin Sesi\/Su Krizi<\/a><\/li>\n\n\n\n<li><a href=\"https:\/\/www.globalpanorama.org\/2023\/08\/sg\/\">Ye\u015fil Konu\u015fmalar \u2013 5: At\u0131k Y\u00f6netimi ve \u00c7evre Kirlili\u011fi<\/a><\/li>\n\n\n\n<li><a href=\"https:\/\/www.globalpanorama.org\/2023\/07\/yesil-konusmalar-4-cevre-ve-guvenlik-iliskisi-2-cevresel-guvenlik\/\">Ye\u015fil Konu\u015fmalar \u2013 4: \u00c7evre ve G\u00fcvenlik \u0130li\u015fkisi-2: \u00c7evresel G\u00fcvenlik<\/a><\/li>\n\n\n\n<li><a href=\"https:\/\/www.globalpanorama.org\/2023\/07\/yesil-konusmalar-4-cevre-ve-guvenlik-iliskisi-1-cevresel-guvenlik\/\">Ye\u015fil Konu\u015fmalar \u2013 4: \u00c7evre ve G\u00fcvenlik \u0130li\u015fkisi-1: \u00c7evresel G\u00fcvenlik<\/a><\/li>\n\n\n\n<li><a href=\"https:\/\/www.globalpanorama.org\/2023\/04\/hk\/\">Afetin G\u00f6r\u00fcnmeyen Y\u00fcz\u00fc: Afet Sonras\u0131 \u00c7evresel Riskler \u2013 Helil K\u0131nay<\/a><\/li>\n\n\n\n<li><a href=\"https:\/\/www.globalpanorama.org\/2023\/04\/yesil-konusmalar-2-ekoloji-ve-cevrenin-sesi-yesil-donusum-ve-turkiye\/\">Ye\u015fil Konu\u015fmalar \u2013 2: Ekoloji ve \u00c7evrenin Sesi \/ Ye\u015fil D\u00f6n\u00fc\u015f\u00fcm ve T\u00fcrkiye<\/a><\/li>\n\n\n\n<li><a href=\"https:\/\/www.globalpanorama.org\/2022\/10\/sa\/\">T\u00fcrk D\u0131\u015f Politikas\u0131nda \u00c7evresel Perspektif M\u00fcmk\u00fcn M\u00fc? \u2013 Senem Atvur<\/a><\/li>\n\n\n\n<li><a href=\"https:\/\/www.globalpanorama.org\/2022\/06\/cevre\/\">Sava\u015f\u0131n \u00c7evreye Etkileri: Ukrayna \u2013 Nesrin Algan<\/a><\/li>\n\n\n\n<li><a href=\"https:\/\/www.globalpanorama.org\/2025\/11\/dunyanin-pan-krizi-erdem-denk\/\">D\u00fcnya\u2019n\u0131n&nbsp;Pan-Krizi&nbsp;\u2013 Erdem Denk<\/a><\/li>\n\n\n\n<li><a href=\"https:\/\/www.globalpanorama.org\/en\/2025\/10\/contesting-leadership-in-the-climate-norm-cascade-from-brussels-to-new-delhi-sezen-kaya-sonmez-melike-bozkurt\/\">Contesting Leadership in the Climate Norm Cascade: From Brussels to New Delhi \u2013 Sezen Kaya S\u00f6nmez &amp; Melike Bozkurt<\/a><\/li>\n\n\n\n<li><a href=\"https:\/\/www.globalpanorama.org\/en\/2020\/07\/a-biden-administration-should-prioritize-energy-security-to-fight-climate\/\">A Biden Administration Should Prioritize Energy Security To Fight Climate \u2013 John V. Bowlus<\/a><\/li>\n\n\n\n<li><a href=\"https:\/\/www.globalpanorama.org\/en\/2025\/09\/strategic-water-wars-of-2035-how-should-we-prepare\/\">Strategic Water Wars of 2035: How Should We Prepare? \u2013 Mehmet \u00d6\u011f\u00fct\u00e7\u00fc<\/a><\/li>\n<\/ul>\n\n\n\n<p><\/p>\n\n\n\n<h4 class=\"wp-block-heading\">Group Members<\/h4>\n\n\n\n<figure class=\"wp-block-image size-full is-resized\"><a href=\"https:\/\/www.globacademy.org\/en\/nesrin-algan\/\"><img decoding=\"async\" width=\"773\" height=\"773\" src=\"https:\/\/www.globacademy.org\/wp-content\/uploads\/2022\/03\/Nesrin-Algan.jpg\" alt=\"\" class=\"wp-image-40572\" style=\"width:219px;height:auto\" srcset=\"https:\/\/www.globacademy.org\/wp-content\/uploads\/2022\/03\/Nesrin-Algan.jpg 773w, https:\/\/www.globacademy.org\/wp-content\/uploads\/2022\/03\/Nesrin-Algan-300x300.jpg 300w, https:\/\/www.globacademy.org\/wp-content\/uploads\/2022\/03\/Nesrin-Algan-150x150.jpg 150w, https:\/\/www.globacademy.org\/wp-content\/uploads\/2022\/03\/Nesrin-Algan-768x768.jpg 768w\" sizes=\"(max-width: 773px) 100vw, 773px\" \/><\/a><figcaption class=\"wp-element-caption\">Dr. Nesrin Algan<br><em>Expert Adviser<\/em><\/figcaption><\/figure>\n\n\n\n<div class=\"wp-block-columns is-layout-flex wp-container-core-columns-is-layout-1 wp-block-columns-is-layout-flex\">\n<div class=\"wp-block-column is-layout-flow wp-block-column-is-layout-flow\">\n<figure class=\"wp-block-image size-full\"><a href=\"https:\/\/www.globacademy.org\/en\/ibrahim-mazlum\/\"><img decoding=\"async\" width=\"217\" height=\"280\" src=\"https:\/\/www.globacademy.org\/wp-content\/uploads\/2025\/11\/Ibrahim-Mazlum.jpg\" alt=\"\" class=\"wp-image-48097\"\/><\/a><figcaption class=\"wp-element-caption\">Dr. \u0130brahim Mazlum<br><em>Coordinator<\/em><\/figcaption><\/figure>\n<\/div>\n\n\n\n<div class=\"wp-block-column is-layout-flow wp-block-column-is-layout-flow\">\n<figure class=\"wp-block-image size-large is-resized\"><a href=\"https:\/\/www.globacademy.org\/en\/sezen-kaya-sonmez\/\"><img decoding=\"async\" width=\"768\" height=\"1024\" src=\"https:\/\/www.globacademy.org\/wp-content\/uploads\/2025\/09\/Sezen-Kaya-Sonmez-768x1024.jpeg\" alt=\"\" class=\"wp-image-47556\" style=\"width:208px;height:auto\" srcset=\"https:\/\/www.globacademy.org\/wp-content\/uploads\/2025\/09\/Sezen-Kaya-Sonmez-768x1024.jpeg 768w, https:\/\/www.globacademy.org\/wp-content\/uploads\/2025\/09\/Sezen-Kaya-Sonmez-225x300.jpeg 225w, https:\/\/www.globacademy.org\/wp-content\/uploads\/2025\/09\/Sezen-Kaya-Sonmez-1152x1536.jpeg 1152w, https:\/\/www.globacademy.org\/wp-content\/uploads\/2025\/09\/Sezen-Kaya-Sonmez.jpeg 1536w\" sizes=\"(max-width: 768px) 100vw, 768px\" \/><\/a><figcaption class=\"wp-element-caption\">Sezen Kaya S\u00f6nmez<br><em>Coordinator<\/em><\/figcaption><\/figure>\n<\/div>\n\n\n\n<div class=\"wp-block-column is-layout-flow wp-block-column-is-layout-flow\">\n<figure class=\"wp-block-image size-full is-resized\"><a href=\"https:\/\/www.globacademy.org\/en\/basar-baysal\/\"><img decoding=\"async\" width=\"556\" height=\"626\" src=\"https:\/\/www.globacademy.org\/wp-content\/uploads\/2026\/01\/Basar-Baysal.jpeg\" alt=\"\" class=\"wp-image-48544\" style=\"width:244px;height:auto\" srcset=\"https:\/\/www.globacademy.org\/wp-content\/uploads\/2026\/01\/Basar-Baysal.jpeg 556w, https:\/\/www.globacademy.org\/wp-content\/uploads\/2026\/01\/Basar-Baysal-266x300.jpeg 266w\" sizes=\"(max-width: 556px) 100vw, 556px\" \/><\/a><figcaption class=\"wp-element-caption\">Dr. Ba\u015far Baysal<br><em>Researcher<\/em><\/figcaption><\/figure>\n<\/div>\n<\/div>\n\n\n\n<div class=\"wp-block-columns is-layout-flex wp-container-core-columns-is-layout-2 wp-block-columns-is-layout-flex\">\n<div class=\"wp-block-column is-layout-flow wp-block-column-is-layout-flow\">\n<figure class=\"wp-block-image size-full is-resized\"><a href=\"https:\/\/www.globacademy.org\/en\/cagla-vural\/\"><img decoding=\"async\" width=\"186\" height=\"298\" src=\"https:\/\/www.globacademy.org\/wp-content\/uploads\/2026\/01\/Cagla-Vural.jpg\" alt=\"\" class=\"wp-image-48542\" style=\"width:135px;height:auto\"\/><\/a><figcaption class=\"wp-element-caption\">Dr. \u00c7a\u011fla Vural<br><em>Researcher<\/em><\/figcaption><\/figure>\n<\/div>\n\n\n\n<div class=\"wp-block-column is-layout-flow wp-block-column-is-layout-flow\">\n<figure class=\"wp-block-image size-full is-resized\"><a href=\"https:\/\/www.globacademy.org\/en\/senem-atvur\/\"><img decoding=\"async\" width=\"200\" height=\"200\" src=\"https:\/\/www.globacademy.org\/wp-content\/uploads\/2026\/01\/Senem-Atvur-1.jpeg\" alt=\"\" class=\"wp-image-48612\" style=\"width:211px;height:auto\" srcset=\"https:\/\/www.globacademy.org\/wp-content\/uploads\/2026\/01\/Senem-Atvur-1.jpeg 200w, https:\/\/www.globacademy.org\/wp-content\/uploads\/2026\/01\/Senem-Atvur-1-150x150.jpeg 150w\" sizes=\"(max-width: 200px) 100vw, 200px\" \/><\/a><figcaption class=\"wp-element-caption\">Dr. Senem Atvur<br><em>Researcher<\/em><\/figcaption><\/figure>\n<\/div>\n\n\n\n<div class=\"wp-block-column is-layout-flow wp-block-column-is-layout-flow\">\n<figure class=\"wp-block-image size-full is-resized\"><a href=\"https:\/\/www.globacademy.org\/en\/muhammed-onur-copoglu\/\"><img decoding=\"async\" width=\"433\" height=\"581\" src=\"https:\/\/www.globacademy.org\/wp-content\/uploads\/2026\/01\/muhammed-onur-copoglu.jpg\" alt=\"\" class=\"wp-image-48620\" style=\"width:160px;height:auto\" srcset=\"https:\/\/www.globacademy.org\/wp-content\/uploads\/2026\/01\/muhammed-onur-copoglu.jpg 433w, https:\/\/www.globacademy.org\/wp-content\/uploads\/2026\/01\/muhammed-onur-copoglu-224x300.jpg 224w\" sizes=\"(max-width: 433px) 100vw, 433px\" \/><\/a><figcaption class=\"wp-element-caption\">Dr. Muhammed Onur \u00c7\u00f6po\u011flu<br><em>Researcher<\/em><\/figcaption><\/figure>\n<\/div>\n<\/div>\n\n\n\n<div class=\"wp-block-columns is-layout-flex wp-container-core-columns-is-layout-3 wp-block-columns-is-layout-flex\">\n<div class=\"wp-block-column is-layout-flow wp-block-column-is-layout-flow\">\n<figure class=\"wp-block-image size-full is-resized\"><a href=\"https:\/\/www.globacademy.org\/en\/inan-ruma\/\"><img decoding=\"async\" width=\"225\" height=\"225\" src=\"https:\/\/www.globacademy.org\/wp-content\/uploads\/2026\/01\/inan-ruma.jpg\" alt=\"\" class=\"wp-image-48634\" style=\"width:184px;height:auto\" srcset=\"https:\/\/www.globacademy.org\/wp-content\/uploads\/2026\/01\/inan-ruma.jpg 225w, https:\/\/www.globacademy.org\/wp-content\/uploads\/2026\/01\/inan-ruma-150x150.jpg 150w\" sizes=\"(max-width: 225px) 100vw, 225px\" \/><\/a><figcaption class=\"wp-element-caption\">Dr. \u0130nan R\u00fcma<br><em>Researcher<\/em><\/figcaption><\/figure>\n<\/div>\n\n\n\n<div class=\"wp-block-column is-layout-flow wp-block-column-is-layout-flow\">\n<figure class=\"wp-block-image size-large is-resized\"><a href=\"https:\/\/www.globacademy.org\/en\/ceren-uysal-oguz\/\"><img decoding=\"async\" width=\"997\" height=\"1024\" src=\"https:\/\/www.globacademy.org\/wp-content\/uploads\/2026\/01\/ceren-uysal-oguz-997x1024.jpeg\" alt=\"\" class=\"wp-image-48644\" style=\"width:179px;height:auto\" srcset=\"https:\/\/www.globacademy.org\/wp-content\/uploads\/2026\/01\/ceren-uysal-oguz-997x1024.jpeg 997w, https:\/\/www.globacademy.org\/wp-content\/uploads\/2026\/01\/ceren-uysal-oguz-292x300.jpeg 292w, https:\/\/www.globacademy.org\/wp-content\/uploads\/2026\/01\/ceren-uysal-oguz-768x789.jpeg 768w, https:\/\/www.globacademy.org\/wp-content\/uploads\/2026\/01\/ceren-uysal-oguz.jpeg 1348w\" sizes=\"(max-width: 997px) 100vw, 997px\" \/><\/a><figcaption class=\"wp-element-caption\">Dr. Ceren Uysal O\u011fuz<br><em>Researcher<\/em><\/figcaption><\/figure>\n<\/div>\n\n\n\n<div class=\"wp-block-column is-layout-flow wp-block-column-is-layout-flow\"><\/div>\n<\/div>\n","protected":false},"excerpt":{"rendered":"<p>The GA Research Hub on Environment Policies and Ecologic Security was established to examine the political, economic, and societal dimensions of environmental degradation and ecological change. Its research focuses on a wide range of topics related to the environment and natural resources, including sustainability, climate change, pollution, biodiversity, agricultural production and food security, transformations in [&hellip;]<\/p>\n","protected":false},"author":23,"featured_media":0,"parent":0,"menu_order":0,"comment_status":"closed","ping_status":"closed","template":"","meta":{"_acf_changed":false,"footnotes":""},"class_list":["post-48100","page","type-page","status-publish","hentry"],"acf":[],"yoast_head":"<!-- This site is optimized with the Yoast SEO plugin v23.7 - https:\/\/yoast.com\/wordpress\/plugins\/seo\/ -->\n<title>Global Ecology Working Group - Global Academy<\/title>\n<meta name=\"robots\" content=\"index, follow, max-snippet:-1, max-image-preview:large, max-video-preview:-1\" \/>\n<link rel=\"canonical\" href=\"https:\/\/www.globacademy.org\/en\/global-ecology-working-group\/\" \/>\n<meta property=\"og:locale\" content=\"en_US\" \/>\n<meta property=\"og:type\" content=\"article\" \/>\n<meta property=\"og:title\" content=\"Global Ecology Working Group - Global Academy\" \/>\n<meta property=\"og:description\" content=\"The GA Research Hub on Environment Policies and Ecologic Security was established to examine the political, economic, and societal dimensions of environmental degradation and ecological change. Its research focuses on a wide range of topics related to the environment and natural resources, including sustainability, climate change, pollution, biodiversity, agricultural production and food security, transformations in [&hellip;]\" \/>\n<meta property=\"og:url\" content=\"https:\/\/www.globacademy.org\/en\/global-ecology-working-group\/\" \/>\n<meta property=\"og:site_name\" content=\"Global Academy\" \/>\n<meta property=\"article:modified_time\" content=\"2026-03-27T18:57:40+00:00\" \/>\n<meta property=\"og:image\" content=\"https:\/\/www.globacademy.org\/wp-content\/uploads\/2022\/03\/Nesrin-Algan.jpg\" \/>\n\t<meta property=\"og:image:width\" content=\"773\" \/>\n\t<meta property=\"og:image:height\" content=\"773\" \/>\n\t<meta property=\"og:image:type\" content=\"image\/jpeg\" \/>\n<meta name=\"twitter:card\" content=\"summary_large_image\" \/>\n<meta name=\"twitter:label1\" content=\"Est. reading time\" \/>\n\t<meta name=\"twitter:data1\" content=\"4 minutes\" \/>\n<script type=\"application\/ld+json\" class=\"yoast-schema-graph\">{\"@context\":\"https:\/\/schema.org\",\"@graph\":[{\"@type\":\"WebPage\",\"@id\":\"https:\/\/www.globacademy.org\/en\/global-ecology-working-group\/\",\"url\":\"https:\/\/www.globacademy.org\/en\/global-ecology-working-group\/\",\"name\":\"Global Ecology Working Group - Global Academy\",\"isPartOf\":{\"@id\":\"https:\/\/www.globacademy.org\/#website\"},\"primaryImageOfPage\":{\"@id\":\"https:\/\/www.globacademy.org\/en\/global-ecology-working-group\/#primaryimage\"},\"image\":{\"@id\":\"https:\/\/www.globacademy.org\/en\/global-ecology-working-group\/#primaryimage\"},\"thumbnailUrl\":\"https:\/\/www.globacademy.org\/wp-content\/uploads\/2022\/03\/Nesrin-Algan.jpg\",\"datePublished\":\"2025-11-16T04:59:03+00:00\",\"dateModified\":\"2026-03-27T18:57:40+00:00\",\"breadcrumb\":{\"@id\":\"https:\/\/www.globacademy.org\/en\/global-ecology-working-group\/#breadcrumb\"},\"inLanguage\":\"en-US\",\"potentialAction\":[{\"@type\":\"ReadAction\",\"target\":[\"https:\/\/www.globacademy.org\/en\/global-ecology-working-group\/\"]}]},{\"@type\":\"ImageObject\",\"inLanguage\":\"en-US\",\"@id\":\"https:\/\/www.globacademy.org\/en\/global-ecology-working-group\/#primaryimage\",\"url\":\"https:\/\/www.globacademy.org\/wp-content\/uploads\/2022\/03\/Nesrin-Algan.jpg\",\"contentUrl\":\"https:\/\/www.globacademy.org\/wp-content\/uploads\/2022\/03\/Nesrin-Algan.jpg\"},{\"@type\":\"BreadcrumbList\",\"@id\":\"https:\/\/www.globacademy.org\/en\/global-ecology-working-group\/#breadcrumb\",\"itemListElement\":[{\"@type\":\"ListItem\",\"position\":1,\"name\":\"Anasayfa\",\"item\":\"https:\/\/www.globacademy.org\/en\/\"},{\"@type\":\"ListItem\",\"position\":2,\"name\":\"Global Ecology Working Group\"}]},{\"@type\":\"WebSite\",\"@id\":\"https:\/\/www.globacademy.org\/#website\",\"url\":\"https:\/\/www.globacademy.org\/\",\"name\":\"Global Academy\",\"description\":\"Global Academy\",\"potentialAction\":[{\"@type\":\"SearchAction\",\"target\":{\"@type\":\"EntryPoint\",\"urlTemplate\":\"https:\/\/www.globacademy.org\/?s={search_term_string}\"},\"query-input\":{\"@type\":\"PropertyValueSpecification\",\"valueRequired\":true,\"valueName\":\"search_term_string\"}}],\"inLanguage\":\"en-US\"}]}<\/script>\n<!-- \/ Yoast SEO plugin. -->","yoast_head_json":{"title":"Global Ecology Working Group - Global Academy","robots":{"index":"index","follow":"follow","max-snippet":"max-snippet:-1","max-image-preview":"max-image-preview:large","max-video-preview":"max-video-preview:-1"},"canonical":"https:\/\/www.globacademy.org\/en\/global-ecology-working-group\/","og_locale":"en_US","og_type":"article","og_title":"Global Ecology Working Group - Global Academy","og_description":"The GA Research Hub on Environment Policies and Ecologic Security was established to examine the political, economic, and societal dimensions of environmental degradation and ecological change. Its research focuses on a wide range of topics related to the environment and natural resources, including sustainability, climate change, pollution, biodiversity, agricultural production and food security, transformations in [&hellip;]","og_url":"https:\/\/www.globacademy.org\/en\/global-ecology-working-group\/","og_site_name":"Global Academy","article_modified_time":"2026-03-27T18:57:40+00:00","og_image":[{"width":773,"height":773,"url":"https:\/\/www.globacademy.org\/wp-content\/uploads\/2022\/03\/Nesrin-Algan.jpg","type":"image\/jpeg"}],"twitter_card":"summary_large_image","twitter_misc":{"Est. reading time":"4 minutes"},"schema":{"@context":"https:\/\/schema.org","@graph":[{"@type":"WebPage","@id":"https:\/\/www.globacademy.org\/en\/global-ecology-working-group\/","url":"https:\/\/www.globacademy.org\/en\/global-ecology-working-group\/","name":"Global Ecology Working Group - Global Academy","isPartOf":{"@id":"https:\/\/www.globacademy.org\/#website"},"primaryImageOfPage":{"@id":"https:\/\/www.globacademy.org\/en\/global-ecology-working-group\/#primaryimage"},"image":{"@id":"https:\/\/www.globacademy.org\/en\/global-ecology-working-group\/#primaryimage"},"thumbnailUrl":"https:\/\/www.globacademy.org\/wp-content\/uploads\/2022\/03\/Nesrin-Algan.jpg","datePublished":"2025-11-16T04:59:03+00:00","dateModified":"2026-03-27T18:57:40+00:00","breadcrumb":{"@id":"https:\/\/www.globacademy.org\/en\/global-ecology-working-group\/#breadcrumb"},"inLanguage":"en-US","potentialAction":[{"@type":"ReadAction","target":["https:\/\/www.globacademy.org\/en\/global-ecology-working-group\/"]}]},{"@type":"ImageObject","inLanguage":"en-US","@id":"https:\/\/www.globacademy.org\/en\/global-ecology-working-group\/#primaryimage","url":"https:\/\/www.globacademy.org\/wp-content\/uploads\/2022\/03\/Nesrin-Algan.jpg","contentUrl":"https:\/\/www.globacademy.org\/wp-content\/uploads\/2022\/03\/Nesrin-Algan.jpg"},{"@type":"BreadcrumbList","@id":"https:\/\/www.globacademy.org\/en\/global-ecology-working-group\/#breadcrumb","itemListElement":[{"@type":"ListItem","position":1,"name":"Anasayfa","item":"https:\/\/www.globacademy.org\/en\/"},{"@type":"ListItem","position":2,"name":"Global Ecology Working Group"}]},{"@type":"WebSite","@id":"https:\/\/www.globacademy.org\/#website","url":"https:\/\/www.globacademy.org\/","name":"Global Academy","description":"Global Academy","potentialAction":[{"@type":"SearchAction","target":{"@type":"EntryPoint","urlTemplate":"https:\/\/www.globacademy.org\/?s={search_term_string}"},"query-input":{"@type":"PropertyValueSpecification","valueRequired":true,"valueName":"search_term_string"}}],"inLanguage":"en-US"}]}},"_links":{"self":[{"href":"https:\/\/www.globacademy.org\/en\/wp-json\/wp\/v2\/pages\/48100"}],"collection":[{"href":"https:\/\/www.globacademy.org\/en\/wp-json\/wp\/v2\/pages"}],"about":[{"href":"https:\/\/www.globacademy.org\/en\/wp-json\/wp\/v2\/types\/page"}],"author":[{"embeddable":true,"href":"https:\/\/www.globacademy.org\/en\/wp-json\/wp\/v2\/users\/23"}],"replies":[{"embeddable":true,"href":"https:\/\/www.globacademy.org\/en\/wp-json\/wp\/v2\/comments?post=48100"}],"version-history":[{"count":15,"href":"https:\/\/www.globacademy.org\/en\/wp-json\/wp\/v2\/pages\/48100\/revisions"}],"predecessor-version":[{"id":48933,"href":"https:\/\/www.globacademy.org\/en\/wp-json\/wp\/v2\/pages\/48100\/revisions\/48933"}],"wp:attachment":[{"href":"https:\/\/www.globacademy.org\/en\/wp-json\/wp\/v2\/media?parent=48100"}],"curies":[{"name":"wp","href":"https:\/\/api.w.org\/{rel}","templated":true}]}}