{"id":48080,"date":"2025-11-11T14:15:49","date_gmt":"2025-11-11T14:15:49","guid":{"rendered":"https:\/\/www.globacademy.org\/?page_id=48080"},"modified":"2026-01-21T07:29:06","modified_gmt":"2026-01-21T07:29:06","slug":"defence-and-security-technologies-research-hub","status":"publish","type":"page","link":"https:\/\/www.globacademy.org\/en\/defence-and-security-technologies-research-hub\/","title":{"rendered":"Defence and Security Technologies Research Hub"},"content":{"rendered":"\n<p>Technological breakthroughs are rapidly changing the global landscape, transforming relations, and shifting the balances between and among state and non-state actors. These innovations, while offering unprecedented opportunities, also present considerable risks and uncertainties, influencing defence and security perceptions, behavior, postures, and policies of all actors.<\/p>\n\n\n\n<p><\/p>\n\n\n\n<p>It is against this background that the Defence and Security Technologies Research Hub (DST-Hub) was created to focus on the study and analysis of technologies and innovations that impact the defence and security domains. One such area of change is the Emerging Disruptive Technologies (EDTs), whose inherent challenges, such as their dual-use nature, intangible qualities, and technical complexities and peculiarities, will be scrutinized. The real-world application and implications of EDTs will also be examined through their employment and outcomes in past and ongoing confrontations.<\/p>\n\n\n\n<p><\/p>\n\n\n\n<p>A parallel focus of the DST-Hub will be the implications of technological progress and innovations for defence industries. Ongoing and anticipated shifts in defense, industrial, and manufacturing capacities, processes, and approaches would be analyzed and debated with an eye to deciphering the complex and controversial implications surrounding most technological breakthroughs and significant innovations. Finally, the constant interaction between evolving technologies on the one hand and the conduct and perception of modern warfare on the other will be assessed, focusing on identifying the extent and the nature of the constant change in land, naval, air, cyber, and space warfare.<\/p>\n\n\n\n<p><\/p>\n\n\n\n<p><strong>Focus Areas:<\/strong><\/p>\n\n\n\n<ul class=\"wp-block-list\">\n<li>Technology and the transformation of war<\/li>\n\n\n\n<li>Emerging Disruptive Technologies<\/li>\n\n\n\n<li>Defence Industries<\/li>\n\n\n\n<li>Defence Supply Chains<\/li>\n\n\n\n<li>Critical Infrastructure Security<\/li>\n<\/ul>\n\n\n\n<p><\/p>\n\n\n\n<p><strong>Coordinators<\/strong>: Dr. S\u0131tk\u0131 Egeli, Arda Mevl\u00fcto\u011flu, Dr. Nil Dikmengil<\/p>\n\n\n\n<p><\/p>\n\n\n\n<p><strong>Related Content:<\/strong><\/p>\n\n\n\n<p><a href=\"https:\/\/www.globacademy.org\/guvenlik-akademisi-anasayfa\/\">Security Academy XX<\/a><\/p>\n\n\n\n<ul class=\"wp-block-list\">\n<li><a href=\"https:\/\/www.globalpanorama.org\/2022\/09\/uk-ru\/\">Rusya-Ukrayna Sava\u015f\u0131\u2019nda Kullan\u0131lan Yeni ve Bozucu Teknolojiler \u2013 S\u0131tk\u0131 Egeli<\/a><\/li>\n\n\n\n<li><a href=\"https:\/\/trguvenlikportali.com\/wp-content\/uploads\/2020\/03\/HipersonikSilahlar_SitkiEgeli_v.2.pdf\">Hayaldi, Ger\u00e7ek Oldu! Hipersonik Silahlar \u2013 S\u0131tk\u0131 Egeli<\/a><\/li>\n\n\n\n<li><a href=\"https:\/\/www.globalpanorama.org\/2020\/11\/2020-daglik-karabag-savasina-dair-askeri-stratejik-gozlemler\/\">2020 Da\u011fl\u0131k Karaba\u011f Sava\u015f\u0131\u2019na Dair Askeri-Stratejik G\u00f6zlemler \u2013 Arda Mevl\u00fcto\u011flu<\/a><\/li>\n\n\n\n<li><a href=\"https:\/\/www.globalpanorama.org\/2024\/08\/celik-fc\/\">\u201c\u00c7elik Kubbe\u201dnin Kemerleri \u0130n\u015fa Edilirken \u2013 Fatih Ceylan<\/a><\/li>\n\n\n\n<li><a href=\"https:\/\/www.globalpanorama.org\/2025\/09\/israilin-dahiya-doktrinini-yapay-zeka-destekli-sistemlerle-evrimlestirmesi-emine-celik\/\">\u0130srail\u2019in Dahiya Doktrinini Yapay Zek\u00e2 Destekli Sistemlerle Evrimle\u015ftirmesi \u2013 Emine \u00c7elik<\/a><\/li>\n\n\n\n<li><a href=\"https:\/\/www.globalpanorama.org\/2025\/07\/savas-alaninda-yapay-zeka-destekli-sistemlerin-kullanilmasi-israil-ornegi\/\">Sava\u015f Alan\u0131nda Yapay Zek\u00e2 Destekli Sistemlerin Kullan\u0131lmas\u0131: \u0130srail \u00d6rne\u011fi[1] \u2013 Polat \u00dcr\u00fcnd\u00fcl<\/a><\/li>\n\n\n\n<li><a href=\"https:\/\/www.globalpanorama.org\/2024\/10\/siber-saldiri-ec\/\">Siber Sald\u0131r\u0131lar\u0131n Y\u0131k\u0131c\u0131l\u0131\u011f\u0131: L\u00fcbnan\u2019da Ya\u015fan\u0131lan Siber Sald\u0131r\u0131 \u2013 Emine \u00c7elik<\/a><\/li>\n\n\n\n<li><a href=\"https:\/\/www.globalpanorama.org\/2024\/04\/yapay-zeka\/\">Yapay Zek\u00e2, Kuantum Bilgisayarlar ve Uluslararas\u0131 G\u00fcvenlik \u2013 Kerem Kara\u00e7ay<\/a><\/li>\n\n\n\n<li><a href=\"https:\/\/www.globalpanorama.org\/2024\/03\/mmu-kaan\/\">MMU KAAN: \u201cHavadaki Kurtulu\u015f Sava\u015f\u0131m\u0131z\u201d \u2013 Mehmet Ali Tu\u011ftan<\/a><\/li>\n\n\n\n<li><a href=\"https:\/\/www.globalpanorama.org\/en\/2025\/08\/generative-ai-is-reshaping-industry-where-should-turkey-stand-mehmet-ogutcu\/\">Generative AI is Reshaping Industry: Where Should Turkey Stand? \u2013 Mehmet \u00d6\u011f\u00fct\u00e7\u00fc<\/a><\/li>\n\n\n\n<li><a href=\"https:\/\/www.globalpanorama.org\/en\/2023\/12\/drones-of-august-ai-and-the-prospects-of-accidental-war-mehmet-ali-tugtan\/\">\u201cDrones of August\u201d: AI and the Prospects of Accidental War \u2013 Mehmet Ali Tu\u011ftan<\/a><\/li>\n\n\n\n<li><a href=\"https:\/\/www.globacademy.org\/seyir-fuzeleri-nedir-nasil-calisir-nasil-durdurulur\/\">Seyir F\u00fczeleri: Nedir? Nas\u0131l \u00c7al\u0131\u015f\u0131r? Nas\u0131l Durdurulur? \u2013 S\u0131tk\u0131 Egeli<\/a> <\/li>\n\n\n\n<li><a href=\"https:\/\/www.globalpanorama.org\/2025\/11\/avrupanin-dron-sinavi-caydiricilik-maliyet-ve-yeni-guvenlik-mimarisi-karel-valansi\/\">Avrupa\u2019n\u0131n Dron S\u0131nav\u0131: Cayd\u0131r\u0131c\u0131l\u0131k, Maliyet ve Yeni G\u00fcvenlik Mimarisi&nbsp;\u2013 Karel Valansi<\/a><\/li>\n<\/ul>\n\n\n\n<p><\/p>\n\n\n\n<h4 class=\"wp-block-heading\">Group Members<\/h4>\n\n\n\n<div class=\"wp-block-columns is-layout-flex wp-container-core-columns-is-layout-1 wp-block-columns-is-layout-flex\">\n<div class=\"wp-block-column is-layout-flow wp-block-column-is-layout-flow\">\n<figure class=\"wp-block-image size-full\"><a href=\"https:\/\/www.globacademy.org\/en\/sitki-egeli\/\"><img decoding=\"async\" width=\"200\" height=\"225\" src=\"https:\/\/www.globacademy.org\/wp-content\/uploads\/2025\/11\/Sitki-Egeli.jpeg\" alt=\"\" class=\"wp-image-48075\"\/><\/a><figcaption class=\"wp-element-caption\">Dr. S\u0131tk\u0131 Egeli<br><em>Coordinator<\/em><\/figcaption><\/figure>\n<\/div>\n\n\n\n<div class=\"wp-block-column is-layout-flow wp-block-column-is-layout-flow\">\n<figure class=\"wp-block-image size-full is-resized\"><a href=\"https:\/\/www.globacademy.org\/en\/arda-mevlutoglu\/\"><img decoding=\"async\" width=\"800\" height=\"808\" src=\"https:\/\/www.globacademy.org\/wp-content\/uploads\/2025\/11\/Arda-Mevlutoglu.jpg\" alt=\"\" class=\"wp-image-48064\" style=\"width:220px;height:auto\" srcset=\"https:\/\/www.globacademy.org\/wp-content\/uploads\/2025\/11\/Arda-Mevlutoglu.jpg 800w, https:\/\/www.globacademy.org\/wp-content\/uploads\/2025\/11\/Arda-Mevlutoglu-297x300.jpg 297w, https:\/\/www.globacademy.org\/wp-content\/uploads\/2025\/11\/Arda-Mevlutoglu-768x776.jpg 768w\" sizes=\"(max-width: 800px) 100vw, 800px\" \/><\/a><figcaption class=\"wp-element-caption\">Arda Mevl\u00fcto\u011flu<br><em>Coordinator<\/em><\/figcaption><\/figure>\n<\/div>\n\n\n\n<div class=\"wp-block-column is-layout-flow wp-block-column-is-layout-flow\">\n<figure class=\"wp-block-image size-full\"><a href=\"https:\/\/www.globacademy.org\/en\/nil-dikmengil\/\"><img decoding=\"async\" width=\"200\" height=\"225\" src=\"https:\/\/www.globacademy.org\/wp-content\/uploads\/2025\/11\/Nil-Dikmengil-1.jpeg\" alt=\"\" class=\"wp-image-48077\"\/><\/a><figcaption class=\"wp-element-caption\">Dr. Nil Dikmengil<br><em>Coordinator<\/em><\/figcaption><\/figure>\n<\/div>\n<\/div>\n\n\n\n<div class=\"wp-block-columns is-layout-flex wp-container-core-columns-is-layout-2 wp-block-columns-is-layout-flex\">\n<div class=\"wp-block-column is-layout-flow wp-block-column-is-layout-flow\">\n<figure class=\"wp-block-image size-full is-resized\"><a href=\"https:\/\/www.globacademy.org\/en\/serhat-guvenc\/\"><img decoding=\"async\" width=\"628\" height=\"705\" src=\"https:\/\/www.globacademy.org\/wp-content\/uploads\/2025\/11\/Serhat-Guvenc.jpg\" alt=\"\" class=\"wp-image-48122\" style=\"width:195px;height:auto\" srcset=\"https:\/\/www.globacademy.org\/wp-content\/uploads\/2025\/11\/Serhat-Guvenc.jpg 628w, https:\/\/www.globacademy.org\/wp-content\/uploads\/2025\/11\/Serhat-Guvenc-267x300.jpg 267w\" sizes=\"(max-width: 628px) 100vw, 628px\" \/><\/a><figcaption class=\"wp-element-caption\">Dr. Serhat G\u00fcven\u00e7<\/figcaption><\/figure>\n<\/div>\n\n\n\n<div class=\"wp-block-column is-layout-flow wp-block-column-is-layout-flow\">\n<figure class=\"wp-block-image size-full is-resized\"><a href=\"https:\/\/www.globacademy.org\/en\/caglar-kurc\/\"><img decoding=\"async\" width=\"307\" height=\"307\" src=\"https:\/\/www.globacademy.org\/wp-content\/uploads\/2025\/11\/Caglar-Kurc.png\" alt=\"\" class=\"wp-image-48124\" style=\"width:219px;height:auto\" srcset=\"https:\/\/www.globacademy.org\/wp-content\/uploads\/2025\/11\/Caglar-Kurc.png 307w, https:\/\/www.globacademy.org\/wp-content\/uploads\/2025\/11\/Caglar-Kurc-300x300.png 300w, https:\/\/www.globacademy.org\/wp-content\/uploads\/2025\/11\/Caglar-Kurc-150x150.png 150w\" sizes=\"(max-width: 307px) 100vw, 307px\" \/><\/a><figcaption class=\"wp-element-caption\">Dr. \u00c7a\u011flar Kur\u00e7<\/figcaption><\/figure>\n<\/div>\n\n\n\n<div class=\"wp-block-column is-layout-flow wp-block-column-is-layout-flow\">\n<figure class=\"wp-block-image size-large is-resized\"><a href=\"https:\/\/www.globacademy.org\/en\/zeynep-sartepe\/\"><img decoding=\"async\" width=\"768\" height=\"1024\" src=\"https:\/\/www.globacademy.org\/wp-content\/uploads\/2025\/11\/Zeynep-Sartepe-768x1024.jpg\" alt=\"\" class=\"wp-image-48261\" style=\"width:163px;height:auto\" srcset=\"https:\/\/www.globacademy.org\/wp-content\/uploads\/2025\/11\/Zeynep-Sartepe-768x1024.jpg 768w, https:\/\/www.globacademy.org\/wp-content\/uploads\/2025\/11\/Zeynep-Sartepe-225x300.jpg 225w, https:\/\/www.globacademy.org\/wp-content\/uploads\/2025\/11\/Zeynep-Sartepe-1152x1536.jpg 1152w, https:\/\/www.globacademy.org\/wp-content\/uploads\/2025\/11\/Zeynep-Sartepe.jpg 1536w\" sizes=\"(max-width: 768px) 100vw, 768px\" \/><\/a><figcaption class=\"wp-element-caption\">Dr. Zeynep \u015eartepe<\/figcaption><\/figure>\n<\/div>\n<\/div>\n\n\n\n<p><\/p>\n","protected":false},"excerpt":{"rendered":"<p>Technological breakthroughs are rapidly changing the global landscape, transforming relations, and shifting the balances between and among state and non-state actors. These innovations, while offering unprecedented opportunities, also present considerable risks and uncertainties, influencing defence and security perceptions, behavior, postures, and policies of all actors. It is against this background that the Defence and Security [&hellip;]<\/p>\n","protected":false},"author":23,"featured_media":0,"parent":0,"menu_order":0,"comment_status":"closed","ping_status":"closed","template":"","meta":{"_acf_changed":false,"footnotes":""},"class_list":["post-48080","page","type-page","status-publish","hentry"],"acf":[],"yoast_head":"<!-- This site is optimized with the Yoast SEO plugin v23.7 - https:\/\/yoast.com\/wordpress\/plugins\/seo\/ -->\n<title>Defence and Security Technologies Research Hub - Global Academy<\/title>\n<meta name=\"robots\" content=\"index, follow, max-snippet:-1, max-image-preview:large, max-video-preview:-1\" \/>\n<link rel=\"canonical\" href=\"https:\/\/www.globacademy.org\/en\/defence-and-security-technologies-research-hub\/\" \/>\n<meta property=\"og:locale\" content=\"en_US\" \/>\n<meta property=\"og:type\" content=\"article\" \/>\n<meta property=\"og:title\" content=\"Defence and Security Technologies Research Hub - Global Academy\" \/>\n<meta property=\"og:description\" content=\"Technological breakthroughs are rapidly changing the global landscape, transforming relations, and shifting the balances between and among state and non-state actors. These innovations, while offering unprecedented opportunities, also present considerable risks and uncertainties, influencing defence and security perceptions, behavior, postures, and policies of all actors. It is against this background that the Defence and Security [&hellip;]\" \/>\n<meta property=\"og:url\" content=\"https:\/\/www.globacademy.org\/en\/defence-and-security-technologies-research-hub\/\" \/>\n<meta property=\"og:site_name\" content=\"Global Academy\" \/>\n<meta property=\"article:modified_time\" content=\"2026-01-21T07:29:06+00:00\" \/>\n<meta property=\"og:image\" content=\"https:\/\/www.globacademy.org\/wp-content\/uploads\/2025\/11\/Sitki-Egeli.jpeg\" \/>\n\t<meta property=\"og:image:width\" content=\"200\" \/>\n\t<meta property=\"og:image:height\" content=\"225\" \/>\n\t<meta property=\"og:image:type\" content=\"image\/jpeg\" \/>\n<meta name=\"twitter:card\" content=\"summary_large_image\" \/>\n<meta name=\"twitter:label1\" content=\"Est. reading time\" \/>\n\t<meta name=\"twitter:data1\" content=\"3 minutes\" \/>\n<script type=\"application\/ld+json\" class=\"yoast-schema-graph\">{\"@context\":\"https:\/\/schema.org\",\"@graph\":[{\"@type\":\"WebPage\",\"@id\":\"https:\/\/www.globacademy.org\/en\/defence-and-security-technologies-research-hub\/\",\"url\":\"https:\/\/www.globacademy.org\/en\/defence-and-security-technologies-research-hub\/\",\"name\":\"Defence and Security Technologies Research Hub - Global Academy\",\"isPartOf\":{\"@id\":\"https:\/\/www.globacademy.org\/#website\"},\"primaryImageOfPage\":{\"@id\":\"https:\/\/www.globacademy.org\/en\/defence-and-security-technologies-research-hub\/#primaryimage\"},\"image\":{\"@id\":\"https:\/\/www.globacademy.org\/en\/defence-and-security-technologies-research-hub\/#primaryimage\"},\"thumbnailUrl\":\"https:\/\/www.globacademy.org\/wp-content\/uploads\/2025\/11\/Sitki-Egeli.jpeg\",\"datePublished\":\"2025-11-11T14:15:49+00:00\",\"dateModified\":\"2026-01-21T07:29:06+00:00\",\"breadcrumb\":{\"@id\":\"https:\/\/www.globacademy.org\/en\/defence-and-security-technologies-research-hub\/#breadcrumb\"},\"inLanguage\":\"en-US\",\"potentialAction\":[{\"@type\":\"ReadAction\",\"target\":[\"https:\/\/www.globacademy.org\/en\/defence-and-security-technologies-research-hub\/\"]}]},{\"@type\":\"ImageObject\",\"inLanguage\":\"en-US\",\"@id\":\"https:\/\/www.globacademy.org\/en\/defence-and-security-technologies-research-hub\/#primaryimage\",\"url\":\"https:\/\/www.globacademy.org\/wp-content\/uploads\/2025\/11\/Sitki-Egeli.jpeg\",\"contentUrl\":\"https:\/\/www.globacademy.org\/wp-content\/uploads\/2025\/11\/Sitki-Egeli.jpeg\"},{\"@type\":\"BreadcrumbList\",\"@id\":\"https:\/\/www.globacademy.org\/en\/defence-and-security-technologies-research-hub\/#breadcrumb\",\"itemListElement\":[{\"@type\":\"ListItem\",\"position\":1,\"name\":\"Anasayfa\",\"item\":\"https:\/\/www.globacademy.org\/en\/\"},{\"@type\":\"ListItem\",\"position\":2,\"name\":\"Defence and Security Technologies Research Hub\"}]},{\"@type\":\"WebSite\",\"@id\":\"https:\/\/www.globacademy.org\/#website\",\"url\":\"https:\/\/www.globacademy.org\/\",\"name\":\"Global Academy\",\"description\":\"Global Academy\",\"potentialAction\":[{\"@type\":\"SearchAction\",\"target\":{\"@type\":\"EntryPoint\",\"urlTemplate\":\"https:\/\/www.globacademy.org\/?s={search_term_string}\"},\"query-input\":{\"@type\":\"PropertyValueSpecification\",\"valueRequired\":true,\"valueName\":\"search_term_string\"}}],\"inLanguage\":\"en-US\"}]}<\/script>\n<!-- \/ Yoast SEO plugin. -->","yoast_head_json":{"title":"Defence and Security Technologies Research Hub - Global Academy","robots":{"index":"index","follow":"follow","max-snippet":"max-snippet:-1","max-image-preview":"max-image-preview:large","max-video-preview":"max-video-preview:-1"},"canonical":"https:\/\/www.globacademy.org\/en\/defence-and-security-technologies-research-hub\/","og_locale":"en_US","og_type":"article","og_title":"Defence and Security Technologies Research Hub - Global Academy","og_description":"Technological breakthroughs are rapidly changing the global landscape, transforming relations, and shifting the balances between and among state and non-state actors. These innovations, while offering unprecedented opportunities, also present considerable risks and uncertainties, influencing defence and security perceptions, behavior, postures, and policies of all actors. It is against this background that the Defence and Security [&hellip;]","og_url":"https:\/\/www.globacademy.org\/en\/defence-and-security-technologies-research-hub\/","og_site_name":"Global Academy","article_modified_time":"2026-01-21T07:29:06+00:00","og_image":[{"width":200,"height":225,"url":"https:\/\/www.globacademy.org\/wp-content\/uploads\/2025\/11\/Sitki-Egeli.jpeg","type":"image\/jpeg"}],"twitter_card":"summary_large_image","twitter_misc":{"Est. reading time":"3 minutes"},"schema":{"@context":"https:\/\/schema.org","@graph":[{"@type":"WebPage","@id":"https:\/\/www.globacademy.org\/en\/defence-and-security-technologies-research-hub\/","url":"https:\/\/www.globacademy.org\/en\/defence-and-security-technologies-research-hub\/","name":"Defence and Security Technologies Research Hub - Global Academy","isPartOf":{"@id":"https:\/\/www.globacademy.org\/#website"},"primaryImageOfPage":{"@id":"https:\/\/www.globacademy.org\/en\/defence-and-security-technologies-research-hub\/#primaryimage"},"image":{"@id":"https:\/\/www.globacademy.org\/en\/defence-and-security-technologies-research-hub\/#primaryimage"},"thumbnailUrl":"https:\/\/www.globacademy.org\/wp-content\/uploads\/2025\/11\/Sitki-Egeli.jpeg","datePublished":"2025-11-11T14:15:49+00:00","dateModified":"2026-01-21T07:29:06+00:00","breadcrumb":{"@id":"https:\/\/www.globacademy.org\/en\/defence-and-security-technologies-research-hub\/#breadcrumb"},"inLanguage":"en-US","potentialAction":[{"@type":"ReadAction","target":["https:\/\/www.globacademy.org\/en\/defence-and-security-technologies-research-hub\/"]}]},{"@type":"ImageObject","inLanguage":"en-US","@id":"https:\/\/www.globacademy.org\/en\/defence-and-security-technologies-research-hub\/#primaryimage","url":"https:\/\/www.globacademy.org\/wp-content\/uploads\/2025\/11\/Sitki-Egeli.jpeg","contentUrl":"https:\/\/www.globacademy.org\/wp-content\/uploads\/2025\/11\/Sitki-Egeli.jpeg"},{"@type":"BreadcrumbList","@id":"https:\/\/www.globacademy.org\/en\/defence-and-security-technologies-research-hub\/#breadcrumb","itemListElement":[{"@type":"ListItem","position":1,"name":"Anasayfa","item":"https:\/\/www.globacademy.org\/en\/"},{"@type":"ListItem","position":2,"name":"Defence and Security Technologies Research Hub"}]},{"@type":"WebSite","@id":"https:\/\/www.globacademy.org\/#website","url":"https:\/\/www.globacademy.org\/","name":"Global Academy","description":"Global Academy","potentialAction":[{"@type":"SearchAction","target":{"@type":"EntryPoint","urlTemplate":"https:\/\/www.globacademy.org\/?s={search_term_string}"},"query-input":{"@type":"PropertyValueSpecification","valueRequired":true,"valueName":"search_term_string"}}],"inLanguage":"en-US"}]}},"_links":{"self":[{"href":"https:\/\/www.globacademy.org\/en\/wp-json\/wp\/v2\/pages\/48080"}],"collection":[{"href":"https:\/\/www.globacademy.org\/en\/wp-json\/wp\/v2\/pages"}],"about":[{"href":"https:\/\/www.globacademy.org\/en\/wp-json\/wp\/v2\/types\/page"}],"author":[{"embeddable":true,"href":"https:\/\/www.globacademy.org\/en\/wp-json\/wp\/v2\/users\/23"}],"replies":[{"embeddable":true,"href":"https:\/\/www.globacademy.org\/en\/wp-json\/wp\/v2\/comments?post=48080"}],"version-history":[{"count":12,"href":"https:\/\/www.globacademy.org\/en\/wp-json\/wp\/v2\/pages\/48080\/revisions"}],"predecessor-version":[{"id":48569,"href":"https:\/\/www.globacademy.org\/en\/wp-json\/wp\/v2\/pages\/48080\/revisions\/48569"}],"wp:attachment":[{"href":"https:\/\/www.globacademy.org\/en\/wp-json\/wp\/v2\/media?parent=48080"}],"curies":[{"name":"wp","href":"https:\/\/api.w.org\/{rel}","templated":true}]}}