{"id":47895,"date":"2025-10-11T09:57:50","date_gmt":"2025-10-11T09:57:50","guid":{"rendered":"https:\/\/www.globacademy.org\/?page_id=47895"},"modified":"2026-03-14T18:16:48","modified_gmt":"2026-03-14T18:16:48","slug":"political-psychology-research-hub","status":"publish","type":"page","link":"https:\/\/www.globacademy.org\/en\/political-psychology-research-hub\/","title":{"rendered":"Political Psychology Research Hub"},"content":{"rendered":"\n<p>The Political Psychology Research Hub is a specialized initiative under the Global Academy, dedicated to integrating Ontological Security Theory (OST) with political psychology to systematically explore the role of emotions in foreign-policy and security discourses. The Hub\u2019s research agenda focuses on themes such as state identity and narratives, securitization, collective memory, trauma, and the emotional, social, and material anchors of identity. Methodologically, it employs Emotion Discourse Analysis (EDA), content analysis, and mixed qualitative\u2013quantitative approaches to uncover emotional patterns embedded in political language and decision-making.<\/p>\n\n\n\n<p><\/p>\n\n\n\n<p>Beyond its analytical contributions, the Hub prioritizes policy-oriented outputs through the preparation of policy papers and briefs, the organization of targeted workshops, and the development of practical tools that help policymakers recognize and manage emotions in foreign-policy and security contexts.<\/p>\n\n\n\n<p><br>Findings will be regularly disseminated through a concise monthly analytical note.<\/p>\n\n\n\n<p><\/p>\n\n\n\n<p><strong>Focus Areas:<\/strong><\/p>\n\n\n\n<ol class=\"wp-block-list\">\n<li>Emotions and Ontological Security in Foreign Policy<\/li>\n\n\n\n<li>Memory, Trauma, and Collective Narratives<\/li>\n\n\n\n<li>Emotional Governance and Decision-Making in Crises<\/li>\n<\/ol>\n\n\n\n<p><\/p>\n\n\n\n<p><strong>Related Content<\/strong><\/p>\n\n\n\n<div class=\"wp-block-columns is-layout-flex wp-container-core-columns-is-layout-1 wp-block-columns-is-layout-flex\">\n<div class=\"wp-block-column is-layout-flow wp-block-column-is-layout-flow\">\n<figure class=\"wp-block-image size-large\"><a href=\"https:\/\/www.globacademy.org\/en\/politik-psikoloji-arastirma-grubu-analizler\/\"><img decoding=\"async\" width=\"1024\" height=\"576\" src=\"https:\/\/www.globacademy.org\/wp-content\/uploads\/2026\/02\/8-1024x576.png\" alt=\"\" class=\"wp-image-48784\" srcset=\"https:\/\/www.globacademy.org\/wp-content\/uploads\/2026\/02\/8-1024x576.png 1024w, https:\/\/www.globacademy.org\/wp-content\/uploads\/2026\/02\/8-300x169.png 300w, https:\/\/www.globacademy.org\/wp-content\/uploads\/2026\/02\/8-768x432.png 768w, https:\/\/www.globacademy.org\/wp-content\/uploads\/2026\/02\/8-1536x864.png 1536w, https:\/\/www.globacademy.org\/wp-content\/uploads\/2026\/02\/8.png 1600w\" sizes=\"(max-width: 1024px) 100vw, 1024px\" \/><\/a><\/figure>\n<\/div>\n\n\n\n<div class=\"wp-block-column is-layout-flow wp-block-column-is-layout-flow\">\n<figure class=\"wp-block-image size-large\"><a href=\"https:\/\/www.globacademy.org\/en\/politik-psikoloji-arastirma-grubu-gorus-yazilari\/\"><img decoding=\"async\" width=\"1024\" height=\"576\" src=\"https:\/\/www.globacademy.org\/wp-content\/uploads\/2026\/02\/6-2-1024x576.png\" alt=\"\" class=\"wp-image-48786\" srcset=\"https:\/\/www.globacademy.org\/wp-content\/uploads\/2026\/02\/6-2-1024x576.png 1024w, https:\/\/www.globacademy.org\/wp-content\/uploads\/2026\/02\/6-2-300x169.png 300w, https:\/\/www.globacademy.org\/wp-content\/uploads\/2026\/02\/6-2-768x432.png 768w, https:\/\/www.globacademy.org\/wp-content\/uploads\/2026\/02\/6-2-1536x864.png 1536w, https:\/\/www.globacademy.org\/wp-content\/uploads\/2026\/02\/6-2.png 1600w\" sizes=\"(max-width: 1024px) 100vw, 1024px\" \/><\/a><\/figure>\n<\/div>\n\n\n\n<div class=\"wp-block-column is-layout-flow wp-block-column-is-layout-flow\">\n<figure class=\"wp-block-image size-large\"><a href=\"https:\/\/www.globacademy.org\/en\/politik-psikoloji-arastirma-grubu-podcastler\/\"><img decoding=\"async\" width=\"1024\" height=\"576\" src=\"https:\/\/www.globacademy.org\/wp-content\/uploads\/2026\/02\/10-1024x576.png\" alt=\"\" class=\"wp-image-48782\" srcset=\"https:\/\/www.globacademy.org\/wp-content\/uploads\/2026\/02\/10-1024x576.png 1024w, https:\/\/www.globacademy.org\/wp-content\/uploads\/2026\/02\/10-300x169.png 300w, https:\/\/www.globacademy.org\/wp-content\/uploads\/2026\/02\/10-768x432.png 768w, https:\/\/www.globacademy.org\/wp-content\/uploads\/2026\/02\/10-1536x864.png 1536w, https:\/\/www.globacademy.org\/wp-content\/uploads\/2026\/02\/10.png 1600w\" sizes=\"(max-width: 1024px) 100vw, 1024px\" \/><\/a><\/figure>\n<\/div>\n<\/div>\n\n\n\n<h4 class=\"wp-block-heading\" id=\"h-coordinators\">Group Members<\/h4>\n\n\n\n<div class=\"wp-block-columns is-layout-flex wp-container-core-columns-is-layout-2 wp-block-columns-is-layout-flex\">\n<div class=\"wp-block-column is-layout-flow wp-block-column-is-layout-flow\">\n<figure class=\"wp-block-image size-full is-resized\"><a href=\"https:\/\/www.globacademy.org\/en\/bahar-rumelili\/\"><img decoding=\"async\" width=\"452\" height=\"678\" src=\"https:\/\/www.globacademy.org\/wp-content\/uploads\/2025\/11\/Bahar-Rumelili.webp\" alt=\"\" class=\"wp-image-48272\" style=\"width:183px;height:auto\" srcset=\"https:\/\/www.globacademy.org\/wp-content\/uploads\/2025\/11\/Bahar-Rumelili.webp 452w, https:\/\/www.globacademy.org\/wp-content\/uploads\/2025\/11\/Bahar-Rumelili-200x300.webp 200w\" sizes=\"(max-width: 452px) 100vw, 452px\" \/><\/a><figcaption class=\"wp-element-caption\">Dr. Bahar Rumelili<br><em>Expert Adviser<\/em><\/figcaption><\/figure>\n<\/div>\n\n\n\n<div class=\"wp-block-column is-layout-flow wp-block-column-is-layout-flow\">\n<figure class=\"wp-block-image size-full is-resized\"><a href=\"https:\/\/www.globacademy.org\/en\/umut-can-adisonmez\/\"><img decoding=\"async\" width=\"219\" height=\"230\" src=\"https:\/\/www.globacademy.org\/wp-content\/uploads\/2025\/11\/Umut-Can-Adisonmez.jpeg\" alt=\"\" class=\"wp-image-48210\" style=\"width:261px;height:auto\"\/><\/a><figcaption class=\"wp-element-caption\">Dr. Umut Can Ad\u0131s\u00f6nmez<br><em>Expert Adviser<\/em><\/figcaption><\/figure>\n<\/div>\n\n\n\n<div class=\"wp-block-column is-layout-flow wp-block-column-is-layout-flow\"><\/div>\n<\/div>\n\n\n\n<div class=\"wp-block-columns is-layout-flex wp-container-core-columns-is-layout-3 wp-block-columns-is-layout-flex\">\n<div class=\"wp-block-column is-layout-flow wp-block-column-is-layout-flow\">\n<figure class=\"wp-block-image size-full is-resized\"><a href=\"https:\/\/www.globacademy.org\/en\/karel-valansi\/\"><img decoding=\"async\" width=\"200\" height=\"200\" src=\"https:\/\/www.globacademy.org\/wp-content\/uploads\/2025\/08\/Karel-Valansi.jpeg\" alt=\"\" class=\"wp-image-47102\" style=\"width:231px;height:auto\" srcset=\"https:\/\/www.globacademy.org\/wp-content\/uploads\/2025\/08\/Karel-Valansi.jpeg 200w, https:\/\/www.globacademy.org\/wp-content\/uploads\/2025\/08\/Karel-Valansi-150x150.jpeg 150w\" sizes=\"(max-width: 200px) 100vw, 200px\" \/><\/a><figcaption class=\"wp-element-caption\">Dr. Karel Valansi<br><em>Coordinator<\/em><\/figcaption><\/figure>\n<\/div>\n\n\n\n<div class=\"wp-block-column is-layout-flow wp-block-column-is-layout-flow\">\n<figure class=\"wp-block-image size-large is-resized\"><a href=\"https:\/\/www.globacademy.org\/en\/erman-ermihan\/\"><img decoding=\"async\" width=\"945\" height=\"1024\" src=\"https:\/\/www.globacademy.org\/wp-content\/uploads\/2025\/11\/Erman-Ermihan-945x1024.jpg\" alt=\"\" class=\"wp-image-48155\" style=\"width:214px;height:auto\" srcset=\"https:\/\/www.globacademy.org\/wp-content\/uploads\/2025\/11\/Erman-Ermihan-945x1024.jpg 945w, https:\/\/www.globacademy.org\/wp-content\/uploads\/2025\/11\/Erman-Ermihan-277x300.jpg 277w, https:\/\/www.globacademy.org\/wp-content\/uploads\/2025\/11\/Erman-Ermihan-768x833.jpg 768w, https:\/\/www.globacademy.org\/wp-content\/uploads\/2025\/11\/Erman-Ermihan.jpg 951w\" sizes=\"(max-width: 945px) 100vw, 945px\" \/><\/a><figcaption class=\"wp-element-caption\">Dr. Erman Ermihan<br><em>Coordinator<\/em><\/figcaption><\/figure>\n<\/div>\n\n\n\n<div class=\"wp-block-column is-layout-flow wp-block-column-is-layout-flow\">\n<figure class=\"wp-block-image size-large is-resized\"><a href=\"https:\/\/www.globacademy.org\/en\/azade-eryigit\/\"><img decoding=\"async\" width=\"1024\" height=\"907\" src=\"https:\/\/www.globacademy.org\/wp-content\/uploads\/2025\/11\/Azade-Safiye-Eryigit-1024x907.jpg\" alt=\"\" class=\"wp-image-48184\" style=\"width:258px;height:auto\" srcset=\"https:\/\/www.globacademy.org\/wp-content\/uploads\/2025\/11\/Azade-Safiye-Eryigit-1024x907.jpg 1024w, https:\/\/www.globacademy.org\/wp-content\/uploads\/2025\/11\/Azade-Safiye-Eryigit-300x266.jpg 300w, https:\/\/www.globacademy.org\/wp-content\/uploads\/2025\/11\/Azade-Safiye-Eryigit-768x680.jpg 768w, https:\/\/www.globacademy.org\/wp-content\/uploads\/2025\/11\/Azade-Safiye-Eryigit-1536x1361.jpg 1536w, https:\/\/www.globacademy.org\/wp-content\/uploads\/2025\/11\/Azade-Safiye-Eryigit.jpg 1552w\" sizes=\"(max-width: 1024px) 100vw, 1024px\" \/><\/a><figcaption class=\"wp-element-caption\">Dr. Azade Eryi\u011fit<br><em>Researcher<\/em><\/figcaption><\/figure>\n<\/div>\n<\/div>\n\n\n\n<div class=\"wp-block-columns is-layout-flex wp-container-core-columns-is-layout-4 wp-block-columns-is-layout-flex\">\n<div class=\"wp-block-column is-layout-flow wp-block-column-is-layout-flow\">\n<figure class=\"wp-block-image size-large is-resized\"><a href=\"https:\/\/www.globacademy.org\/en\/ceren-melis-kiciroglu\/\"><img decoding=\"async\" width=\"768\" height=\"1024\" src=\"https:\/\/www.globacademy.org\/wp-content\/uploads\/2025\/11\/Ceren-Melis-Kilic-768x1024.jpg\" alt=\"\" class=\"wp-image-48182\" style=\"width:199px;height:auto\" srcset=\"https:\/\/www.globacademy.org\/wp-content\/uploads\/2025\/11\/Ceren-Melis-Kilic-768x1024.jpg 768w, https:\/\/www.globacademy.org\/wp-content\/uploads\/2025\/11\/Ceren-Melis-Kilic-225x300.jpg 225w, https:\/\/www.globacademy.org\/wp-content\/uploads\/2025\/11\/Ceren-Melis-Kilic-1152x1536.jpg 1152w, https:\/\/www.globacademy.org\/wp-content\/uploads\/2025\/11\/Ceren-Melis-Kilic.jpg 1536w\" sizes=\"(max-width: 768px) 100vw, 768px\" \/><\/a><figcaption class=\"wp-element-caption\">Dr. Ceren Melis K\u0131c\u0131ro\u011flu<br><em>Researcher<\/em><\/figcaption><\/figure>\n<\/div>\n\n\n\n<div class=\"wp-block-column is-layout-flow wp-block-column-is-layout-flow\">\n<figure class=\"wp-block-image size-full is-resized\"><a href=\"https:\/\/www.globacademy.org\/en\/irem-karamik\/\"><img decoding=\"async\" width=\"728\" height=\"752\" src=\"https:\/\/www.globacademy.org\/wp-content\/uploads\/2025\/11\/Irem-Karamik.jpg\" alt=\"\" class=\"wp-image-48151\" style=\"width:258px;height:auto\" srcset=\"https:\/\/www.globacademy.org\/wp-content\/uploads\/2025\/11\/Irem-Karamik.jpg 728w, https:\/\/www.globacademy.org\/wp-content\/uploads\/2025\/11\/Irem-Karamik-290x300.jpg 290w\" sizes=\"(max-width: 728px) 100vw, 728px\" \/><\/a><figcaption class=\"wp-element-caption\">Dr. \u0130rem Karam\u0131k<br><em>Researcher<\/em><\/figcaption><\/figure>\n<\/div>\n\n\n\n<div class=\"wp-block-column is-layout-flow wp-block-column-is-layout-flow\">\n<figure class=\"wp-block-image size-full is-resized\"><a href=\"https:\/\/www.globacademy.org\/en\/nasuh-sofuoglu\/\"><img decoding=\"async\" width=\"893\" height=\"953\" src=\"https:\/\/www.globacademy.org\/wp-content\/uploads\/2025\/11\/Nasuh-Sofuoglu.jpg\" alt=\"\" class=\"wp-image-48157\" style=\"width:246px;height:auto\" srcset=\"https:\/\/www.globacademy.org\/wp-content\/uploads\/2025\/11\/Nasuh-Sofuoglu.jpg 893w, https:\/\/www.globacademy.org\/wp-content\/uploads\/2025\/11\/Nasuh-Sofuoglu-281x300.jpg 281w, https:\/\/www.globacademy.org\/wp-content\/uploads\/2025\/11\/Nasuh-Sofuoglu-768x820.jpg 768w\" sizes=\"(max-width: 893px) 100vw, 893px\" \/><\/a><figcaption class=\"wp-element-caption\">Dr. Nasuh Sofuo\u011flu<br><em>Researcher<\/em><\/figcaption><\/figure>\n<\/div>\n<\/div>\n\n\n\n<div class=\"wp-block-columns is-layout-flex wp-container-core-columns-is-layout-5 wp-block-columns-is-layout-flex\">\n<div class=\"wp-block-column is-layout-flow wp-block-column-is-layout-flow\">\n<figure class=\"wp-block-image size-full is-resized\"><a href=\"https:\/\/www.globacademy.org\/samer-sharani\/\"><img decoding=\"async\" width=\"640\" height=\"640\" src=\"https:\/\/www.globacademy.org\/wp-content\/uploads\/2025\/11\/Samer-Sharani.jpg\" alt=\"\" class=\"wp-image-48159\" style=\"width:240px;height:auto\" srcset=\"https:\/\/www.globacademy.org\/wp-content\/uploads\/2025\/11\/Samer-Sharani.jpg 640w, https:\/\/www.globacademy.org\/wp-content\/uploads\/2025\/11\/Samer-Sharani-300x300.jpg 300w, https:\/\/www.globacademy.org\/wp-content\/uploads\/2025\/11\/Samer-Sharani-150x150.jpg 150w\" sizes=\"(max-width: 640px) 100vw, 640px\" \/><\/a><figcaption class=\"wp-element-caption\">Dr. Samer Sharani<br><em>Researcher<\/em><\/figcaption><\/figure>\n<\/div>\n\n\n\n<div class=\"wp-block-column is-layout-flow wp-block-column-is-layout-flow\">\n<figure class=\"wp-block-image size-large is-resized\"><a href=\"https:\/\/www.globacademy.org\/en\/tarik-basbugoglu\/\"><img decoding=\"async\" width=\"813\" height=\"1024\" src=\"https:\/\/www.globacademy.org\/wp-content\/uploads\/2026\/02\/4c799f7d-7416-403d-808a-04b87490cfbc-813x1024.jpg\" alt=\"\" class=\"wp-image-48738\" style=\"width:193px;height:auto\" srcset=\"https:\/\/www.globacademy.org\/wp-content\/uploads\/2026\/02\/4c799f7d-7416-403d-808a-04b87490cfbc-813x1024.jpg 813w, https:\/\/www.globacademy.org\/wp-content\/uploads\/2026\/02\/4c799f7d-7416-403d-808a-04b87490cfbc-238x300.jpg 238w, https:\/\/www.globacademy.org\/wp-content\/uploads\/2026\/02\/4c799f7d-7416-403d-808a-04b87490cfbc-768x968.jpg 768w, https:\/\/www.globacademy.org\/wp-content\/uploads\/2026\/02\/4c799f7d-7416-403d-808a-04b87490cfbc.jpg 846w\" sizes=\"(max-width: 813px) 100vw, 813px\" \/><\/a><figcaption class=\"wp-element-caption\">Dr. Tar\u0131k Ba\u015fbu\u011fo\u011flu<br><em>Researcher<\/em><\/figcaption><\/figure>\n<\/div>\n\n\n\n<div class=\"wp-block-column is-layout-flow wp-block-column-is-layout-flow\">\n<figure class=\"wp-block-image size-large is-resized\"><a href=\"https:\/\/www.globacademy.org\/en\/vuslat-nur-sahin-temel\/\"><img decoding=\"async\" width=\"659\" height=\"1024\" src=\"https:\/\/www.globacademy.org\/wp-content\/uploads\/2025\/11\/Vuslat-Nur-Sahin-Temel-659x1024.jpeg\" alt=\"\" class=\"wp-image-48263\" style=\"width:155px;height:auto\" srcset=\"https:\/\/www.globacademy.org\/wp-content\/uploads\/2025\/11\/Vuslat-Nur-Sahin-Temel-659x1024.jpeg 659w, https:\/\/www.globacademy.org\/wp-content\/uploads\/2025\/11\/Vuslat-Nur-Sahin-Temel-193x300.jpeg 193w, https:\/\/www.globacademy.org\/wp-content\/uploads\/2025\/11\/Vuslat-Nur-Sahin-Temel-768x1194.jpeg 768w, https:\/\/www.globacademy.org\/wp-content\/uploads\/2025\/11\/Vuslat-Nur-Sahin-Temel-988x1536.jpeg 988w, https:\/\/www.globacademy.org\/wp-content\/uploads\/2025\/11\/Vuslat-Nur-Sahin-Temel-1318x2048.jpeg 1318w, https:\/\/www.globacademy.org\/wp-content\/uploads\/2025\/11\/Vuslat-Nur-Sahin-Temel-scaled.jpeg 1647w\" sizes=\"(max-width: 659px) 100vw, 659px\" \/><\/a><figcaption class=\"wp-element-caption\">Dr. Vuslat Nur \u015eahin Temel<br><em>Researcher<\/em><\/figcaption><\/figure>\n<\/div>\n<\/div>\n\n\n\n<div class=\"wp-block-columns is-layout-flex wp-container-core-columns-is-layout-6 wp-block-columns-is-layout-flex\">\n<div class=\"wp-block-column is-layout-flow wp-block-column-is-layout-flow\">\n<figure class=\"wp-block-image size-large is-resized\"><a href=\"https:\/\/www.globacademy.org\/en\/zeynep-sartepe\/\"><img decoding=\"async\" width=\"768\" height=\"1024\" src=\"https:\/\/www.globacademy.org\/wp-content\/uploads\/2025\/11\/Zeynep-Sartepe-768x1024.jpg\" alt=\"\" class=\"wp-image-48261\" style=\"width:246px;height:auto\" srcset=\"https:\/\/www.globacademy.org\/wp-content\/uploads\/2025\/11\/Zeynep-Sartepe-768x1024.jpg 768w, https:\/\/www.globacademy.org\/wp-content\/uploads\/2025\/11\/Zeynep-Sartepe-225x300.jpg 225w, https:\/\/www.globacademy.org\/wp-content\/uploads\/2025\/11\/Zeynep-Sartepe-1152x1536.jpg 1152w, https:\/\/www.globacademy.org\/wp-content\/uploads\/2025\/11\/Zeynep-Sartepe.jpg 1536w\" sizes=\"(max-width: 768px) 100vw, 768px\" \/><\/a><figcaption class=\"wp-element-caption\">Dr. Zeynep \u015eartepe<br><em>Researcher<\/em><\/figcaption><\/figure>\n<\/div>\n\n\n\n<div class=\"wp-block-column is-layout-flow wp-block-column-is-layout-flow\"><\/div>\n\n\n\n<div class=\"wp-block-column is-layout-flow wp-block-column-is-layout-flow\"><\/div>\n<\/div>\n","protected":false},"excerpt":{"rendered":"<p>The Political Psychology Research Hub is a specialized initiative under the Global Academy, dedicated to integrating Ontological Security Theory (OST) with political psychology to systematically explore the role of emotions in foreign-policy and security discourses. The Hub\u2019s research agenda focuses on themes such as state identity and narratives, securitization, collective memory, trauma, and the emotional, [&hellip;]<\/p>\n","protected":false},"author":23,"featured_media":48117,"parent":0,"menu_order":0,"comment_status":"closed","ping_status":"closed","template":"","meta":{"_acf_changed":false,"footnotes":""},"class_list":["post-47895","page","type-page","status-publish","has-post-thumbnail","hentry"],"acf":[],"yoast_head":"<!-- This site is optimized with the Yoast SEO plugin v23.7 - https:\/\/yoast.com\/wordpress\/plugins\/seo\/ -->\n<title>Political Psychology Research Hub - Global Academy<\/title>\n<meta name=\"robots\" content=\"index, follow, max-snippet:-1, max-image-preview:large, max-video-preview:-1\" \/>\n<link rel=\"canonical\" href=\"https:\/\/www.globacademy.org\/en\/political-psychology-research-hub\/\" \/>\n<meta property=\"og:locale\" content=\"en_US\" \/>\n<meta property=\"og:type\" content=\"article\" \/>\n<meta property=\"og:title\" content=\"Political Psychology Research Hub - Global Academy\" \/>\n<meta property=\"og:description\" content=\"The Political Psychology Research Hub is a specialized initiative under the Global Academy, dedicated to integrating Ontological Security Theory (OST) with political psychology to systematically explore the role of emotions in foreign-policy and security discourses. The Hub\u2019s research agenda focuses on themes such as state identity and narratives, securitization, collective memory, trauma, and the emotional, [&hellip;]\" \/>\n<meta property=\"og:url\" content=\"https:\/\/www.globacademy.org\/en\/political-psychology-research-hub\/\" \/>\n<meta property=\"og:site_name\" content=\"Global Academy\" \/>\n<meta property=\"article:modified_time\" content=\"2026-03-14T18:16:48+00:00\" \/>\n<meta property=\"og:image\" content=\"https:\/\/www.globacademy.org\/wp-content\/uploads\/2025\/11\/WhatsApp-Gorsel-2025-11-20-saat-13.59.02_baab697a.jpg\" \/>\n\t<meta property=\"og:image:width\" content=\"529\" \/>\n\t<meta property=\"og:image:height\" content=\"378\" \/>\n\t<meta property=\"og:image:type\" content=\"image\/jpeg\" \/>\n<meta name=\"twitter:card\" content=\"summary_large_image\" \/>\n<meta name=\"twitter:label1\" content=\"Est. reading time\" \/>\n\t<meta name=\"twitter:data1\" content=\"5 minutes\" \/>\n<script type=\"application\/ld+json\" class=\"yoast-schema-graph\">{\"@context\":\"https:\/\/schema.org\",\"@graph\":[{\"@type\":\"WebPage\",\"@id\":\"https:\/\/www.globacademy.org\/en\/political-psychology-research-hub\/\",\"url\":\"https:\/\/www.globacademy.org\/en\/political-psychology-research-hub\/\",\"name\":\"Political Psychology Research Hub - Global Academy\",\"isPartOf\":{\"@id\":\"https:\/\/www.globacademy.org\/#website\"},\"primaryImageOfPage\":{\"@id\":\"https:\/\/www.globacademy.org\/en\/political-psychology-research-hub\/#primaryimage\"},\"image\":{\"@id\":\"https:\/\/www.globacademy.org\/en\/political-psychology-research-hub\/#primaryimage\"},\"thumbnailUrl\":\"https:\/\/www.globacademy.org\/wp-content\/uploads\/2025\/11\/WhatsApp-Gorsel-2025-11-20-saat-13.59.02_baab697a.jpg\",\"datePublished\":\"2025-10-11T09:57:50+00:00\",\"dateModified\":\"2026-03-14T18:16:48+00:00\",\"breadcrumb\":{\"@id\":\"https:\/\/www.globacademy.org\/en\/political-psychology-research-hub\/#breadcrumb\"},\"inLanguage\":\"en-US\",\"potentialAction\":[{\"@type\":\"ReadAction\",\"target\":[\"https:\/\/www.globacademy.org\/en\/political-psychology-research-hub\/\"]}]},{\"@type\":\"ImageObject\",\"inLanguage\":\"en-US\",\"@id\":\"https:\/\/www.globacademy.org\/en\/political-psychology-research-hub\/#primaryimage\",\"url\":\"https:\/\/www.globacademy.org\/wp-content\/uploads\/2025\/11\/WhatsApp-Gorsel-2025-11-20-saat-13.59.02_baab697a.jpg\",\"contentUrl\":\"https:\/\/www.globacademy.org\/wp-content\/uploads\/2025\/11\/WhatsApp-Gorsel-2025-11-20-saat-13.59.02_baab697a.jpg\",\"width\":529,\"height\":378},{\"@type\":\"BreadcrumbList\",\"@id\":\"https:\/\/www.globacademy.org\/en\/political-psychology-research-hub\/#breadcrumb\",\"itemListElement\":[{\"@type\":\"ListItem\",\"position\":1,\"name\":\"Anasayfa\",\"item\":\"https:\/\/www.globacademy.org\/en\/\"},{\"@type\":\"ListItem\",\"position\":2,\"name\":\"Political Psychology Research Hub\"}]},{\"@type\":\"WebSite\",\"@id\":\"https:\/\/www.globacademy.org\/#website\",\"url\":\"https:\/\/www.globacademy.org\/\",\"name\":\"Global Academy\",\"description\":\"Global Academy\",\"potentialAction\":[{\"@type\":\"SearchAction\",\"target\":{\"@type\":\"EntryPoint\",\"urlTemplate\":\"https:\/\/www.globacademy.org\/?s={search_term_string}\"},\"query-input\":{\"@type\":\"PropertyValueSpecification\",\"valueRequired\":true,\"valueName\":\"search_term_string\"}}],\"inLanguage\":\"en-US\"}]}<\/script>\n<!-- \/ Yoast SEO plugin. -->","yoast_head_json":{"title":"Political Psychology Research Hub - Global Academy","robots":{"index":"index","follow":"follow","max-snippet":"max-snippet:-1","max-image-preview":"max-image-preview:large","max-video-preview":"max-video-preview:-1"},"canonical":"https:\/\/www.globacademy.org\/en\/political-psychology-research-hub\/","og_locale":"en_US","og_type":"article","og_title":"Political Psychology Research Hub - Global Academy","og_description":"The Political Psychology Research Hub is a specialized initiative under the Global Academy, dedicated to integrating Ontological Security Theory (OST) with political psychology to systematically explore the role of emotions in foreign-policy and security discourses. The Hub\u2019s research agenda focuses on themes such as state identity and narratives, securitization, collective memory, trauma, and the emotional, [&hellip;]","og_url":"https:\/\/www.globacademy.org\/en\/political-psychology-research-hub\/","og_site_name":"Global Academy","article_modified_time":"2026-03-14T18:16:48+00:00","og_image":[{"width":529,"height":378,"url":"https:\/\/www.globacademy.org\/wp-content\/uploads\/2025\/11\/WhatsApp-Gorsel-2025-11-20-saat-13.59.02_baab697a.jpg","type":"image\/jpeg"}],"twitter_card":"summary_large_image","twitter_misc":{"Est. reading time":"5 minutes"},"schema":{"@context":"https:\/\/schema.org","@graph":[{"@type":"WebPage","@id":"https:\/\/www.globacademy.org\/en\/political-psychology-research-hub\/","url":"https:\/\/www.globacademy.org\/en\/political-psychology-research-hub\/","name":"Political Psychology Research Hub - Global Academy","isPartOf":{"@id":"https:\/\/www.globacademy.org\/#website"},"primaryImageOfPage":{"@id":"https:\/\/www.globacademy.org\/en\/political-psychology-research-hub\/#primaryimage"},"image":{"@id":"https:\/\/www.globacademy.org\/en\/political-psychology-research-hub\/#primaryimage"},"thumbnailUrl":"https:\/\/www.globacademy.org\/wp-content\/uploads\/2025\/11\/WhatsApp-Gorsel-2025-11-20-saat-13.59.02_baab697a.jpg","datePublished":"2025-10-11T09:57:50+00:00","dateModified":"2026-03-14T18:16:48+00:00","breadcrumb":{"@id":"https:\/\/www.globacademy.org\/en\/political-psychology-research-hub\/#breadcrumb"},"inLanguage":"en-US","potentialAction":[{"@type":"ReadAction","target":["https:\/\/www.globacademy.org\/en\/political-psychology-research-hub\/"]}]},{"@type":"ImageObject","inLanguage":"en-US","@id":"https:\/\/www.globacademy.org\/en\/political-psychology-research-hub\/#primaryimage","url":"https:\/\/www.globacademy.org\/wp-content\/uploads\/2025\/11\/WhatsApp-Gorsel-2025-11-20-saat-13.59.02_baab697a.jpg","contentUrl":"https:\/\/www.globacademy.org\/wp-content\/uploads\/2025\/11\/WhatsApp-Gorsel-2025-11-20-saat-13.59.02_baab697a.jpg","width":529,"height":378},{"@type":"BreadcrumbList","@id":"https:\/\/www.globacademy.org\/en\/political-psychology-research-hub\/#breadcrumb","itemListElement":[{"@type":"ListItem","position":1,"name":"Anasayfa","item":"https:\/\/www.globacademy.org\/en\/"},{"@type":"ListItem","position":2,"name":"Political Psychology Research Hub"}]},{"@type":"WebSite","@id":"https:\/\/www.globacademy.org\/#website","url":"https:\/\/www.globacademy.org\/","name":"Global Academy","description":"Global Academy","potentialAction":[{"@type":"SearchAction","target":{"@type":"EntryPoint","urlTemplate":"https:\/\/www.globacademy.org\/?s={search_term_string}"},"query-input":{"@type":"PropertyValueSpecification","valueRequired":true,"valueName":"search_term_string"}}],"inLanguage":"en-US"}]}},"_links":{"self":[{"href":"https:\/\/www.globacademy.org\/en\/wp-json\/wp\/v2\/pages\/47895"}],"collection":[{"href":"https:\/\/www.globacademy.org\/en\/wp-json\/wp\/v2\/pages"}],"about":[{"href":"https:\/\/www.globacademy.org\/en\/wp-json\/wp\/v2\/types\/page"}],"author":[{"embeddable":true,"href":"https:\/\/www.globacademy.org\/en\/wp-json\/wp\/v2\/users\/23"}],"replies":[{"embeddable":true,"href":"https:\/\/www.globacademy.org\/en\/wp-json\/wp\/v2\/comments?post=47895"}],"version-history":[{"count":30,"href":"https:\/\/www.globacademy.org\/en\/wp-json\/wp\/v2\/pages\/47895\/revisions"}],"predecessor-version":[{"id":48881,"href":"https:\/\/www.globacademy.org\/en\/wp-json\/wp\/v2\/pages\/47895\/revisions\/48881"}],"wp:featuredmedia":[{"embeddable":true,"href":"https:\/\/www.globacademy.org\/en\/wp-json\/wp\/v2\/media\/48117"}],"wp:attachment":[{"href":"https:\/\/www.globacademy.org\/en\/wp-json\/wp\/v2\/media?parent=47895"}],"curies":[{"name":"wp","href":"https:\/\/api.w.org\/{rel}","templated":true}]}}