{"id":41331,"date":"2021-09-28T08:41:42","date_gmt":"2021-09-28T08:41:42","guid":{"rendered":"https:\/\/www.globacademy.org\/guvenlik-akademisi-anasayfa\/ga-onceki-akademiler\/"},"modified":"2022-08-31T16:12:55","modified_gmt":"2022-08-31T16:12:55","slug":"ga-onceki-akademiler","status":"publish","type":"page","link":"https:\/\/www.globacademy.org\/en\/guvenlik-akademisi-anasayfa\/ga-onceki-akademiler\/","title":{"rendered":"Previous Academies"},"content":{"rendered":"\t\t<div data-elementor-type=\"wp-page\" data-elementor-id=\"41331\" class=\"elementor elementor-41331\">\n\t\t\t\t\t\t\t        <section class=\"elementor-section elementor-top-section elementor-element elementor-element-2e6163e elementor-section-boxed elementor-section-height-default elementor-section-height-default ct-header-fixed-none ct-row-max-none\" data-id=\"2e6163e\" data-element_type=\"section\">\n            \n                        <div class=\"elementor-container elementor-column-gap-default \">\n                    <div class=\"elementor-column elementor-col-100 elementor-top-column elementor-element elementor-element-c0891cc\" data-id=\"c0891cc\" data-element_type=\"column\">\n            <div class=\"elementor-widget-wrap elementor-element-populated\">\n                        \t\t<div class=\"elementor-element elementor-element-022db3d elementor-widget elementor-widget-elementskit-blog-posts\" data-id=\"022db3d\" data-element_type=\"widget\" data-widget_type=\"elementskit-blog-posts.default\">\n\t\t\t\t<div class=\"elementor-widget-container\">\n\t\t\t<div class=\"ekit-wid-con\" >        <div id=\"post-items--022db3d\" class=\"row post-items\">\n                    <div class=\"col-lg-3 col-md-6\">\n\n                                    <div class=\"elementskit-post-image-card\">\n                        <div class=\"elementskit-entry-header\">\n                                                            <a href=\"https:\/\/www.globacademy.org\/en\/guvenlik-akademisi-viii\/\" class=\"elementskit-entry-thumb\">\n                                    <img decoding=\"async\" src=\"https:\/\/www.globacademy.org\/wp-content\/uploads\/2015\/12\/I-X.png\" alt=\"Security Academy &#8211; VIII\">\n                                <\/a><!-- .elementskit-entry-thumb END -->\n                                                            \n                            \n\t\t\t\t\t\t\t\t\t\t\t\t\t<\/div><!-- .elementskit-entry-header END -->\n\n\t\t\t\t\t\t<div class=\"elementskit-post-body \">\n\t\t\t\t\t\t\t\n\t\t\t\t\t\t\t\t\t\t\t\t\t\t\t\t\t\t\t\t\t\t\t\t\t\n\t\t\t\t\t\t\t\t\n\t\t\t\t\t\t\t\t\t\t\t\t\t\t\t\t\t\t\t\t\t<h2 class=\"entry-title\">\n\t\t\t\t\t<a href=\"https:\/\/www.globacademy.org\/en\/guvenlik-akademisi-viii\/\">\n\t\t\t\t\t\tSecurity Academy &#8211; VIII\t\t\t\t\t<\/a>\n\t\t\t\t<\/h2>\n\t\t\t\t\t\t\t\t\t\t\t\t\t\t\t\t\t\t\t\t\t\t\t\t\t\t\t\t\t\t\t\t                                                            <div class=\"btn-wraper\">\n                                    \n                                                                            <a class=\"elementskit-btn btn btn-warning whitespace--normal\" id=\"\" href=\"https:\/\/www.globacademy.org\/en\/guvenlik-akademisi-viii\/\">\n                                        \t                                            Read More                                        <\/a>\n                                                                    <\/div>\n                                                    <\/div><!-- .elementskit-post-body END -->\n                    <\/div>\n                \n            <\/div>\n                    <div class=\"col-lg-3 col-md-6\">\n\n                                    <div class=\"elementskit-post-image-card\">\n                        <div class=\"elementskit-entry-header\">\n                                                            <a href=\"https:\/\/www.globacademy.org\/en\/ilgaz-guvenlik-akademisi-v-2\/\" class=\"elementskit-entry-thumb\">\n                                    <img decoding=\"async\" src=\"https:\/\/www.globacademy.org\/wp-content\/uploads\/2015\/12\/I-X.png\" alt=\"Security Academy &#8211; V\">\n                                <\/a><!-- .elementskit-entry-thumb END -->\n                                                            \n                            \n\t\t\t\t\t\t\t\t\t\t\t\t\t<\/div><!-- .elementskit-entry-header END -->\n\n\t\t\t\t\t\t<div class=\"elementskit-post-body \">\n\t\t\t\t\t\t\t\n\t\t\t\t\t\t\t\t\t\t\t\t\t\t\t\t\t\t\t\t\t\t\t\t\t\n\t\t\t\t\t\t\t\t\n\t\t\t\t\t\t\t\t\t\t\t\t\t\t\t\t\t\t\t\t\t<h2 class=\"entry-title\">\n\t\t\t\t\t<a href=\"https:\/\/www.globacademy.org\/en\/ilgaz-guvenlik-akademisi-v-2\/\">\n\t\t\t\t\t\tSecurity Academy &#8211; V\t\t\t\t\t<\/a>\n\t\t\t\t<\/h2>\n\t\t\t\t\t\t\t\t\t\t\t\t\t\t\t\t\t\t\t\t\t\t\t\t\t\t\t\t\t\t\t\t                                                            <div class=\"btn-wraper\">\n                                    \n                                                                            <a class=\"elementskit-btn btn btn-warning whitespace--normal\" id=\"\" href=\"https:\/\/www.globacademy.org\/en\/ilgaz-guvenlik-akademisi-v-2\/\">\n                                        \t                                            Read More                                        <\/a>\n                                                                    <\/div>\n                                                    <\/div><!-- .elementskit-post-body END -->\n                    <\/div>\n                \n            <\/div>\n                    <div class=\"col-lg-3 col-md-6\">\n\n                                    <div class=\"elementskit-post-image-card\">\n                        <div class=\"elementskit-entry-header\">\n                                                            <a href=\"https:\/\/www.globacademy.org\/en\/guvenlik-akademisi-iv\/\" class=\"elementskit-entry-thumb\">\n                                    <img decoding=\"async\" src=\"https:\/\/www.globacademy.org\/wp-content\/uploads\/2009\/06\/WhatsApp-Image-2022-01-04-at-16.14.02-1-1024x545.jpeg\" alt=\"Security Academy &#8211; IV\">\n                                <\/a><!-- .elementskit-entry-thumb END -->\n                                                            \n                            \n\t\t\t\t\t\t\t\t\t\t\t\t\t<\/div><!-- .elementskit-entry-header END -->\n\n\t\t\t\t\t\t<div class=\"elementskit-post-body \">\n\t\t\t\t\t\t\t\n\t\t\t\t\t\t\t\t\t\t\t\t\t\t\t\t\t\t\t\t\t\t\t\t\t\n\t\t\t\t\t\t\t\t\n\t\t\t\t\t\t\t\t\t\t\t\t\t\t\t\t\t\t\t\t\t<h2 class=\"entry-title\">\n\t\t\t\t\t<a href=\"https:\/\/www.globacademy.org\/en\/guvenlik-akademisi-iv\/\">\n\t\t\t\t\t\tSecurity Academy &#8211; IV\t\t\t\t\t<\/a>\n\t\t\t\t<\/h2>\n\t\t\t\t\t\t\t\t\t\t\t\t\t\t\t\t\t\t\t\t\t\t\t\t\t\t\t\t\t\t\t\t                                                            <div class=\"btn-wraper\">\n                                    \n                                                                            <a class=\"elementskit-btn btn btn-warning whitespace--normal\" id=\"\" href=\"https:\/\/www.globacademy.org\/en\/guvenlik-akademisi-iv\/\">\n                                        \t                                            Read More                                        <\/a>\n                                                                    <\/div>\n                                                    <\/div><!-- .elementskit-post-body END -->\n                    <\/div>\n                \n            <\/div>\n                    <div class=\"col-lg-3 col-md-6\">\n\n                                    <div class=\"elementskit-post-image-card\">\n                        <div class=\"elementskit-entry-header\">\n                                                            <a href=\"https:\/\/www.globacademy.org\/en\/guvenlik-akademisi-iii\/\" class=\"elementskit-entry-thumb\">\n                                    <img decoding=\"async\" src=\"https:\/\/www.globacademy.org\/wp-content\/uploads\/2009\/12\/WhatsApp-Image-2022-01-04-at-16.14.02-1024x464.jpeg\" alt=\"Security Academy &#8211; III\">\n                                <\/a><!-- .elementskit-entry-thumb END -->\n                                                            \n                            \n\t\t\t\t\t\t\t\t\t\t\t\t\t<\/div><!-- .elementskit-entry-header END -->\n\n\t\t\t\t\t\t<div class=\"elementskit-post-body \">\n\t\t\t\t\t\t\t\n\t\t\t\t\t\t\t\t\t\t\t\t\t\t\t\t\t\t\t\t\t\t\t\t\t\n\t\t\t\t\t\t\t\t\n\t\t\t\t\t\t\t\t\t\t\t\t\t\t\t\t\t\t\t\t\t<h2 class=\"entry-title\">\n\t\t\t\t\t<a href=\"https:\/\/www.globacademy.org\/en\/guvenlik-akademisi-iii\/\">\n\t\t\t\t\t\tSecurity Academy &#8211; III\t\t\t\t\t<\/a>\n\t\t\t\t<\/h2>\n\t\t\t\t\t\t\t\t\t\t\t\t\t\t\t\t\t\t\t\t\t\t\t\t\t\t\t\t\t\t\t\t                                                            <div class=\"btn-wraper\">\n                                    \n                                                                            <a class=\"elementskit-btn btn btn-warning whitespace--normal\" id=\"\" href=\"https:\/\/www.globacademy.org\/en\/guvenlik-akademisi-iii\/\">\n                                        \t                                            Read More                                        <\/a>\n                                                                    <\/div>\n                                                    <\/div><!-- .elementskit-post-body END -->\n                    <\/div>\n                \n            <\/div>\n                    <div class=\"col-lg-3 col-md-6\">\n\n                                    <div class=\"elementskit-post-image-card\">\n                        <div class=\"elementskit-entry-header\">\n                                                            <a href=\"https:\/\/www.globacademy.org\/en\/guvenlik-akademisi-ii-2\/\" class=\"elementskit-entry-thumb\">\n                                    <img decoding=\"async\" src=\"https:\/\/www.globacademy.org\/wp-content\/uploads\/2009\/06\/WhatsApp-Image-2022-01-04-at-16.14.02-1-1024x545.jpeg\" alt=\"Security Academy &#8211; II\">\n                                <\/a><!-- .elementskit-entry-thumb END -->\n                                                            \n                            \n\t\t\t\t\t\t\t\t\t\t\t\t\t<\/div><!-- .elementskit-entry-header END -->\n\n\t\t\t\t\t\t<div class=\"elementskit-post-body \">\n\t\t\t\t\t\t\t\n\t\t\t\t\t\t\t\t\t\t\t\t\t\t\t\t\t\t\t\t\t\t\t\t\t\n\t\t\t\t\t\t\t\t\n\t\t\t\t\t\t\t\t\t\t\t\t\t\t\t\t\t\t\t\t\t<h2 class=\"entry-title\">\n\t\t\t\t\t<a href=\"https:\/\/www.globacademy.org\/en\/guvenlik-akademisi-ii-2\/\">\n\t\t\t\t\t\tSecurity Academy &#8211; II\t\t\t\t\t<\/a>\n\t\t\t\t<\/h2>\n\t\t\t\t\t\t\t\t\t\t\t\t\t\t\t\t\t\t\t\t\t\t\t\t\t\t\t\t\t\t\t\t                                                            <div class=\"btn-wraper\">\n                                    \n                                                                            <a class=\"elementskit-btn btn btn-warning whitespace--normal\" id=\"\" href=\"https:\/\/www.globacademy.org\/en\/guvenlik-akademisi-ii-2\/\">\n                                        \t                                            Read More                                        <\/a>\n                                                                    <\/div>\n                                                    <\/div><!-- .elementskit-post-body END -->\n                    <\/div>\n                \n            <\/div>\n                    <div class=\"col-lg-3 col-md-6\">\n\n                                    <div class=\"elementskit-post-image-card\">\n                        <div class=\"elementskit-entry-header\">\n                                                            <a href=\"https:\/\/www.globacademy.org\/en\/guvenlik-akademisi-i\/\" class=\"elementskit-entry-thumb\">\n                                    <img decoding=\"async\" src=\"https:\/\/www.globacademy.org\/wp-content\/uploads\/2015\/12\/I-X.png\" alt=\"Security Academy &#8211; I\">\n                                <\/a><!-- .elementskit-entry-thumb END -->\n                                                            \n                            \n\t\t\t\t\t\t\t\t\t\t\t\t\t<\/div><!-- .elementskit-entry-header END -->\n\n\t\t\t\t\t\t<div class=\"elementskit-post-body \">\n\t\t\t\t\t\t\t\n\t\t\t\t\t\t\t\t\t\t\t\t\t\t\t\t\t\t\t\t\t\t\t\t\t\n\t\t\t\t\t\t\t\t\n\t\t\t\t\t\t\t\t\t\t\t\t\t\t\t\t\t\t\t\t\t<h2 class=\"entry-title\">\n\t\t\t\t\t<a href=\"https:\/\/www.globacademy.org\/en\/guvenlik-akademisi-i\/\">\n\t\t\t\t\t\tSecurity Academy &#8211; I\t\t\t\t\t<\/a>\n\t\t\t\t<\/h2>\n\t\t\t\t\t\t\t\t\t\t\t\t\t\t\t\t\t\t\t\t\t\t\t\t\t\t\t\t\t\t\t\t                                                            <div class=\"btn-wraper\">\n                                    \n                                                                            <a class=\"elementskit-btn btn btn-warning whitespace--normal\" id=\"\" href=\"https:\/\/www.globacademy.org\/en\/guvenlik-akademisi-i\/\">\n                                        \t                                            Read More                                        <\/a>\n                                                                    <\/div>\n                                                    <\/div><!-- .elementskit-post-body END -->\n                    <\/div>\n                \n            <\/div>\n                <\/div>\n       <\/div>\t\t<\/div>\n\t\t\t\t<\/div>\n\t\t            <\/div>\n        <\/div>\n                            <\/div>\n        <\/section>\n        \t\t\t\t\t<\/div>\n\t\t","protected":false},"excerpt":{"rendered":"<p>G\u00fcvenlik Akademisi &#8211; XV Read More G\u00fcvenlik Akademisi &#8211; XIV Read More G\u00fcvenlik Akademisi &#8211; XIII Read More G\u00fcvenlik Akademisi &#8211; XII Read More G\u00fcvenlik Akademisi &#8211; XI Read More G\u00fcvenlik Akademisi &#8211; X Read More G\u00fcvenlik Akademisi &#8211; IX Read More G\u00fcvenlik Akademisi &#8211; VIII Read More G\u00fcvenlik Akademisi &#8211; VII Read More G\u00fcvenlik [&hellip;]<\/p>\n","protected":false},"author":1,"featured_media":0,"parent":40822,"menu_order":0,"comment_status":"closed","ping_status":"closed","template":"","meta":{"_acf_changed":false,"footnotes":""},"class_list":["post-41331","page","type-page","status-publish","hentry"],"acf":[],"yoast_head":"<!-- This site is optimized with the Yoast SEO plugin v23.7 - https:\/\/yoast.com\/wordpress\/plugins\/seo\/ -->\n<title>Previous Academies - Global Academy<\/title>\n<meta name=\"robots\" content=\"index, follow, max-snippet:-1, max-image-preview:large, max-video-preview:-1\" \/>\n<link rel=\"canonical\" href=\"https:\/\/www.globacademy.org\/en\/guvenlik-akademisi-anasayfa\/ga-onceki-akademiler\/\" \/>\n<meta property=\"og:locale\" content=\"en_US\" \/>\n<meta property=\"og:type\" content=\"article\" \/>\n<meta property=\"og:title\" content=\"Previous Academies - Global Academy\" \/>\n<meta property=\"og:description\" content=\"G\u00fcvenlik Akademisi &#8211; XV Read More G\u00fcvenlik Akademisi &#8211; XIV Read More G\u00fcvenlik Akademisi &#8211; XIII Read More G\u00fcvenlik Akademisi &#8211; XII Read More G\u00fcvenlik Akademisi &#8211; XI Read More G\u00fcvenlik Akademisi &#8211; X Read More G\u00fcvenlik Akademisi &#8211; IX Read More G\u00fcvenlik Akademisi &#8211; VIII Read More G\u00fcvenlik Akademisi &#8211; VII Read More G\u00fcvenlik [&hellip;]\" \/>\n<meta property=\"og:url\" content=\"https:\/\/www.globacademy.org\/en\/guvenlik-akademisi-anasayfa\/ga-onceki-akademiler\/\" \/>\n<meta property=\"og:site_name\" content=\"Global Academy\" \/>\n<meta property=\"article:modified_time\" content=\"2022-08-31T16:12:55+00:00\" \/>\n<meta property=\"og:image\" content=\"https:\/\/www.globacademy.org\/wp-content\/uploads\/2021\/11\/XV_688x401.png\" \/>\n<meta name=\"twitter:card\" content=\"summary_large_image\" \/>\n<meta name=\"twitter:label1\" content=\"Est. reading time\" \/>\n\t<meta name=\"twitter:data1\" content=\"4 minutes\" \/>\n<script type=\"application\/ld+json\" class=\"yoast-schema-graph\">{\"@context\":\"https:\/\/schema.org\",\"@graph\":[{\"@type\":\"WebPage\",\"@id\":\"https:\/\/www.globacademy.org\/en\/guvenlik-akademisi-anasayfa\/ga-onceki-akademiler\/\",\"url\":\"https:\/\/www.globacademy.org\/en\/guvenlik-akademisi-anasayfa\/ga-onceki-akademiler\/\",\"name\":\"Previous Academies - Global Academy\",\"isPartOf\":{\"@id\":\"https:\/\/www.globacademy.org\/#website\"},\"primaryImageOfPage\":{\"@id\":\"https:\/\/www.globacademy.org\/en\/guvenlik-akademisi-anasayfa\/ga-onceki-akademiler\/#primaryimage\"},\"image\":{\"@id\":\"https:\/\/www.globacademy.org\/en\/guvenlik-akademisi-anasayfa\/ga-onceki-akademiler\/#primaryimage\"},\"thumbnailUrl\":\"https:\/\/www.globacademy.org\/wp-content\/uploads\/2021\/11\/XV_688x401.png\",\"datePublished\":\"2021-09-28T08:41:42+00:00\",\"dateModified\":\"2022-08-31T16:12:55+00:00\",\"breadcrumb\":{\"@id\":\"https:\/\/www.globacademy.org\/en\/guvenlik-akademisi-anasayfa\/ga-onceki-akademiler\/#breadcrumb\"},\"inLanguage\":\"en-US\",\"potentialAction\":[{\"@type\":\"ReadAction\",\"target\":[\"https:\/\/www.globacademy.org\/en\/guvenlik-akademisi-anasayfa\/ga-onceki-akademiler\/\"]}]},{\"@type\":\"ImageObject\",\"inLanguage\":\"en-US\",\"@id\":\"https:\/\/www.globacademy.org\/en\/guvenlik-akademisi-anasayfa\/ga-onceki-akademiler\/#primaryimage\",\"url\":\"https:\/\/www.globacademy.org\/wp-content\/uploads\/2021\/11\/XV_688x401.png\",\"contentUrl\":\"https:\/\/www.globacademy.org\/wp-content\/uploads\/2021\/11\/XV_688x401.png\"},{\"@type\":\"BreadcrumbList\",\"@id\":\"https:\/\/www.globacademy.org\/en\/guvenlik-akademisi-anasayfa\/ga-onceki-akademiler\/#breadcrumb\",\"itemListElement\":[{\"@type\":\"ListItem\",\"position\":1,\"name\":\"Anasayfa\",\"item\":\"https:\/\/www.globacademy.org\/en\/\"},{\"@type\":\"ListItem\",\"position\":2,\"name\":\"Security Academy\",\"item\":\"https:\/\/www.globacademy.org\/en\/?page_id=40822\"},{\"@type\":\"ListItem\",\"position\":3,\"name\":\"Previous Academies\"}]},{\"@type\":\"WebSite\",\"@id\":\"https:\/\/www.globacademy.org\/#website\",\"url\":\"https:\/\/www.globacademy.org\/\",\"name\":\"Global Academy\",\"description\":\"Global Academy\",\"potentialAction\":[{\"@type\":\"SearchAction\",\"target\":{\"@type\":\"EntryPoint\",\"urlTemplate\":\"https:\/\/www.globacademy.org\/?s={search_term_string}\"},\"query-input\":{\"@type\":\"PropertyValueSpecification\",\"valueRequired\":true,\"valueName\":\"search_term_string\"}}],\"inLanguage\":\"en-US\"}]}<\/script>\n<!-- \/ Yoast SEO plugin. -->","yoast_head_json":{"title":"Previous Academies - Global Academy","robots":{"index":"index","follow":"follow","max-snippet":"max-snippet:-1","max-image-preview":"max-image-preview:large","max-video-preview":"max-video-preview:-1"},"canonical":"https:\/\/www.globacademy.org\/en\/guvenlik-akademisi-anasayfa\/ga-onceki-akademiler\/","og_locale":"en_US","og_type":"article","og_title":"Previous Academies - Global Academy","og_description":"G\u00fcvenlik Akademisi &#8211; XV Read More G\u00fcvenlik Akademisi &#8211; XIV Read More G\u00fcvenlik Akademisi &#8211; XIII Read More G\u00fcvenlik Akademisi &#8211; XII Read More G\u00fcvenlik Akademisi &#8211; XI Read More G\u00fcvenlik Akademisi &#8211; X Read More G\u00fcvenlik Akademisi &#8211; IX Read More G\u00fcvenlik Akademisi &#8211; VIII Read More G\u00fcvenlik Akademisi &#8211; VII Read More G\u00fcvenlik [&hellip;]","og_url":"https:\/\/www.globacademy.org\/en\/guvenlik-akademisi-anasayfa\/ga-onceki-akademiler\/","og_site_name":"Global Academy","article_modified_time":"2022-08-31T16:12:55+00:00","og_image":[{"url":"https:\/\/www.globacademy.org\/wp-content\/uploads\/2021\/11\/XV_688x401.png"}],"twitter_card":"summary_large_image","twitter_misc":{"Est. reading time":"4 minutes"},"schema":{"@context":"https:\/\/schema.org","@graph":[{"@type":"WebPage","@id":"https:\/\/www.globacademy.org\/en\/guvenlik-akademisi-anasayfa\/ga-onceki-akademiler\/","url":"https:\/\/www.globacademy.org\/en\/guvenlik-akademisi-anasayfa\/ga-onceki-akademiler\/","name":"Previous Academies - Global Academy","isPartOf":{"@id":"https:\/\/www.globacademy.org\/#website"},"primaryImageOfPage":{"@id":"https:\/\/www.globacademy.org\/en\/guvenlik-akademisi-anasayfa\/ga-onceki-akademiler\/#primaryimage"},"image":{"@id":"https:\/\/www.globacademy.org\/en\/guvenlik-akademisi-anasayfa\/ga-onceki-akademiler\/#primaryimage"},"thumbnailUrl":"https:\/\/www.globacademy.org\/wp-content\/uploads\/2021\/11\/XV_688x401.png","datePublished":"2021-09-28T08:41:42+00:00","dateModified":"2022-08-31T16:12:55+00:00","breadcrumb":{"@id":"https:\/\/www.globacademy.org\/en\/guvenlik-akademisi-anasayfa\/ga-onceki-akademiler\/#breadcrumb"},"inLanguage":"en-US","potentialAction":[{"@type":"ReadAction","target":["https:\/\/www.globacademy.org\/en\/guvenlik-akademisi-anasayfa\/ga-onceki-akademiler\/"]}]},{"@type":"ImageObject","inLanguage":"en-US","@id":"https:\/\/www.globacademy.org\/en\/guvenlik-akademisi-anasayfa\/ga-onceki-akademiler\/#primaryimage","url":"https:\/\/www.globacademy.org\/wp-content\/uploads\/2021\/11\/XV_688x401.png","contentUrl":"https:\/\/www.globacademy.org\/wp-content\/uploads\/2021\/11\/XV_688x401.png"},{"@type":"BreadcrumbList","@id":"https:\/\/www.globacademy.org\/en\/guvenlik-akademisi-anasayfa\/ga-onceki-akademiler\/#breadcrumb","itemListElement":[{"@type":"ListItem","position":1,"name":"Anasayfa","item":"https:\/\/www.globacademy.org\/en\/"},{"@type":"ListItem","position":2,"name":"Security Academy","item":"https:\/\/www.globacademy.org\/en\/?page_id=40822"},{"@type":"ListItem","position":3,"name":"Previous Academies"}]},{"@type":"WebSite","@id":"https:\/\/www.globacademy.org\/#website","url":"https:\/\/www.globacademy.org\/","name":"Global Academy","description":"Global Academy","potentialAction":[{"@type":"SearchAction","target":{"@type":"EntryPoint","urlTemplate":"https:\/\/www.globacademy.org\/?s={search_term_string}"},"query-input":{"@type":"PropertyValueSpecification","valueRequired":true,"valueName":"search_term_string"}}],"inLanguage":"en-US"}]}},"_links":{"self":[{"href":"https:\/\/www.globacademy.org\/en\/wp-json\/wp\/v2\/pages\/41331"}],"collection":[{"href":"https:\/\/www.globacademy.org\/en\/wp-json\/wp\/v2\/pages"}],"about":[{"href":"https:\/\/www.globacademy.org\/en\/wp-json\/wp\/v2\/types\/page"}],"author":[{"embeddable":true,"href":"https:\/\/www.globacademy.org\/en\/wp-json\/wp\/v2\/users\/1"}],"replies":[{"embeddable":true,"href":"https:\/\/www.globacademy.org\/en\/wp-json\/wp\/v2\/comments?post=41331"}],"version-history":[{"count":0,"href":"https:\/\/www.globacademy.org\/en\/wp-json\/wp\/v2\/pages\/41331\/revisions"}],"up":[{"embeddable":true,"href":"https:\/\/www.globacademy.org\/en\/wp-json\/wp\/v2\/pages\/40822"}],"wp:attachment":[{"href":"https:\/\/www.globacademy.org\/en\/wp-json\/wp\/v2\/media?parent=41331"}],"curies":[{"name":"wp","href":"https:\/\/api.w.org\/{rel}","templated":true}]}}