{"id":40946,"date":"2021-10-08T13:00:10","date_gmt":"2021-10-08T13:00:10","guid":{"rendered":"https:\/\/www.globacademy.org\/?page_id=40946"},"modified":"2022-08-08T15:10:56","modified_gmt":"2022-08-08T15:10:56","slug":"secopedia","status":"publish","type":"page","link":"https:\/\/www.globacademy.org\/en\/secopedia\/","title":{"rendered":"Secopedia"},"content":{"rendered":"\t\t<div data-elementor-type=\"wp-page\" data-elementor-id=\"40946\" class=\"elementor elementor-40946\">\n\t\t\t\t\t\t\t        <section class=\"elementor-section elementor-top-section elementor-element elementor-element-70aa2a4 elementor-section-boxed elementor-section-height-default elementor-section-height-default ct-header-fixed-none ct-row-max-none\" data-id=\"70aa2a4\" data-element_type=\"section\">\n            \n                        <div class=\"elementor-container elementor-column-gap-default \">\n                    <div class=\"elementor-column elementor-col-100 elementor-top-column elementor-element elementor-element-c056d3d\" data-id=\"c056d3d\" data-element_type=\"column\">\n            <div class=\"elementor-widget-wrap elementor-element-populated\">\n                        \t\t<div class=\"elementor-element elementor-element-605637a elementor-widget elementor-widget-ct_about_us\" data-id=\"605637a\" data-element_type=\"widget\" data-widget_type=\"ct_about_us.default\">\n\t\t\t\t<div class=\"elementor-widget-container\">\n\t\t\t<div class=\"ct-about-us\">\r\n\t<div class=\"ct-about-left\">\r\n\t\t\t<\/div>\r\n\t<div class=\"ct-about-right\">\r\n\t\t<div class=\"ct-about-holder\">\r\n\t        <div class=\"ct-about-subtitle\"><span><\/span><\/div>\r\n\t        <h3 class=\"ct-about-title\">SECOPEDIA HAKKINDA <\/h3>\r\n\t        <div class=\"ct-about-desc\">\nG\u00fcvenlik Ansiklopedisi, Uluslararas\u0131 \u0130li\u015fkilerde g\u00fcvenlik konusunda ilgili kavramlar\u0131 b\u00fcnyesinde toplayan bir \u00e7evrimi\u00e7i ansiklopedidir. Bu Ansiklopedi, alanda benzeri bir \u00e7al\u0131\u015fman\u0131n olmamas\u0131 sebebiyle i\u00e7erik y\u00f6n\u00fcnden zengin bir kaynak olma amac\u0131yla yay\u0131n hayat\u0131na ba\u015flam\u0131\u015ft\u0131r. G\u00fcvenlik Ansiklopedisi, alandaki uzman hocalar taraf\u0131ndan be\u015f kategori alt\u0131nda derlenen 100 kelimeden olu\u015fmaktad\u0131r. Bu be\u015f kategori alt\u0131nda \u201cTemel Kavramlar\u201d, \u201cB\u00f6lgesel G\u00fcvenlik\u201d, \u201cG\u00fcvenlik Kuramlar\u0131\u201d, \u201cG\u00fcvenli\u011fin Konular\u0131\u201d ve \u201cKurumlar ve G\u00fcvenlik\u201d yer almaktad\u0131r. Ansiklopedideki her kavram hakk\u0131nda uzman hocalar taraf\u0131ndan kavram hakk\u0131nda temel bilgileri ve g\u00f6rselleri i\u00e7eren bir metin yer almaktad\u0131r. Bu metinler okuyucuya kavramlar hakk\u0131nda genel bir \u00e7er\u00e7eve sunmak ve okuyucunun kavramlar hakk\u0131nda bilgi sahibi olmas\u0131n\u0131 sa\u011flamak amac\u0131yla tasarlanm\u0131\u015ft\u0131r. Dolay\u0131s\u0131yla G\u00fcvenlik Ansiklopedisi, konuyla ilgili t\u00fcm ara\u015ft\u0131rmac\u0131lara \u00f6nemli bir referans noktas\u0131 olu\u015fturmaktad\u0131r. Ansiklopedi, konuya ilgi duyan \u00f6\u011frencilerin ara\u015ft\u0131rmalar\u0131na katk\u0131 sa\u011flamas\u0131, alan uzmanlar\u0131n\u0131n ve akademisyenlerinin \u00e7al\u0131\u015fmalar\u0131nda ve derslerinde kaynak olarak kullan\u0131lmas\u0131 amac\u0131yla tasarlanm\u0131\u015ft\u0131r. Ek olarak Ansiklopedi, sadece ilgili kavramlar hakk\u0131nda temel bilgiler sunmakla kalmay\u0131p, ayn\u0131 zamanda kavramlar hakk\u0131nda temel okuma, izleme ve dinleme \u00f6nerileri \u00fcretmektedir. Okuma \u00f6nerilerinde kavramla ilgili temel kaynak kitaplar, romanlar, makaleler ve raporlar; izleme \u00f6nerilerinde kavramla ilgili filmler, belgeseller ve videolar; dinleme \u00f6nerilerinde ise kavramla ilgili podcastler ve \u015fark\u0131lar yer almaktad\u0131r. Bu a\u00e7\u0131dan da Ansiklopedi, ilgi \u00e7ekici i\u00e7eriklerle zenginle\u015ftirilmi\u015ftir. G\u00fcvenlik Ansiklopedisi, sadece Uluslararas\u0131 \u0130li\u015fkiler\u2019den de\u011fil, ilgili t\u00fcm disiplinlerden konuya ilgili insanlar\u0131n \u00e7evrimi\u00e7i ortamda konunun uzmanlar\u0131ndan g\u00fcvenilir ve kolay ula\u015f\u0131labilir kaynaklara eri\u015fmesi i\u00e7in \u00f6nemli bir f\u0131rsat sunmaktad\u0131r.<\/div>\r\n\t        \t    <\/div>\r\n\t<\/div>\r\n<\/div>\t\t<\/div>\n\t\t\t\t<\/div>\n\t\t            <\/div>\n        <\/div>\n                            <\/div>\n        <\/section>\n                <section class=\"elementor-section elementor-top-section elementor-element elementor-element-f527f6f elementor-section-boxed elementor-section-height-default elementor-section-height-default ct-header-fixed-none ct-row-max-none\" data-id=\"f527f6f\" data-element_type=\"section\">\n            \n                        <div class=\"elementor-container elementor-column-gap-default \">\n                    <div class=\"elementor-column elementor-col-100 elementor-top-column elementor-element elementor-element-d606587\" data-id=\"d606587\" data-element_type=\"column\">\n            <div class=\"elementor-widget-wrap elementor-element-populated\">\n                        \t\t<div class=\"elementor-element elementor-element-9cc0bf7 elementor-widget elementor-widget-spacer\" data-id=\"9cc0bf7\" data-element_type=\"widget\" data-widget_type=\"spacer.default\">\n\t\t\t\t<div class=\"elementor-widget-container\">\n\t\t\t\t\t<div class=\"elementor-spacer\">\n\t\t\t<div class=\"elementor-spacer-inner\"><\/div>\n\t\t<\/div>\n\t\t\t\t<\/div>\n\t\t\t\t<\/div>\n\t\t            <\/div>\n        <\/div>\n                            <\/div>\n        <\/section>\n                <section class=\"elementor-section elementor-top-section elementor-element elementor-element-beedbc6 elementor-section-boxed elementor-section-height-default elementor-section-height-default ct-header-fixed-none ct-row-max-none\" data-id=\"beedbc6\" data-element_type=\"section\">\n            \n                        <div class=\"elementor-container elementor-column-gap-default \">\n                    <div class=\"elementor-column elementor-col-33 elementor-top-column elementor-element elementor-element-cc17d2a\" data-id=\"cc17d2a\" data-element_type=\"column\">\n            <div class=\"elementor-widget-wrap elementor-element-populated\">\n                        \t\t<div class=\"elementor-element elementor-element-c94b0e6 ekit-equal-height-disable elementor-widget elementor-widget-elementskit-image-box\" data-id=\"c94b0e6\" data-element_type=\"widget\" data-widget_type=\"elementskit-image-box.default\">\n\t\t\t\t<div class=\"elementor-widget-container\">\n\t\t\t<div class=\"ekit-wid-con\" >\n            <div class=\"elementskit-info-image-box ekit-image-box text-center simple-card\" >\n\n                <a href=\"https:\/\/www.globacademy.org\/guvenlik-konulari\/\">\n                <div class=\"elementskit-box-header image-box-img-center\">\n\n                    <img decoding=\"async\" width=\"300\" height=\"300\" src=\"https:\/\/www.globacademy.org\/wp-content\/uploads\/2021\/10\/guvenlik_konulari-300x300.jpg\" class=\"attachment-medium size-medium\" alt=\"\" srcset=\"https:\/\/www.globacademy.org\/wp-content\/uploads\/2021\/10\/guvenlik_konulari-300x300.jpg 300w, https:\/\/www.globacademy.org\/wp-content\/uploads\/2021\/10\/guvenlik_konulari-150x150.jpg 150w, https:\/\/www.globacademy.org\/wp-content\/uploads\/2021\/10\/guvenlik_konulari.jpg 742w\" sizes=\"(max-width: 300px) 100vw, 300px\" \/>\n                <\/div>\n                <\/a>\n                <div class=\"elementskit-box-body ekit-image-box-body\">\n                    <div class=\"elementskit-box-content ekit-image-box-body-inner\">\n                                                <h3 class=\"elementskit-info-box-title\">\n\n                        G\u00fcvenlik Konular\u0131\n                        \n                    <\/h3>\n                                                        <\/div>\n\n                                <div class=\"elementskit-box-footer\">\n                    <div class=\"box-footer\">\n                        <div class=\"btn-wraper\">\n                                                            <a href=\"https:\/\/www.globacademy.org\/guvenlik-konulari\/\" class=\"elementskit-btn whitespace--normal\">\n                                    Kelimeleri G\u00f6r                                <\/a>\n                                                    <\/div>\n                    <\/div>\n                <\/div>\n                            <\/div>\n            <\/div>\n    <\/div>\t\t<\/div>\n\t\t\t\t<\/div>\n\t\t            <\/div>\n        <\/div>\n                <div class=\"elementor-column elementor-col-33 elementor-top-column elementor-element elementor-element-80f759e\" data-id=\"80f759e\" data-element_type=\"column\">\n            <div class=\"elementor-widget-wrap elementor-element-populated\">\n                        \t\t<div class=\"elementor-element elementor-element-0e05664 ekit-equal-height-disable elementor-widget elementor-widget-elementskit-image-box\" data-id=\"0e05664\" data-element_type=\"widget\" data-widget_type=\"elementskit-image-box.default\">\n\t\t\t\t<div class=\"elementor-widget-container\">\n\t\t\t<div class=\"ekit-wid-con\" >\n            <div class=\"elementskit-info-image-box ekit-image-box text-center simple-card\" >\n\n                <a href=\"https:\/\/www.globacademy.org\/bolgesel-guvenlik\/\">\n                <div class=\"elementskit-box-header image-box-img-center\">\n\n                    <img decoding=\"async\" width=\"300\" height=\"300\" src=\"https:\/\/www.globacademy.org\/wp-content\/uploads\/2021\/10\/bolgesel_guvenlik-300x300.jpg\" class=\"attachment-medium size-medium\" alt=\"\" srcset=\"https:\/\/www.globacademy.org\/wp-content\/uploads\/2021\/10\/bolgesel_guvenlik-300x300.jpg 300w, https:\/\/www.globacademy.org\/wp-content\/uploads\/2021\/10\/bolgesel_guvenlik-150x150.jpg 150w, https:\/\/www.globacademy.org\/wp-content\/uploads\/2021\/10\/bolgesel_guvenlik.jpg 576w\" sizes=\"(max-width: 300px) 100vw, 300px\" \/>\n                <\/div>\n                <\/a>\n                <div class=\"elementskit-box-body ekit-image-box-body\">\n                    <div class=\"elementskit-box-content ekit-image-box-body-inner\">\n                                                <h3 class=\"elementskit-info-box-title\">\n\n                        B\u00f6lgesel G\u00fcvenlik\n                        \n                    <\/h3>\n                                                        <\/div>\n\n                                <div class=\"elementskit-box-footer\">\n                    <div class=\"box-footer\">\n                        <div class=\"btn-wraper\">\n                                                            <a href=\"https:\/\/www.globacademy.org\/bolgesel-guvenlik\/\" class=\"elementskit-btn whitespace--normal\">\n                                    Kelimeleri G\u00f6r                                <\/a>\n                                                    <\/div>\n                    <\/div>\n                <\/div>\n                            <\/div>\n            <\/div>\n    <\/div>\t\t<\/div>\n\t\t\t\t<\/div>\n\t\t            <\/div>\n        <\/div>\n                <div class=\"elementor-column elementor-col-33 elementor-top-column elementor-element elementor-element-3ae80ae\" data-id=\"3ae80ae\" data-element_type=\"column\">\n            <div class=\"elementor-widget-wrap elementor-element-populated\">\n                        \t\t<div class=\"elementor-element elementor-element-9935d18 ekit-equal-height-disable elementor-widget elementor-widget-elementskit-image-box\" data-id=\"9935d18\" data-element_type=\"widget\" data-widget_type=\"elementskit-image-box.default\">\n\t\t\t\t<div class=\"elementor-widget-container\">\n\t\t\t<div class=\"ekit-wid-con\" >\n            <div class=\"elementskit-info-image-box ekit-image-box text-center simple-card\" >\n\n                <a href=\"https:\/\/www.globacademy.org\/guvenlik-kuramlari\/\">\n                <div class=\"elementskit-box-header image-box-img-center\">\n\n                    <img decoding=\"async\" width=\"300\" height=\"300\" src=\"https:\/\/www.globacademy.org\/wp-content\/uploads\/2021\/10\/GUVENLIK_KURAMLARI-300x300.jpg\" class=\"attachment-medium size-medium\" alt=\"\" srcset=\"https:\/\/www.globacademy.org\/wp-content\/uploads\/2021\/10\/GUVENLIK_KURAMLARI-300x300.jpg 300w, https:\/\/www.globacademy.org\/wp-content\/uploads\/2021\/10\/GUVENLIK_KURAMLARI-150x150.jpg 150w, https:\/\/www.globacademy.org\/wp-content\/uploads\/2021\/10\/GUVENLIK_KURAMLARI.jpg 683w\" sizes=\"(max-width: 300px) 100vw, 300px\" \/>\n                <\/div>\n                <\/a>\n                <div class=\"elementskit-box-body ekit-image-box-body\">\n                    <div class=\"elementskit-box-content ekit-image-box-body-inner\">\n                                                <h3 class=\"elementskit-info-box-title\">\n\n                        G\u00fcvenlik Kuramlar\u0131\n                        \n                    <\/h3>\n                                                        <\/div>\n\n                                <div class=\"elementskit-box-footer\">\n                    <div class=\"box-footer\">\n                        <div class=\"btn-wraper\">\n                                                            <a href=\"https:\/\/www.globacademy.org\/guvenlik-kuramlari\/\" class=\"elementskit-btn whitespace--normal\">\n                                    Kelimeleri G\u00f6r                                <\/a>\n                                                    <\/div>\n                    <\/div>\n                <\/div>\n                            <\/div>\n            <\/div>\n    <\/div>\t\t<\/div>\n\t\t\t\t<\/div>\n\t\t            <\/div>\n        <\/div>\n                            <\/div>\n        <\/section>\n                <section class=\"elementor-section elementor-top-section elementor-element elementor-element-187d7bb elementor-section-boxed elementor-section-height-default elementor-section-height-default ct-header-fixed-none ct-row-max-none\" data-id=\"187d7bb\" data-element_type=\"section\">\n            \n                        <div class=\"elementor-container elementor-column-gap-default \">\n                    <div class=\"elementor-column elementor-col-25 elementor-top-column elementor-element elementor-element-196919f\" data-id=\"196919f\" data-element_type=\"column\">\n            <div class=\"elementor-widget-wrap\">\n                                    <\/div>\n        <\/div>\n                <div class=\"elementor-column elementor-col-25 elementor-top-column elementor-element elementor-element-68704b1\" data-id=\"68704b1\" data-element_type=\"column\">\n            <div class=\"elementor-widget-wrap elementor-element-populated\">\n                        \t\t<div class=\"elementor-element elementor-element-584c605 ekit-equal-height-disable elementor-widget elementor-widget-elementskit-image-box\" data-id=\"584c605\" data-element_type=\"widget\" data-widget_type=\"elementskit-image-box.default\">\n\t\t\t\t<div class=\"elementor-widget-container\">\n\t\t\t<div class=\"ekit-wid-con\" >\n            <div class=\"elementskit-info-image-box ekit-image-box text-center simple-card\" >\n\n                <a href=\"https:\/\/www.globacademy.org\/kurumlar-ve-guvenlik\/\">\n                <div class=\"elementskit-box-header image-box-img-center\">\n\n                    <img decoding=\"async\" width=\"300\" height=\"300\" src=\"https:\/\/www.globacademy.org\/wp-content\/uploads\/2021\/10\/kurumlar_ve_guvenlik-300x300.jpg\" class=\"attachment-medium size-medium\" alt=\"\" srcset=\"https:\/\/www.globacademy.org\/wp-content\/uploads\/2021\/10\/kurumlar_ve_guvenlik-300x300.jpg 300w, https:\/\/www.globacademy.org\/wp-content\/uploads\/2021\/10\/kurumlar_ve_guvenlik-150x150.jpg 150w, https:\/\/www.globacademy.org\/wp-content\/uploads\/2021\/10\/kurumlar_ve_guvenlik-768x768.jpg 768w, https:\/\/www.globacademy.org\/wp-content\/uploads\/2021\/10\/kurumlar_ve_guvenlik.jpg 922w\" sizes=\"(max-width: 300px) 100vw, 300px\" \/>\n                <\/div>\n                <\/a>\n                <div class=\"elementskit-box-body ekit-image-box-body\">\n                    <div class=\"elementskit-box-content ekit-image-box-body-inner\">\n                                                <h3 class=\"elementskit-info-box-title\">\n\n                        Kurumlar ve G\u00fcvenlik\n                        \n                    <\/h3>\n                                                        <\/div>\n\n                                <div class=\"elementskit-box-footer\">\n                    <div class=\"box-footer\">\n                        <div class=\"btn-wraper\">\n                                                            <a href=\"https:\/\/www.globacademy.org\/kurumlar-ve-guvenlik\/\" class=\"elementskit-btn whitespace--normal\">\n                                    Kelimeleri G\u00f6r                                <\/a>\n                                                    <\/div>\n                    <\/div>\n                <\/div>\n                            <\/div>\n            <\/div>\n    <\/div>\t\t<\/div>\n\t\t\t\t<\/div>\n\t\t            <\/div>\n        <\/div>\n                <div class=\"elementor-column elementor-col-25 elementor-top-column elementor-element elementor-element-a0c2314\" data-id=\"a0c2314\" data-element_type=\"column\">\n            <div class=\"elementor-widget-wrap elementor-element-populated\">\n                        \t\t<div class=\"elementor-element elementor-element-1ca279c ekit-equal-height-disable elementor-widget elementor-widget-elementskit-image-box\" data-id=\"1ca279c\" data-element_type=\"widget\" data-widget_type=\"elementskit-image-box.default\">\n\t\t\t\t<div class=\"elementor-widget-container\">\n\t\t\t<div class=\"ekit-wid-con\" >\n            <div class=\"elementskit-info-image-box ekit-image-box text-center simple-card\" >\n\n                <a href=\"https:\/\/www.globacademy.org\/temel-kavramlar\/\">\n                <div class=\"elementskit-box-header image-box-img-center\">\n\n                    <img decoding=\"async\" width=\"300\" height=\"300\" src=\"https:\/\/www.globacademy.org\/wp-content\/uploads\/2021\/10\/temel_kavramlar-300x300.jpg\" class=\"attachment-medium size-medium\" alt=\"\" srcset=\"https:\/\/www.globacademy.org\/wp-content\/uploads\/2021\/10\/temel_kavramlar-300x300.jpg 300w, https:\/\/www.globacademy.org\/wp-content\/uploads\/2021\/10\/temel_kavramlar-150x150.jpg 150w, https:\/\/www.globacademy.org\/wp-content\/uploads\/2021\/10\/temel_kavramlar.jpg 683w\" sizes=\"(max-width: 300px) 100vw, 300px\" \/>\n                <\/div>\n                <\/a>\n                <div class=\"elementskit-box-body ekit-image-box-body\">\n                    <div class=\"elementskit-box-content ekit-image-box-body-inner\">\n                                                <h3 class=\"elementskit-info-box-title\">\n\n                        Temel Kavramlar\n                        \n                    <\/h3>\n                                                        <\/div>\n\n                                <div class=\"elementskit-box-footer\">\n                    <div class=\"box-footer\">\n                        <div class=\"btn-wraper\">\n                                                            <a href=\"https:\/\/www.globacademy.org\/temel-kavramlar\/\" class=\"elementskit-btn whitespace--normal\">\n                                    Kelimeleri G\u00f6r                                <\/a>\n                                                    <\/div>\n                    <\/div>\n                <\/div>\n                            <\/div>\n            <\/div>\n    <\/div>\t\t<\/div>\n\t\t\t\t<\/div>\n\t\t            <\/div>\n        <\/div>\n                <div class=\"elementor-column elementor-col-25 elementor-top-column elementor-element elementor-element-b3e2041\" data-id=\"b3e2041\" data-element_type=\"column\">\n            <div class=\"elementor-widget-wrap\">\n                                    <\/div>\n        <\/div>\n                            <\/div>\n        <\/section>\n        \t\t\t\t\t<\/div>\n\t\t","protected":false},"excerpt":{"rendered":"","protected":false},"author":2,"featured_media":0,"parent":0,"menu_order":0,"comment_status":"closed","ping_status":"closed","template":"","meta":{"_acf_changed":false,"footnotes":""},"class_list":["post-40946","page","type-page","status-publish","hentry"],"acf":[],"yoast_head":"<!-- This site is optimized with the Yoast SEO plugin v23.7 - https:\/\/yoast.com\/wordpress\/plugins\/seo\/ -->\n<title>Secopedia - Global Academy<\/title>\n<meta name=\"robots\" content=\"index, follow, max-snippet:-1, max-image-preview:large, max-video-preview:-1\" \/>\n<link rel=\"canonical\" href=\"https:\/\/www.globacademy.org\/en\/secopedia\/\" \/>\n<meta property=\"og:locale\" content=\"en_US\" \/>\n<meta property=\"og:type\" content=\"article\" \/>\n<meta property=\"og:title\" content=\"Secopedia - Global Academy\" \/>\n<meta property=\"og:url\" content=\"https:\/\/www.globacademy.org\/en\/secopedia\/\" \/>\n<meta property=\"og:site_name\" content=\"Global Academy\" \/>\n<meta property=\"article:modified_time\" content=\"2022-08-08T15:10:56+00:00\" \/>\n<meta name=\"twitter:card\" content=\"summary_large_image\" \/>\n<script type=\"application\/ld+json\" class=\"yoast-schema-graph\">{\"@context\":\"https:\/\/schema.org\",\"@graph\":[{\"@type\":\"WebPage\",\"@id\":\"https:\/\/www.globacademy.org\/en\/secopedia\/\",\"url\":\"https:\/\/www.globacademy.org\/en\/secopedia\/\",\"name\":\"Secopedia - Global Academy\",\"isPartOf\":{\"@id\":\"https:\/\/www.globacademy.org\/#website\"},\"datePublished\":\"2021-10-08T13:00:10+00:00\",\"dateModified\":\"2022-08-08T15:10:56+00:00\",\"breadcrumb\":{\"@id\":\"https:\/\/www.globacademy.org\/en\/secopedia\/#breadcrumb\"},\"inLanguage\":\"en-US\",\"potentialAction\":[{\"@type\":\"ReadAction\",\"target\":[\"https:\/\/www.globacademy.org\/en\/secopedia\/\"]}]},{\"@type\":\"BreadcrumbList\",\"@id\":\"https:\/\/www.globacademy.org\/en\/secopedia\/#breadcrumb\",\"itemListElement\":[{\"@type\":\"ListItem\",\"position\":1,\"name\":\"Anasayfa\",\"item\":\"https:\/\/www.globacademy.org\/en\/\"},{\"@type\":\"ListItem\",\"position\":2,\"name\":\"Secopedia\"}]},{\"@type\":\"WebSite\",\"@id\":\"https:\/\/www.globacademy.org\/#website\",\"url\":\"https:\/\/www.globacademy.org\/\",\"name\":\"Global Academy\",\"description\":\"Global Academy\",\"potentialAction\":[{\"@type\":\"SearchAction\",\"target\":{\"@type\":\"EntryPoint\",\"urlTemplate\":\"https:\/\/www.globacademy.org\/?s={search_term_string}\"},\"query-input\":{\"@type\":\"PropertyValueSpecification\",\"valueRequired\":true,\"valueName\":\"search_term_string\"}}],\"inLanguage\":\"en-US\"}]}<\/script>\n<!-- \/ Yoast SEO plugin. -->","yoast_head_json":{"title":"Secopedia - Global Academy","robots":{"index":"index","follow":"follow","max-snippet":"max-snippet:-1","max-image-preview":"max-image-preview:large","max-video-preview":"max-video-preview:-1"},"canonical":"https:\/\/www.globacademy.org\/en\/secopedia\/","og_locale":"en_US","og_type":"article","og_title":"Secopedia - Global Academy","og_url":"https:\/\/www.globacademy.org\/en\/secopedia\/","og_site_name":"Global Academy","article_modified_time":"2022-08-08T15:10:56+00:00","twitter_card":"summary_large_image","schema":{"@context":"https:\/\/schema.org","@graph":[{"@type":"WebPage","@id":"https:\/\/www.globacademy.org\/en\/secopedia\/","url":"https:\/\/www.globacademy.org\/en\/secopedia\/","name":"Secopedia - Global Academy","isPartOf":{"@id":"https:\/\/www.globacademy.org\/#website"},"datePublished":"2021-10-08T13:00:10+00:00","dateModified":"2022-08-08T15:10:56+00:00","breadcrumb":{"@id":"https:\/\/www.globacademy.org\/en\/secopedia\/#breadcrumb"},"inLanguage":"en-US","potentialAction":[{"@type":"ReadAction","target":["https:\/\/www.globacademy.org\/en\/secopedia\/"]}]},{"@type":"BreadcrumbList","@id":"https:\/\/www.globacademy.org\/en\/secopedia\/#breadcrumb","itemListElement":[{"@type":"ListItem","position":1,"name":"Anasayfa","item":"https:\/\/www.globacademy.org\/en\/"},{"@type":"ListItem","position":2,"name":"Secopedia"}]},{"@type":"WebSite","@id":"https:\/\/www.globacademy.org\/#website","url":"https:\/\/www.globacademy.org\/","name":"Global Academy","description":"Global Academy","potentialAction":[{"@type":"SearchAction","target":{"@type":"EntryPoint","urlTemplate":"https:\/\/www.globacademy.org\/?s={search_term_string}"},"query-input":{"@type":"PropertyValueSpecification","valueRequired":true,"valueName":"search_term_string"}}],"inLanguage":"en-US"}]}},"_links":{"self":[{"href":"https:\/\/www.globacademy.org\/en\/wp-json\/wp\/v2\/pages\/40946"}],"collection":[{"href":"https:\/\/www.globacademy.org\/en\/wp-json\/wp\/v2\/pages"}],"about":[{"href":"https:\/\/www.globacademy.org\/en\/wp-json\/wp\/v2\/types\/page"}],"author":[{"embeddable":true,"href":"https:\/\/www.globacademy.org\/en\/wp-json\/wp\/v2\/users\/2"}],"replies":[{"embeddable":true,"href":"https:\/\/www.globacademy.org\/en\/wp-json\/wp\/v2\/comments?post=40946"}],"version-history":[{"count":0,"href":"https:\/\/www.globacademy.org\/en\/wp-json\/wp\/v2\/pages\/40946\/revisions"}],"wp:attachment":[{"href":"https:\/\/www.globacademy.org\/en\/wp-json\/wp\/v2\/media?parent=40946"}],"curies":[{"name":"wp","href":"https:\/\/api.w.org\/{rel}","templated":true}]}}