{"id":40934,"date":"2021-12-28T12:47:52","date_gmt":"2021-12-28T12:47:52","guid":{"rendered":"https:\/\/www.globacademy.org\/?page_id=40934"},"modified":"2023-10-27T10:06:45","modified_gmt":"2023-10-27T10:06:45","slug":"events","status":"publish","type":"page","link":"https:\/\/www.globacademy.org\/en\/events\/","title":{"rendered":"Events"},"content":{"rendered":"\t\t<div data-elementor-type=\"wp-page\" data-elementor-id=\"40934\" class=\"elementor elementor-40934\">\n\t\t\t\t\t\t\t        <section class=\"elementor-section elementor-top-section elementor-element elementor-element-ae2d3fe elementor-section-boxed elementor-section-height-default elementor-section-height-default ct-header-fixed-none ct-row-max-none\" data-id=\"ae2d3fe\" data-element_type=\"section\">\n            \n                        <div class=\"elementor-container elementor-column-gap-default \">\n                    <div class=\"elementor-column elementor-col-100 elementor-top-column elementor-element elementor-element-1e0315d\" data-id=\"1e0315d\" data-element_type=\"column\">\n            <div class=\"elementor-widget-wrap elementor-element-populated\">\n                        \t\t<div class=\"elementor-element elementor-element-50fecdc elementor-widget elementor-widget-ct_about_us\" data-id=\"50fecdc\" data-element_type=\"widget\" data-widget_type=\"ct_about_us.default\">\n\t\t\t\t<div class=\"elementor-widget-container\">\n\t\t\t<div class=\"ct-about-us\">\r\n\t<div class=\"ct-about-left\">\r\n\t\t\t<\/div>\r\n\t<div class=\"ct-about-right\">\r\n\t\t<div class=\"ct-about-holder\">\r\n\t        <div class=\"ct-about-subtitle\"><span><\/span><\/div>\r\n\t        <h3 class=\"ct-about-title\">Global Akademi Etkinlikler<\/h3>\r\n\t        <div class=\"ct-about-desc\"><\/div>\r\n\t        \t    <\/div>\r\n\t<\/div>\r\n<\/div>\t\t<\/div>\n\t\t\t\t<\/div>\n\t\t            <\/div>\n        <\/div>\n                            <\/div>\n        <\/section>\n                <section class=\"elementor-section elementor-top-section elementor-element elementor-element-a3c5404 elementor-section-boxed elementor-section-height-default elementor-section-height-default ct-header-fixed-none ct-row-max-none\" data-id=\"a3c5404\" data-element_type=\"section\">\n            \n                        <div class=\"elementor-container elementor-column-gap-default \">\n                    <div class=\"elementor-column elementor-col-100 elementor-top-column elementor-element elementor-element-7c3d1ab\" data-id=\"7c3d1ab\" data-element_type=\"column\">\n            <div class=\"elementor-widget-wrap elementor-element-populated\">\n                        \t\t<div class=\"elementor-element elementor-element-8ad464a elementor-widget elementor-widget-spacer\" data-id=\"8ad464a\" data-element_type=\"widget\" data-widget_type=\"spacer.default\">\n\t\t\t\t<div class=\"elementor-widget-container\">\n\t\t\t\t\t<div class=\"elementor-spacer\">\n\t\t\t<div class=\"elementor-spacer-inner\"><\/div>\n\t\t<\/div>\n\t\t\t\t<\/div>\n\t\t\t\t<\/div>\n\t\t            <\/div>\n        <\/div>\n                            <\/div>\n        <\/section>\n                <section class=\"elementor-section elementor-top-section elementor-element elementor-element-dec6ecd elementor-section-boxed elementor-section-height-default elementor-section-height-default ct-header-fixed-none ct-row-max-none\" data-id=\"dec6ecd\" data-element_type=\"section\">\n            \n                        <div class=\"elementor-container elementor-column-gap-default \">\n                    <div class=\"elementor-column elementor-col-100 elementor-top-column elementor-element elementor-element-3a30872\" data-id=\"3a30872\" data-element_type=\"column\">\n            <div class=\"elementor-widget-wrap\">\n                                    <\/div>\n        <\/div>\n                            <\/div>\n        <\/section>\n                <section class=\"elementor-section elementor-top-section elementor-element elementor-element-52ed043 elementor-section-boxed elementor-section-height-default elementor-section-height-default ct-header-fixed-none ct-row-max-none\" data-id=\"52ed043\" data-element_type=\"section\">\n            \n                        <div class=\"elementor-container elementor-column-gap-default \">\n                    <div class=\"elementor-column elementor-col-25 elementor-top-column elementor-element elementor-element-ff8a15f\" data-id=\"ff8a15f\" data-element_type=\"column\">\n            <div class=\"elementor-widget-wrap elementor-element-populated\">\n                        \t\t<div class=\"elementor-element elementor-element-99dad18 elementor-widget elementor-widget-image\" data-id=\"99dad18\" data-element_type=\"widget\" data-widget_type=\"image.default\">\n\t\t\t\t<div class=\"elementor-widget-container\">\n\t\t\t\t\t\t\t\t\t\t\t\t\t\t\t\t<a href=\"https:\/\/www.globacademy.org\/global-akademi-konusmalari-2\/global-akademi-konusmalari-seminerler\/\">\n\t\t\t\t\t\t\t<img decoding=\"async\" width=\"640\" height=\"480\" src=\"https:\/\/www.globacademy.org\/wp-content\/uploads\/2022\/01\/thumbs_b_c_ad06f653549013f9ec8a00db7323226a.jpg\" class=\"attachment-large size-large\" alt=\"\" srcset=\"https:\/\/www.globacademy.org\/wp-content\/uploads\/2022\/01\/thumbs_b_c_ad06f653549013f9ec8a00db7323226a.jpg 644w, https:\/\/www.globacademy.org\/wp-content\/uploads\/2022\/01\/thumbs_b_c_ad06f653549013f9ec8a00db7323226a-300x225.jpg 300w, https:\/\/www.globacademy.org\/wp-content\/uploads\/2022\/01\/thumbs_b_c_ad06f653549013f9ec8a00db7323226a-400x300.jpg 400w, https:\/\/www.globacademy.org\/wp-content\/uploads\/2022\/01\/thumbs_b_c_ad06f653549013f9ec8a00db7323226a-600x450.jpg 600w\" sizes=\"(max-width: 640px) 100vw, 640px\" \/>\t\t\t\t\t\t\t\t<\/a>\n\t\t\t\t\t\t\t\t\t\t\t\t\t\t\t<\/div>\n\t\t\t\t<\/div>\n\t\t\t\t<div class=\"elementor-element elementor-element-6fc33b1 elementor-widget elementor-widget-spacer\" data-id=\"6fc33b1\" data-element_type=\"widget\" data-widget_type=\"spacer.default\">\n\t\t\t\t<div class=\"elementor-widget-container\">\n\t\t\t\t\t<div class=\"elementor-spacer\">\n\t\t\t<div class=\"elementor-spacer-inner\"><\/div>\n\t\t<\/div>\n\t\t\t\t<\/div>\n\t\t\t\t<\/div>\n\t\t\t\t<div class=\"elementor-element elementor-element-17aca36 elementor-widget elementor-widget-heading\" data-id=\"17aca36\" data-element_type=\"widget\" data-widget_type=\"heading.default\">\n\t\t\t\t<div class=\"elementor-widget-container\">\n\t\t\t<h6 class=\"elementor-heading-title elementor-size-default\"><a href=\"https:\/\/www.globacademy.org\/global-akademi-konusmalari-2\/global-akademi-konusmalari-seminerler\/\">Global Akademi Konu\u015fmalar\u0131<\/a><\/h6>\t\t<\/div>\n\t\t\t\t<\/div>\n\t\t            <\/div>\n        <\/div>\n                <div class=\"elementor-column elementor-col-25 elementor-top-column elementor-element elementor-element-6cf7c47\" data-id=\"6cf7c47\" data-element_type=\"column\">\n            <div class=\"elementor-widget-wrap elementor-element-populated\">\n                        \t\t<div class=\"elementor-element elementor-element-0f22f40 elementor-widget elementor-widget-image\" data-id=\"0f22f40\" data-element_type=\"widget\" data-widget_type=\"image.default\">\n\t\t\t\t<div class=\"elementor-widget-container\">\n\t\t\t\t\t\t\t\t\t\t\t\t\t\t\t\t<a href=\"https:\/\/www.globacademy.org\/dis-politika-konusmalari-foreign-policy-talks\/\">\n\t\t\t\t\t\t\t<img decoding=\"async\" width=\"640\" height=\"480\" src=\"https:\/\/www.globacademy.org\/wp-content\/uploads\/2021\/11\/FPTS_Logo-1024x768-1.jpg\" class=\"attachment-large size-large\" alt=\"\" srcset=\"https:\/\/www.globacademy.org\/wp-content\/uploads\/2021\/11\/FPTS_Logo-1024x768-1.jpg 1024w, https:\/\/www.globacademy.org\/wp-content\/uploads\/2021\/11\/FPTS_Logo-1024x768-1-300x225.jpg 300w, https:\/\/www.globacademy.org\/wp-content\/uploads\/2021\/11\/FPTS_Logo-1024x768-1-768x576.jpg 768w, https:\/\/www.globacademy.org\/wp-content\/uploads\/2021\/11\/FPTS_Logo-1024x768-1-400x300.jpg 400w, https:\/\/www.globacademy.org\/wp-content\/uploads\/2021\/11\/FPTS_Logo-1024x768-1-600x450.jpg 600w\" sizes=\"(max-width: 640px) 100vw, 640px\" \/>\t\t\t\t\t\t\t\t<\/a>\n\t\t\t\t\t\t\t\t\t\t\t\t\t\t\t<\/div>\n\t\t\t\t<\/div>\n\t\t\t\t<div class=\"elementor-element elementor-element-9c6df53 elementor-widget elementor-widget-spacer\" data-id=\"9c6df53\" data-element_type=\"widget\" data-widget_type=\"spacer.default\">\n\t\t\t\t<div class=\"elementor-widget-container\">\n\t\t\t\t\t<div class=\"elementor-spacer\">\n\t\t\t<div class=\"elementor-spacer-inner\"><\/div>\n\t\t<\/div>\n\t\t\t\t<\/div>\n\t\t\t\t<\/div>\n\t\t\t\t<div class=\"elementor-element elementor-element-03f56c5 elementor-widget elementor-widget-heading\" data-id=\"03f56c5\" data-element_type=\"widget\" data-widget_type=\"heading.default\">\n\t\t\t\t<div class=\"elementor-widget-container\">\n\t\t\t<h6 class=\"elementor-heading-title elementor-size-default\"><a href=\"https:\/\/www.globacademy.org\/dis-politika-konusmalari-foreign-policy-talks\/\">D\u0131\u015f Politika Konu\u015fmalar\u0131<\/a><\/h6>\t\t<\/div>\n\t\t\t\t<\/div>\n\t\t            <\/div>\n        <\/div>\n                <div class=\"elementor-column elementor-col-25 elementor-top-column elementor-element elementor-element-f17fe59\" data-id=\"f17fe59\" data-element_type=\"column\">\n            <div class=\"elementor-widget-wrap elementor-element-populated\">\n                        \t\t<div class=\"elementor-element elementor-element-584f95e elementor-widget elementor-widget-image\" data-id=\"584f95e\" data-element_type=\"widget\" data-widget_type=\"image.default\">\n\t\t\t\t<div class=\"elementor-widget-container\">\n\t\t\t\t\t\t\t\t\t\t\t\t\t\t\t\t<a href=\"https:\/\/www.globacademy.org\/kuresel-guvenlik-degerlendirmeleri\/\">\n\t\t\t\t\t\t\t<img decoding=\"async\" width=\"640\" height=\"480\" src=\"https:\/\/www.globacademy.org\/wp-content\/uploads\/2022\/01\/millennial-asia-businessmen-businesswomen-meeting-brainstorming-ideas-about-new-paperwork-project-colleagues-working-together-planning-success-strategy-enjoy-teamwork-small-modern-night-office.jpg\" class=\"attachment-large size-large\" alt=\"\" srcset=\"https:\/\/www.globacademy.org\/wp-content\/uploads\/2022\/01\/millennial-asia-businessmen-businesswomen-meeting-brainstorming-ideas-about-new-paperwork-project-colleagues-working-together-planning-success-strategy-enjoy-teamwork-small-modern-night-office.jpg 1024w, https:\/\/www.globacademy.org\/wp-content\/uploads\/2022\/01\/millennial-asia-businessmen-businesswomen-meeting-brainstorming-ideas-about-new-paperwork-project-colleagues-working-together-planning-success-strategy-enjoy-teamwork-small-modern-night-office-300x225.jpg 300w, https:\/\/www.globacademy.org\/wp-content\/uploads\/2022\/01\/millennial-asia-businessmen-businesswomen-meeting-brainstorming-ideas-about-new-paperwork-project-colleagues-working-together-planning-success-strategy-enjoy-teamwork-small-modern-night-office-768x576.jpg 768w, https:\/\/www.globacademy.org\/wp-content\/uploads\/2022\/01\/millennial-asia-businessmen-businesswomen-meeting-brainstorming-ideas-about-new-paperwork-project-colleagues-working-together-planning-success-strategy-enjoy-teamwork-small-modern-night-office-400x300.jpg 400w, https:\/\/www.globacademy.org\/wp-content\/uploads\/2022\/01\/millennial-asia-businessmen-businesswomen-meeting-brainstorming-ideas-about-new-paperwork-project-colleagues-working-together-planning-success-strategy-enjoy-teamwork-small-modern-night-office-600x450.jpg 600w\" sizes=\"(max-width: 640px) 100vw, 640px\" \/>\t\t\t\t\t\t\t\t<\/a>\n\t\t\t\t\t\t\t\t\t\t\t\t\t\t\t<\/div>\n\t\t\t\t<\/div>\n\t\t\t\t<div class=\"elementor-element elementor-element-0aec4ad elementor-widget elementor-widget-spacer\" data-id=\"0aec4ad\" data-element_type=\"widget\" data-widget_type=\"spacer.default\">\n\t\t\t\t<div class=\"elementor-widget-container\">\n\t\t\t\t\t<div class=\"elementor-spacer\">\n\t\t\t<div class=\"elementor-spacer-inner\"><\/div>\n\t\t<\/div>\n\t\t\t\t<\/div>\n\t\t\t\t<\/div>\n\t\t\t\t<div class=\"elementor-element elementor-element-20f09c2 elementor-widget elementor-widget-heading\" data-id=\"20f09c2\" data-element_type=\"widget\" data-widget_type=\"heading.default\">\n\t\t\t\t<div class=\"elementor-widget-container\">\n\t\t\t<h6 class=\"elementor-heading-title elementor-size-default\"><a href=\"https:\/\/www.globacademy.org\/kuresel-guvenlik-degerlendirmeleri\/\">K\u00fcresel G\u00fcvenlik De\u011ferlendirmeleri<\/a><\/h6>\t\t<\/div>\n\t\t\t\t<\/div>\n\t\t            <\/div>\n        <\/div>\n                <div class=\"elementor-column elementor-col-25 elementor-top-column elementor-element elementor-element-5466fd4\" data-id=\"5466fd4\" data-element_type=\"column\">\n            <div class=\"elementor-widget-wrap elementor-element-populated\">\n                        \t\t<div class=\"elementor-element elementor-element-0473ff6 elementor-widget elementor-widget-image\" data-id=\"0473ff6\" data-element_type=\"widget\" data-widget_type=\"image.default\">\n\t\t\t\t<div class=\"elementor-widget-container\">\n\t\t\t\t\t\t\t\t\t\t\t\t\t\t\t\t<a href=\"https:\/\/www.globacademy.org\/diger-toplantilar\/\">\n\t\t\t\t\t\t\t<img decoding=\"async\" width=\"640\" height=\"480\" src=\"https:\/\/www.globacademy.org\/wp-content\/uploads\/2022\/01\/group-people-working-out-business-plan-office.jpg\" class=\"attachment-large size-large\" alt=\"\" srcset=\"https:\/\/www.globacademy.org\/wp-content\/uploads\/2022\/01\/group-people-working-out-business-plan-office.jpg 1024w, https:\/\/www.globacademy.org\/wp-content\/uploads\/2022\/01\/group-people-working-out-business-plan-office-300x225.jpg 300w, https:\/\/www.globacademy.org\/wp-content\/uploads\/2022\/01\/group-people-working-out-business-plan-office-768x576.jpg 768w, https:\/\/www.globacademy.org\/wp-content\/uploads\/2022\/01\/group-people-working-out-business-plan-office-400x300.jpg 400w, https:\/\/www.globacademy.org\/wp-content\/uploads\/2022\/01\/group-people-working-out-business-plan-office-600x450.jpg 600w\" sizes=\"(max-width: 640px) 100vw, 640px\" \/>\t\t\t\t\t\t\t\t<\/a>\n\t\t\t\t\t\t\t\t\t\t\t\t\t\t\t<\/div>\n\t\t\t\t<\/div>\n\t\t\t\t<div class=\"elementor-element elementor-element-eb9da84 elementor-widget elementor-widget-spacer\" data-id=\"eb9da84\" data-element_type=\"widget\" data-widget_type=\"spacer.default\">\n\t\t\t\t<div class=\"elementor-widget-container\">\n\t\t\t\t\t<div class=\"elementor-spacer\">\n\t\t\t<div class=\"elementor-spacer-inner\"><\/div>\n\t\t<\/div>\n\t\t\t\t<\/div>\n\t\t\t\t<\/div>\n\t\t\t\t<div class=\"elementor-element elementor-element-c22c6cf elementor-widget elementor-widget-heading\" data-id=\"c22c6cf\" data-element_type=\"widget\" data-widget_type=\"heading.default\">\n\t\t\t\t<div class=\"elementor-widget-container\">\n\t\t\t<h6 class=\"elementor-heading-title elementor-size-default\"><a href=\"https:\/\/www.globacademy.org\/diger-toplantilar\/\">Di\u011fer Toplant\u0131lar<\/a><\/h6>\t\t<\/div>\n\t\t\t\t<\/div>\n\t\t            <\/div>\n        <\/div>\n                            <\/div>\n        <\/section>\n        \t\t\t\t\t<\/div>\n\t\t","protected":false},"excerpt":{"rendered":"","protected":false},"author":2,"featured_media":0,"parent":0,"menu_order":0,"comment_status":"closed","ping_status":"closed","template":"","meta":{"_acf_changed":false,"footnotes":""},"class_list":["post-40934","page","type-page","status-publish","hentry"],"acf":[],"yoast_head":"<!-- This site is optimized with the Yoast SEO plugin v23.7 - https:\/\/yoast.com\/wordpress\/plugins\/seo\/ -->\n<title>Events - Global Academy<\/title>\n<meta name=\"robots\" content=\"index, follow, max-snippet:-1, max-image-preview:large, max-video-preview:-1\" \/>\n<link rel=\"canonical\" href=\"https:\/\/www.globacademy.org\/en\/events\/\" \/>\n<meta property=\"og:locale\" content=\"en_US\" \/>\n<meta property=\"og:type\" content=\"article\" \/>\n<meta property=\"og:title\" content=\"Events - Global Academy\" \/>\n<meta property=\"og:url\" content=\"https:\/\/www.globacademy.org\/en\/events\/\" \/>\n<meta property=\"og:site_name\" content=\"Global Academy\" \/>\n<meta property=\"article:modified_time\" content=\"2023-10-27T10:06:45+00:00\" \/>\n<meta name=\"twitter:card\" content=\"summary_large_image\" \/>\n<script type=\"application\/ld+json\" class=\"yoast-schema-graph\">{\"@context\":\"https:\/\/schema.org\",\"@graph\":[{\"@type\":\"WebPage\",\"@id\":\"https:\/\/www.globacademy.org\/en\/events\/\",\"url\":\"https:\/\/www.globacademy.org\/en\/events\/\",\"name\":\"Events - Global Academy\",\"isPartOf\":{\"@id\":\"https:\/\/www.globacademy.org\/#website\"},\"datePublished\":\"2021-12-28T12:47:52+00:00\",\"dateModified\":\"2023-10-27T10:06:45+00:00\",\"breadcrumb\":{\"@id\":\"https:\/\/www.globacademy.org\/en\/events\/#breadcrumb\"},\"inLanguage\":\"en-US\",\"potentialAction\":[{\"@type\":\"ReadAction\",\"target\":[\"https:\/\/www.globacademy.org\/en\/events\/\"]}]},{\"@type\":\"BreadcrumbList\",\"@id\":\"https:\/\/www.globacademy.org\/en\/events\/#breadcrumb\",\"itemListElement\":[{\"@type\":\"ListItem\",\"position\":1,\"name\":\"Anasayfa\",\"item\":\"https:\/\/www.globacademy.org\/en\/\"},{\"@type\":\"ListItem\",\"position\":2,\"name\":\"Events\"}]},{\"@type\":\"WebSite\",\"@id\":\"https:\/\/www.globacademy.org\/#website\",\"url\":\"https:\/\/www.globacademy.org\/\",\"name\":\"Global Academy\",\"description\":\"Global Academy\",\"potentialAction\":[{\"@type\":\"SearchAction\",\"target\":{\"@type\":\"EntryPoint\",\"urlTemplate\":\"https:\/\/www.globacademy.org\/?s={search_term_string}\"},\"query-input\":{\"@type\":\"PropertyValueSpecification\",\"valueRequired\":true,\"valueName\":\"search_term_string\"}}],\"inLanguage\":\"en-US\"}]}<\/script>\n<!-- \/ Yoast SEO plugin. -->","yoast_head_json":{"title":"Events - Global Academy","robots":{"index":"index","follow":"follow","max-snippet":"max-snippet:-1","max-image-preview":"max-image-preview:large","max-video-preview":"max-video-preview:-1"},"canonical":"https:\/\/www.globacademy.org\/en\/events\/","og_locale":"en_US","og_type":"article","og_title":"Events - Global Academy","og_url":"https:\/\/www.globacademy.org\/en\/events\/","og_site_name":"Global Academy","article_modified_time":"2023-10-27T10:06:45+00:00","twitter_card":"summary_large_image","schema":{"@context":"https:\/\/schema.org","@graph":[{"@type":"WebPage","@id":"https:\/\/www.globacademy.org\/en\/events\/","url":"https:\/\/www.globacademy.org\/en\/events\/","name":"Events - Global Academy","isPartOf":{"@id":"https:\/\/www.globacademy.org\/#website"},"datePublished":"2021-12-28T12:47:52+00:00","dateModified":"2023-10-27T10:06:45+00:00","breadcrumb":{"@id":"https:\/\/www.globacademy.org\/en\/events\/#breadcrumb"},"inLanguage":"en-US","potentialAction":[{"@type":"ReadAction","target":["https:\/\/www.globacademy.org\/en\/events\/"]}]},{"@type":"BreadcrumbList","@id":"https:\/\/www.globacademy.org\/en\/events\/#breadcrumb","itemListElement":[{"@type":"ListItem","position":1,"name":"Anasayfa","item":"https:\/\/www.globacademy.org\/en\/"},{"@type":"ListItem","position":2,"name":"Events"}]},{"@type":"WebSite","@id":"https:\/\/www.globacademy.org\/#website","url":"https:\/\/www.globacademy.org\/","name":"Global Academy","description":"Global Academy","potentialAction":[{"@type":"SearchAction","target":{"@type":"EntryPoint","urlTemplate":"https:\/\/www.globacademy.org\/?s={search_term_string}"},"query-input":{"@type":"PropertyValueSpecification","valueRequired":true,"valueName":"search_term_string"}}],"inLanguage":"en-US"}]}},"_links":{"self":[{"href":"https:\/\/www.globacademy.org\/en\/wp-json\/wp\/v2\/pages\/40934"}],"collection":[{"href":"https:\/\/www.globacademy.org\/en\/wp-json\/wp\/v2\/pages"}],"about":[{"href":"https:\/\/www.globacademy.org\/en\/wp-json\/wp\/v2\/types\/page"}],"author":[{"embeddable":true,"href":"https:\/\/www.globacademy.org\/en\/wp-json\/wp\/v2\/users\/2"}],"replies":[{"embeddable":true,"href":"https:\/\/www.globacademy.org\/en\/wp-json\/wp\/v2\/comments?post=40934"}],"version-history":[{"count":0,"href":"https:\/\/www.globacademy.org\/en\/wp-json\/wp\/v2\/pages\/40934\/revisions"}],"wp:attachment":[{"href":"https:\/\/www.globacademy.org\/en\/wp-json\/wp\/v2\/media?parent=40934"}],"curies":[{"name":"wp","href":"https:\/\/api.w.org\/{rel}","templated":true}]}}