{"id":40931,"date":"2022-01-03T11:21:24","date_gmt":"2022-01-03T11:21:24","guid":{"rendered":"https:\/\/www.globacademy.org\/?page_id=40931"},"modified":"2022-08-31T16:11:00","modified_gmt":"2022-08-31T16:11:00","slug":"previous-academies","status":"publish","type":"page","link":"https:\/\/www.globacademy.org\/en\/foreign-policy-academy\/previous-academies\/","title":{"rendered":"Previous Academies"},"content":{"rendered":"\t\t<div data-elementor-type=\"wp-page\" data-elementor-id=\"40931\" class=\"elementor elementor-40931\">\n\t\t\t\t\t\t\t        <section class=\"elementor-section elementor-top-section elementor-element elementor-element-9f44590 elementor-section-boxed elementor-section-height-default elementor-section-height-default ct-header-fixed-none ct-row-max-none\" data-id=\"9f44590\" data-element_type=\"section\">\n            \n                        <div class=\"elementor-container elementor-column-gap-default \">\n                    <div class=\"elementor-column elementor-col-100 elementor-top-column elementor-element elementor-element-270a89c\" data-id=\"270a89c\" data-element_type=\"column\">\n            <div class=\"elementor-widget-wrap elementor-element-populated\">\n                        \t\t<div class=\"elementor-element elementor-element-11626b5 elementor-widget elementor-widget-elementskit-blog-posts\" data-id=\"11626b5\" data-element_type=\"widget\" data-widget_type=\"elementskit-blog-posts.default\">\n\t\t\t\t<div class=\"elementor-widget-container\">\n\t\t\t<div class=\"ekit-wid-con\" >        <div id=\"post-items--11626b5\" class=\"row post-items\">\n                    <div class=\"col-lg-3 col-md-6\">\n\n                                    <div class=\"elementskit-post-image-card\">\n                        <div class=\"elementskit-entry-header\">\n                                                            <a href=\"https:\/\/www.globacademy.org\/en\/dis-politika-akademisi-v\/\" class=\"elementskit-entry-thumb\">\n                                    <img decoding=\"async\" src=\"https:\/\/www.globacademy.org\/wp-content\/uploads\/2019\/02\/Eskisehir-2.png\" alt=\"Foreign Policy Academy V\">\n                                <\/a><!-- .elementskit-entry-thumb END -->\n                                                            \n                            \n\t\t\t\t\t\t\t\t\t\t\t\t\t<\/div><!-- .elementskit-entry-header END -->\n\n\t\t\t\t\t\t<div class=\"elementskit-post-body \">\n\t\t\t\t\t\t\t\n\t\t\t\t\t\t\t\t\t\t\t\t\t\t\t\t\t\t\t\t\t\t\t\t\t\n\t\t\t\t\t\t\t\t\n\t\t\t\t\t\t\t\t\t\t\t\t\t\t\t\t\t\t\t\t\t<h2 class=\"entry-title\">\n\t\t\t\t\t<a href=\"https:\/\/www.globacademy.org\/en\/dis-politika-akademisi-v\/\">\n\t\t\t\t\t\tForeign Policy Academy V\t\t\t\t\t<\/a>\n\t\t\t\t<\/h2>\n\t\t\t\t\t\t\t\t\t\t\t\t\t\t\t\t\t\t\t\t\t\t\t\t\t\t\t\t\t\t\t\t                                                            <div class=\"btn-wraper\">\n                                    \n                                                                            <a class=\"elementskit-btn btn btn-warning whitespace--normal\" id=\"\" href=\"https:\/\/www.globacademy.org\/en\/dis-politika-akademisi-v\/\">\n                                        \t                                            Read More                                        <\/a>\n                                                                    <\/div>\n                                                    <\/div><!-- .elementskit-post-body END -->\n                    <\/div>\n                \n            <\/div>\n                    <div class=\"col-lg-3 col-md-6\">\n\n                                    <div class=\"elementskit-post-image-card\">\n                        <div class=\"elementskit-entry-header\">\n                                                            <a href=\"https:\/\/www.globacademy.org\/en\/dis-politika-akademisi-iv\/\" class=\"elementskit-entry-thumb\">\n                                    <img decoding=\"async\" src=\"https:\/\/www.globacademy.org\/wp-content\/uploads\/2015\/01\/1548140384-dispolitika-e1641213775943.jpg\" alt=\"Foreign Policy Academy IV\">\n                                <\/a><!-- .elementskit-entry-thumb END -->\n                                                            \n                            \n\t\t\t\t\t\t\t\t\t\t\t\t\t<\/div><!-- .elementskit-entry-header END -->\n\n\t\t\t\t\t\t<div class=\"elementskit-post-body \">\n\t\t\t\t\t\t\t\n\t\t\t\t\t\t\t\t\t\t\t\t\t\t\t\t\t\t\t\t\t\t\t\t\t\n\t\t\t\t\t\t\t\t\n\t\t\t\t\t\t\t\t\t\t\t\t\t\t\t\t\t\t\t\t\t<h2 class=\"entry-title\">\n\t\t\t\t\t<a href=\"https:\/\/www.globacademy.org\/en\/dis-politika-akademisi-iv\/\">\n\t\t\t\t\t\tForeign Policy Academy IV\t\t\t\t\t<\/a>\n\t\t\t\t<\/h2>\n\t\t\t\t\t\t\t\t\t\t\t\t\t\t\t\t\t\t\t\t\t\t\t\t\t\t\t\t\t\t\t\t                                                            <div class=\"btn-wraper\">\n                                    \n                                                                            <a class=\"elementskit-btn btn btn-warning whitespace--normal\" id=\"\" href=\"https:\/\/www.globacademy.org\/en\/dis-politika-akademisi-iv\/\">\n                                        \t                                            Read More                                        <\/a>\n                                                                    <\/div>\n                                                    <\/div><!-- .elementskit-post-body END -->\n                    <\/div>\n                \n            <\/div>\n                    <div class=\"col-lg-3 col-md-6\">\n\n                                    <div class=\"elementskit-post-image-card\">\n                        <div class=\"elementskit-entry-header\">\n                                                            <a href=\"https:\/\/www.globacademy.org\/en\/dis-politika-akademisi-iii\/\" class=\"elementskit-entry-thumb\">\n                                    <img decoding=\"async\" src=\"https:\/\/www.globacademy.org\/wp-content\/uploads\/2017\/03\/WhatsApp-Image-2022-01-03-at-17.15.36-2.jpeg\" alt=\"Foreign Policy Academy III\">\n                                <\/a><!-- .elementskit-entry-thumb END -->\n                                                            \n                            \n\t\t\t\t\t\t\t\t\t\t\t\t\t<\/div><!-- .elementskit-entry-header END -->\n\n\t\t\t\t\t\t<div class=\"elementskit-post-body \">\n\t\t\t\t\t\t\t\n\t\t\t\t\t\t\t\t\t\t\t\t\t\t\t\t\t\t\t\t\t\t\t\t\t\n\t\t\t\t\t\t\t\t\n\t\t\t\t\t\t\t\t\t\t\t\t\t\t\t\t\t\t\t\t\t<h2 class=\"entry-title\">\n\t\t\t\t\t<a href=\"https:\/\/www.globacademy.org\/en\/dis-politika-akademisi-iii\/\">\n\t\t\t\t\t\tForeign Policy Academy III\t\t\t\t\t<\/a>\n\t\t\t\t<\/h2>\n\t\t\t\t\t\t\t\t\t\t\t\t\t\t\t\t\t\t\t\t\t\t\t\t\t\t\t\t\t\t\t\t                                                            <div class=\"btn-wraper\">\n                                    \n                                                                            <a class=\"elementskit-btn btn btn-warning whitespace--normal\" id=\"\" href=\"https:\/\/www.globacademy.org\/en\/dis-politika-akademisi-iii\/\">\n                                        \t                                            Read More                                        <\/a>\n                                                                    <\/div>\n                                                    <\/div><!-- .elementskit-post-body END -->\n                    <\/div>\n                \n            <\/div>\n                    <div class=\"col-lg-3 col-md-6\">\n\n                                    <div class=\"elementskit-post-image-card\">\n                        <div class=\"elementskit-entry-header\">\n                                                            <a href=\"https:\/\/www.globacademy.org\/en\/dis-politika-akademisi-ii\/\" class=\"elementskit-entry-thumb\">\n                                    <img decoding=\"async\" src=\"https:\/\/www.globacademy.org\/wp-content\/uploads\/2015\/01\/1548140384-dispolitika-e1641213775943.jpg\" alt=\"Foreign Policy Academy II\">\n                                <\/a><!-- .elementskit-entry-thumb END -->\n                                                            \n                            \n\t\t\t\t\t\t\t\t\t\t\t\t\t<\/div><!-- .elementskit-entry-header END -->\n\n\t\t\t\t\t\t<div class=\"elementskit-post-body \">\n\t\t\t\t\t\t\t\n\t\t\t\t\t\t\t\t\t\t\t\t\t\t\t\t\t\t\t\t\t\t\t\t\t\n\t\t\t\t\t\t\t\t\n\t\t\t\t\t\t\t\t\t\t\t\t\t\t\t\t\t\t\t\t\t<h2 class=\"entry-title\">\n\t\t\t\t\t<a href=\"https:\/\/www.globacademy.org\/en\/dis-politika-akademisi-ii\/\">\n\t\t\t\t\t\tForeign Policy Academy II\t\t\t\t\t<\/a>\n\t\t\t\t<\/h2>\n\t\t\t\t\t\t\t\t\t\t\t\t\t\t\t\t\t\t\t\t\t\t\t\t\t\t\t\t\t\t\t\t                                                            <div class=\"btn-wraper\">\n                                    \n                                                                            <a class=\"elementskit-btn btn btn-warning whitespace--normal\" id=\"\" href=\"https:\/\/www.globacademy.org\/en\/dis-politika-akademisi-ii\/\">\n                                        \t                                            Read More                                        <\/a>\n                                                                    <\/div>\n                                                    <\/div><!-- .elementskit-post-body END -->\n                    <\/div>\n                \n            <\/div>\n                    <div class=\"col-lg-3 col-md-6\">\n\n                                    <div class=\"elementskit-post-image-card\">\n                        <div class=\"elementskit-entry-header\">\n                                                            <a href=\"https:\/\/www.globacademy.org\/en\/dis-politika-akademisi-i\/\" class=\"elementskit-entry-thumb\">\n                                    <img decoding=\"async\" src=\"https:\/\/www.globacademy.org\/wp-content\/uploads\/2015\/01\/1548140384-dispolitika-e1641213775943.jpg\" alt=\"Foreign Policy Academy I\">\n                                <\/a><!-- .elementskit-entry-thumb END -->\n                                                            \n                            \n\t\t\t\t\t\t\t\t\t\t\t\t\t<\/div><!-- .elementskit-entry-header END -->\n\n\t\t\t\t\t\t<div class=\"elementskit-post-body \">\n\t\t\t\t\t\t\t\n\t\t\t\t\t\t\t\t\t\t\t\t\t\t\t\t\t\t\t\t\t\t\t\t\t\n\t\t\t\t\t\t\t\t\n\t\t\t\t\t\t\t\t\t\t\t\t\t\t\t\t\t\t\t\t\t<h2 class=\"entry-title\">\n\t\t\t\t\t<a href=\"https:\/\/www.globacademy.org\/en\/dis-politika-akademisi-i\/\">\n\t\t\t\t\t\tForeign Policy Academy I\t\t\t\t\t<\/a>\n\t\t\t\t<\/h2>\n\t\t\t\t\t\t\t\t\t\t\t\t\t\t\t\t\t\t\t\t\t\t\t\t\t\t\t\t\t\t\t\t                                                            <div class=\"btn-wraper\">\n                                    \n                                                                            <a class=\"elementskit-btn btn btn-warning whitespace--normal\" id=\"\" href=\"https:\/\/www.globacademy.org\/en\/dis-politika-akademisi-i\/\">\n                                        \t                                            Read More                                        <\/a>\n                                                                    <\/div>\n                                                    <\/div><!-- .elementskit-post-body END -->\n                    <\/div>\n                \n            <\/div>\n                <\/div>\n       <\/div>\t\t<\/div>\n\t\t\t\t<\/div>\n\t\t            <\/div>\n        <\/div>\n                            <\/div>\n        <\/section>\n        \t\t\t\t\t<\/div>\n\t\t","protected":false},"excerpt":{"rendered":"<p>D\u0131\u015f Politika Akademisi V Read More D\u0131\u015f Politika Akademisi IV Read More D\u0131\u015f Politika Akademisi III Read More D\u0131\u015f Politika Akademisi II Read More D\u0131\u015f Politika Akademisi I Read More<\/p>\n","protected":false},"author":2,"featured_media":0,"parent":40656,"menu_order":0,"comment_status":"closed","ping_status":"closed","template":"","meta":{"_acf_changed":false,"footnotes":""},"class_list":["post-40931","page","type-page","status-publish","hentry"],"acf":[],"yoast_head":"<!-- This site is optimized with the Yoast SEO plugin v23.7 - https:\/\/yoast.com\/wordpress\/plugins\/seo\/ -->\n<title>Previous Academies - Global Academy<\/title>\n<meta name=\"robots\" content=\"index, follow, max-snippet:-1, max-image-preview:large, max-video-preview:-1\" \/>\n<link rel=\"canonical\" href=\"https:\/\/www.globacademy.org\/dis-politika-akademisi\/onceki-akademiler\/\" \/>\n<meta property=\"og:locale\" content=\"en_US\" \/>\n<meta property=\"og:type\" content=\"article\" \/>\n<meta property=\"og:title\" content=\"Previous Academies - Global Academy\" \/>\n<meta property=\"og:description\" content=\"D\u0131\u015f Politika Akademisi V Read More D\u0131\u015f Politika Akademisi IV Read More D\u0131\u015f Politika Akademisi III Read More D\u0131\u015f Politika Akademisi II Read More D\u0131\u015f Politika Akademisi I Read More\" \/>\n<meta property=\"og:url\" content=\"https:\/\/www.globacademy.org\/dis-politika-akademisi\/onceki-akademiler\/\" \/>\n<meta property=\"og:site_name\" content=\"Global Academy\" \/>\n<meta property=\"article:modified_time\" content=\"2022-08-31T16:11:00+00:00\" \/>\n<meta property=\"og:image\" content=\"https:\/\/www.globacademy.org\/wp-content\/uploads\/2019\/02\/Eskisehir-2.png\" \/>\n<meta name=\"twitter:card\" content=\"summary_large_image\" \/>\n<meta name=\"twitter:label1\" content=\"Est. reading time\" \/>\n\t<meta name=\"twitter:data1\" content=\"2 minutes\" \/>\n<script type=\"application\/ld+json\" class=\"yoast-schema-graph\">{\"@context\":\"https:\/\/schema.org\",\"@graph\":[{\"@type\":\"WebPage\",\"@id\":\"https:\/\/www.globacademy.org\/dis-politika-akademisi\/onceki-akademiler\/\",\"url\":\"https:\/\/www.globacademy.org\/dis-politika-akademisi\/onceki-akademiler\/\",\"name\":\"Previous Academies - Global Academy\",\"isPartOf\":{\"@id\":\"https:\/\/www.globacademy.org\/#website\"},\"primaryImageOfPage\":{\"@id\":\"https:\/\/www.globacademy.org\/dis-politika-akademisi\/onceki-akademiler\/#primaryimage\"},\"image\":{\"@id\":\"https:\/\/www.globacademy.org\/dis-politika-akademisi\/onceki-akademiler\/#primaryimage\"},\"thumbnailUrl\":\"https:\/\/www.globacademy.org\/wp-content\/uploads\/2019\/02\/Eskisehir-2.png\",\"datePublished\":\"2022-01-03T11:21:24+00:00\",\"dateModified\":\"2022-08-31T16:11:00+00:00\",\"breadcrumb\":{\"@id\":\"https:\/\/www.globacademy.org\/dis-politika-akademisi\/onceki-akademiler\/#breadcrumb\"},\"inLanguage\":\"en-US\",\"potentialAction\":[{\"@type\":\"ReadAction\",\"target\":[\"https:\/\/www.globacademy.org\/dis-politika-akademisi\/onceki-akademiler\/\"]}]},{\"@type\":\"ImageObject\",\"inLanguage\":\"en-US\",\"@id\":\"https:\/\/www.globacademy.org\/dis-politika-akademisi\/onceki-akademiler\/#primaryimage\",\"url\":\"https:\/\/www.globacademy.org\/wp-content\/uploads\/2019\/02\/Eskisehir-2.png\",\"contentUrl\":\"https:\/\/www.globacademy.org\/wp-content\/uploads\/2019\/02\/Eskisehir-2.png\"},{\"@type\":\"BreadcrumbList\",\"@id\":\"https:\/\/www.globacademy.org\/dis-politika-akademisi\/onceki-akademiler\/#breadcrumb\",\"itemListElement\":[{\"@type\":\"ListItem\",\"position\":1,\"name\":\"Anasayfa\",\"item\":\"https:\/\/www.globacademy.org\/en\/\"},{\"@type\":\"ListItem\",\"position\":2,\"name\":\"Foreign Policy Academy\",\"item\":\"https:\/\/www.globacademy.org\/en\/foreign-policy-academy\/\"},{\"@type\":\"ListItem\",\"position\":3,\"name\":\"Previous Academies\"}]},{\"@type\":\"WebSite\",\"@id\":\"https:\/\/www.globacademy.org\/#website\",\"url\":\"https:\/\/www.globacademy.org\/\",\"name\":\"Global Academy\",\"description\":\"Global Academy\",\"potentialAction\":[{\"@type\":\"SearchAction\",\"target\":{\"@type\":\"EntryPoint\",\"urlTemplate\":\"https:\/\/www.globacademy.org\/?s={search_term_string}\"},\"query-input\":{\"@type\":\"PropertyValueSpecification\",\"valueRequired\":true,\"valueName\":\"search_term_string\"}}],\"inLanguage\":\"en-US\"}]}<\/script>\n<!-- \/ Yoast SEO plugin. -->","yoast_head_json":{"title":"Previous Academies - Global Academy","robots":{"index":"index","follow":"follow","max-snippet":"max-snippet:-1","max-image-preview":"max-image-preview:large","max-video-preview":"max-video-preview:-1"},"canonical":"https:\/\/www.globacademy.org\/dis-politika-akademisi\/onceki-akademiler\/","og_locale":"en_US","og_type":"article","og_title":"Previous Academies - Global Academy","og_description":"D\u0131\u015f Politika Akademisi V Read More D\u0131\u015f Politika Akademisi IV Read More D\u0131\u015f Politika Akademisi III Read More D\u0131\u015f Politika Akademisi II Read More D\u0131\u015f Politika Akademisi I Read More","og_url":"https:\/\/www.globacademy.org\/dis-politika-akademisi\/onceki-akademiler\/","og_site_name":"Global Academy","article_modified_time":"2022-08-31T16:11:00+00:00","og_image":[{"url":"https:\/\/www.globacademy.org\/wp-content\/uploads\/2019\/02\/Eskisehir-2.png"}],"twitter_card":"summary_large_image","twitter_misc":{"Est. reading time":"2 minutes"},"schema":{"@context":"https:\/\/schema.org","@graph":[{"@type":"WebPage","@id":"https:\/\/www.globacademy.org\/dis-politika-akademisi\/onceki-akademiler\/","url":"https:\/\/www.globacademy.org\/dis-politika-akademisi\/onceki-akademiler\/","name":"Previous Academies - Global Academy","isPartOf":{"@id":"https:\/\/www.globacademy.org\/#website"},"primaryImageOfPage":{"@id":"https:\/\/www.globacademy.org\/dis-politika-akademisi\/onceki-akademiler\/#primaryimage"},"image":{"@id":"https:\/\/www.globacademy.org\/dis-politika-akademisi\/onceki-akademiler\/#primaryimage"},"thumbnailUrl":"https:\/\/www.globacademy.org\/wp-content\/uploads\/2019\/02\/Eskisehir-2.png","datePublished":"2022-01-03T11:21:24+00:00","dateModified":"2022-08-31T16:11:00+00:00","breadcrumb":{"@id":"https:\/\/www.globacademy.org\/dis-politika-akademisi\/onceki-akademiler\/#breadcrumb"},"inLanguage":"en-US","potentialAction":[{"@type":"ReadAction","target":["https:\/\/www.globacademy.org\/dis-politika-akademisi\/onceki-akademiler\/"]}]},{"@type":"ImageObject","inLanguage":"en-US","@id":"https:\/\/www.globacademy.org\/dis-politika-akademisi\/onceki-akademiler\/#primaryimage","url":"https:\/\/www.globacademy.org\/wp-content\/uploads\/2019\/02\/Eskisehir-2.png","contentUrl":"https:\/\/www.globacademy.org\/wp-content\/uploads\/2019\/02\/Eskisehir-2.png"},{"@type":"BreadcrumbList","@id":"https:\/\/www.globacademy.org\/dis-politika-akademisi\/onceki-akademiler\/#breadcrumb","itemListElement":[{"@type":"ListItem","position":1,"name":"Anasayfa","item":"https:\/\/www.globacademy.org\/en\/"},{"@type":"ListItem","position":2,"name":"Foreign Policy Academy","item":"https:\/\/www.globacademy.org\/en\/foreign-policy-academy\/"},{"@type":"ListItem","position":3,"name":"Previous Academies"}]},{"@type":"WebSite","@id":"https:\/\/www.globacademy.org\/#website","url":"https:\/\/www.globacademy.org\/","name":"Global Academy","description":"Global Academy","potentialAction":[{"@type":"SearchAction","target":{"@type":"EntryPoint","urlTemplate":"https:\/\/www.globacademy.org\/?s={search_term_string}"},"query-input":{"@type":"PropertyValueSpecification","valueRequired":true,"valueName":"search_term_string"}}],"inLanguage":"en-US"}]}},"_links":{"self":[{"href":"https:\/\/www.globacademy.org\/en\/wp-json\/wp\/v2\/pages\/40931"}],"collection":[{"href":"https:\/\/www.globacademy.org\/en\/wp-json\/wp\/v2\/pages"}],"about":[{"href":"https:\/\/www.globacademy.org\/en\/wp-json\/wp\/v2\/types\/page"}],"author":[{"embeddable":true,"href":"https:\/\/www.globacademy.org\/en\/wp-json\/wp\/v2\/users\/2"}],"replies":[{"embeddable":true,"href":"https:\/\/www.globacademy.org\/en\/wp-json\/wp\/v2\/comments?post=40931"}],"version-history":[{"count":0,"href":"https:\/\/www.globacademy.org\/en\/wp-json\/wp\/v2\/pages\/40931\/revisions"}],"up":[{"embeddable":true,"href":"https:\/\/www.globacademy.org\/en\/wp-json\/wp\/v2\/pages\/40656"}],"wp:attachment":[{"href":"https:\/\/www.globacademy.org\/en\/wp-json\/wp\/v2\/media?parent=40931"}],"curies":[{"name":"wp","href":"https:\/\/api.w.org\/{rel}","templated":true}]}}