{"id":40919,"date":"2021-05-28T12:26:10","date_gmt":"2021-05-28T12:26:10","guid":{"rendered":"https:\/\/www.globacademy.org\/?page_id=40919"},"modified":"2022-08-08T15:04:50","modified_gmt":"2022-08-08T15:04:50","slug":"tubakov","status":"publish","type":"page","link":"https:\/\/www.globacademy.org\/en\/research\/tubakov\/","title":{"rendered":"TUBAKOV"},"content":{"rendered":"\t\t<div data-elementor-type=\"wp-page\" data-elementor-id=\"40919\" class=\"elementor elementor-40919\">\n\t\t\t\t\t\t\t        <section class=\"elementor-section elementor-top-section elementor-element elementor-element-dac58a4 elementor-section-boxed elementor-section-height-default elementor-section-height-default ct-header-fixed-none ct-row-max-none\" data-id=\"dac58a4\" data-element_type=\"section\">\n            \n                        <div class=\"elementor-container elementor-column-gap-default \">\n                    <div class=\"elementor-column elementor-col-100 elementor-top-column elementor-element elementor-element-299e271\" data-id=\"299e271\" data-element_type=\"column\">\n            <div class=\"elementor-widget-wrap elementor-element-populated\">\n                        \t\t<div class=\"elementor-element elementor-element-1211e5c elementor-widget elementor-widget-image\" data-id=\"1211e5c\" data-element_type=\"widget\" data-widget_type=\"image.default\">\n\t\t\t\t<div class=\"elementor-widget-container\">\n\t\t\t\t\t\t\t\t\t\t\t\t\t\t\t<img decoding=\"async\" width=\"229\" height=\"69\" src=\"https:\/\/www.globacademy.org\/wp-content\/uploads\/2021\/06\/tubakov.png\" class=\"attachment-large size-large\" alt=\"\" \/>\t\t\t\t\t\t\t\t\t\t\t\t\t\t\t<\/div>\n\t\t\t\t<\/div>\n\t\t            <\/div>\n        <\/div>\n                            <\/div>\n        <\/section>\n                <section class=\"elementor-section elementor-top-section elementor-element elementor-element-4c614b5 elementor-section-boxed elementor-section-height-default elementor-section-height-default ct-header-fixed-none ct-row-max-none\" data-id=\"4c614b5\" data-element_type=\"section\">\n            \n                        <div class=\"elementor-container elementor-column-gap-default \">\n                    <div class=\"elementor-column elementor-col-100 elementor-top-column elementor-element elementor-element-17e3f38\" data-id=\"17e3f38\" data-element_type=\"column\">\n            <div class=\"elementor-widget-wrap elementor-element-populated\">\n                        \t\t<div class=\"elementor-element elementor-element-425e883 elementor-widget elementor-widget-ct_text_editor\" data-id=\"425e883\" data-element_type=\"widget\" data-widget_type=\"ct_text_editor.default\">\n\t\t\t\t<div class=\"elementor-widget-container\">\n\t\t\t<div id=\"ct_text_editor-425e883\" class=\"ct-text-editor \" data-wow-delay=\"ms\">\n\t<div class=\"ct-item--inner\">\n\t\t<div class=\"ct-inline-css\"  data-css=\"\n\t        \t\t\t\">\n\n\t    <\/div>\n\t\t<div class=\"ct-text-editor elementor-clearfix\">\n\t\t\t<p>Projenin amac\u0131 T\u00fcrkiye\u2019nin So\u011fuk Sava\u015f sonras\u0131nda d\u00fcnyada artarak s\u00fcregelen bar\u0131\u015f\u0131 koruma faaliyetlerine ne \u00f6l\u00e7\u00fcde katk\u0131da bulundu\u011funu ve T\u00fcrkiye\u2019nin katk\u0131 e\u011filimlerini tespit etmektir. Bu \u00e7er\u00e7evede ara\u015ft\u0131rman\u0131n hipotezi \u201cT\u00fcrkiye So\u011fuk Sava\u015f sonras\u0131 d\u00f6nemde bar\u0131\u015f\u0131 koruma faaliyetlerine katk\u0131s\u0131n\u0131 art\u0131rarak d\u0131\u015f politika alan\u0131nda daha aktif bir rol \u00fcstlenmek istemi\u015f ve bu emelini ekonomisinin 2000\u2019li y\u0131llar\u0131n ba\u015f\u0131ndan sonra d\u00fczelmeye ba\u015flamas\u0131yla birlikte ger\u00e7ekle\u015ftirmek yolunda \u00f6nemli ilerleme kaydetmi\u015ftir.\u201d H\u00e2lihaz\u0131rda Uluslararas\u0131 \u0130li\u015fkiler yaz\u0131n\u0131nda bu hipotezi destekleyecek bulgular mevcuttur. Ancak bu bulgular anekdotlar, g\u00f6zlemler ya da tekli tarihsel vakalara desteklenmeye \u00e7al\u0131\u015f\u0131lm\u0131\u015ft\u0131r. \u00d6nerilen proje ile toplanacak kantitatif ve kalitatif veri sayesinde bu hipotezin evrensel bilim \u00f6l\u00e7\u00fctlerinde s\u0131nanmas\u0131 m\u00fcmk\u00fcn olacakt\u0131r.<\/p><p>T\u00fcrkiye 1945 y\u0131l\u0131nda kurulan Birle\u015fmi\u015f Milletlere kurucu \u00fcye olarak kat\u0131lm\u0131\u015f, sonras\u0131nda NATO, AG\u0130T, Avrupa Konseyi vb gibi uluslararas\u0131 kurulu\u015flara aktif bir \u015fekilde d\u00e2hil olmu\u015ftur. Bu kapsamda uluslararas\u0131 g\u00fcvenli\u011fi sa\u011flamak ad\u0131na yurt d\u0131\u015f\u0131nda bar\u0131\u015f\u0131 koruma faaliyetleri kapsam\u0131nda \u00f6nemli say\u0131da operasyona \u00e7e\u015fitli seviyelerde d\u00e2hil olunmu\u015ftur. Bu konuda \u00e7e\u015fitli akademik \u00e7al\u0131\u015fmalar yap\u0131lm\u0131\u015f olsa da ya bunlar b\u00fct\u00fcnc\u00fcl olarak konuyu ele almam\u0131\u015flar, ya da sonraki ara\u015ft\u0131rmalar\u0131n kullanabilece\u011fi bir veri kayna\u011f\u0131 yaratmam\u0131\u015flard\u0131r. T\u00fcrkiye\u2019nin Bar\u0131\u015f\u0131 Koruma Faaliyetlerine Kat\u0131l\u0131m\u0131 ve E\u011filimlerinin Belirlenmesi Projesi ile 1985-2013 aras\u0131nda T\u00fcrkiye\u2019nin d\u00e2hil oldu\u011fu bar\u0131\u015f\u0131 koruma faaliyetlerini i\u00e7eren bir veri taban\u0131 olu\u015fturulacakt\u0131r. Uluslararas\u0131 \u0130li\u015fkiler alan\u0131nda d\u00fcnyada \u00e7ok say\u0131da veri taban\u0131 bulunmas\u0131na ra\u011fmen T\u00fcrkiye\u2019de bu konuya odakl\u0131 bir \u00e7al\u0131\u015fma mevcut de\u011fildir. Bu proje sayesinde T\u00fcrkiye kaynakl\u0131 veri tabanlar\u0131 olu\u015fturmak ad\u0131na ilk ad\u0131m at\u0131lm\u0131\u015f olacak ve proje tamamland\u0131\u011f\u0131nda yeni ulusal ve uluslararas\u0131 proje teklifleri haz\u0131rlanarak \u00e7al\u0131\u015fma geni\u015fletilecektir. Ayr\u0131ca, T\u00fcrk D\u0131\u015f Politikas\u0131 ve\/veya T\u00fcrkiye\u2019nin uluslararas\u0131 bar\u0131\u015f ve g\u00fcvenli\u011fe katk\u0131lar\u0131n\u0131n de\u011ferlendirildi\u011fi her t\u00fcrl\u00fc akademik \u00e7al\u0131\u015fma bu projenin \u00e7\u0131kt\u0131lar\u0131ndan yararlanma imk\u00e2n\u0131na kavu\u015facakt\u0131r. Bu projenin \u00e7\u0131kt\u0131lar\u0131n\u0131n D\u0131\u015f Politika ve Uluslararas\u0131 G\u00fcvenlik alanlar\u0131nda ger\u00e7ekle\u015ftirilecek akademik ve siyasal ara\u015ft\u0131rmalara ve \u00e7al\u0131\u015fmalara fayda ve katk\u0131 sa\u011flamas\u0131 beklenmektedir. Ancak hali haz\u0131rda T\u00fcrkiye Cumhuriyetinin d\u00e2hil oldu\u011fu bar\u0131\u015f\u0131 koruma faaliyetleri ile ilgili ara\u015ft\u0131rmac\u0131lar\u0131n ba\u015fvurabilece\u011fi haz\u0131r bir veri bulunmamaktad\u0131r.<\/p><p>T\u00fcrkiye\u2019nin Bar\u0131\u015f\u0131 Koruma Faaliyetlerine Kat\u0131l\u0131m\u0131 ve E\u011filimlerinin Belirlenmesi Projesinde \u00fc\u00e7 a\u015fama bulunmaktad\u0131r. Birinci a\u015famada T\u00fcrkiye\u2019nin 1985-2013 aras\u0131nda uluslararas\u0131 operasyonlara katk\u0131s\u0131 hakk\u0131ndaki tarihsel, medyada yer alm\u0131\u015f, say\u0131sal vs. bilgiler toplanarak \u201cvaka temelli\u201d ar\u015fiv olu\u015fturulacakt\u0131r. \u0130kinci a\u015famada ise bu bilgilerden evrensel \u00e7al\u0131\u015fmalar kapsam\u0131nda girecek (say\u0131sal) de\u011fi\u015fkenler\/analiz birimleri ve parametreler kurgulanacak ve akabinde uluslararas\u0131 standartlara uygun say\u0131sal bir veri taban\u0131 olu\u015fturulacakt\u0131r. Bu maksatla kodlama yap\u0131l\u0131rken devletlerin s\u0131n\u0131fland\u0131r\u0131lmas\u0131nda projeyi sunanlar\u0131n da d\u00e2hil oldu\u011fu alanda \u00e7al\u0131\u015fan ara\u015ft\u0131rmac\u0131lar taraf\u0131ndan \u00e7ok iyi bilinen ve takip edilen Sava\u015f\u0131n Korelasyonlar\u0131 (The Correlates of War) Projesinin kulland\u0131\u011f\u0131 devlet kodlar\u0131 esas al\u0131nacakt\u0131r. Projenin \u00fc\u00e7\u00fcnc\u00fc a\u015famas\u0131nda ara\u015ft\u0131rman\u0131n hipotezi bu veri ile test edilecek ve e\u011filimlerin ortaya konaca\u011f\u0131 analizler ger\u00e7ekle\u015ftirilecektir. Bu a\u015famada T\u00fcrkiye\u2019nin bar\u0131\u015f\u0131 koruma faaliyetlerine kat\u0131l\u0131m\u0131n\u0131n ve katk\u0131s\u0131n\u0131n uluslararas\u0131 alandaki ortaya \u00e7\u0131kan etkilerini kar\u015f\u0131la\u015ft\u0131rmal\u0131 olarak yorumlamak hedeflenmektedir. B\u00fct\u00fcn bu veri toplama, inceleme ve de\u011ferlendirme s\u00fcre\u00e7leri ard\u0131ndan projenin sonunda elde edilen verilerin \u0130nternet \u00fczerinde haz\u0131rlanacak web sayfas\u0131 \/ portal ile ara\u015ft\u0131rmac\u0131lar\u0131n ve siyaset yap\u0131c\u0131lar\u0131n eri\u015fimine a\u00e7\u0131k ve etkile\u015fime a\u00e7\u0131k bir bilgi platformu tesis edilecek ve toplanan veriler yap\u0131lan analizler ve ula\u015f\u0131lan sonu\u00e7lar akademik yay\u0131nlar yoluyla payla\u015f\u0131lacakt\u0131r.<\/p><p>Proje sayesinde T\u00fcrkiye\u2019nin uluslararas\u0131 bar\u0131\u015f ve g\u00fcvenli\u011fe yapt\u0131\u011f\u0131 katk\u0131lar\u0131 i\u00e7eren veriler \u0130nternet \u00fczerinden eri\u015fime a\u00e7\u0131k bir bilgi kayna\u011f\u0131 (portal) yarat\u0131lacakt\u0131r. \u00d6nerilen projenin y\u00fcksek say\u0131da at\u0131f almas\u0131 beklenmektedir. Projenin tamamlanmas\u0131 sonras\u0131 projenin kapsam\u0131n\u0131 geni\u015fletecek yeni ulusal ve uluslararas\u0131 projeler geli\u015ftirilmesi ve bu yolla projenin katk\u0131s\u0131 ve etkisinin geni\u015fletilmesi ve s\u00fcrd\u00fcr\u00fcl\u00fcr k\u0131l\u0131nmas\u0131 hedeflenmektedir.<\/p><p>T\u00dcBAKOV sitesine ula\u015fmak i\u00e7in l\u00fctfen <a href=\"http:\/\/tubakov.org\/\">t\u0131klay\u0131n\u0131z.<\/a><\/p>\t\t\n\t\t<\/div>\n\t<\/div>\n<\/div>\t\t<\/div>\n\t\t\t\t<\/div>\n\t\t            <\/div>\n        <\/div>\n                            <\/div>\n        <\/section>\n        \t\t\t\t\t<\/div>\n\t\t","protected":false},"excerpt":{"rendered":"","protected":false},"author":2,"featured_media":0,"parent":40617,"menu_order":0,"comment_status":"closed","ping_status":"closed","template":"","meta":{"_acf_changed":false,"footnotes":""},"class_list":["post-40919","page","type-page","status-publish","hentry"],"acf":[],"yoast_head":"<!-- This site is optimized with the Yoast SEO plugin v23.7 - https:\/\/yoast.com\/wordpress\/plugins\/seo\/ -->\n<title>TUBAKOV - Global Academy<\/title>\n<meta name=\"robots\" content=\"index, follow, max-snippet:-1, max-image-preview:large, max-video-preview:-1\" \/>\n<link rel=\"canonical\" href=\"https:\/\/www.globacademy.org\/en\/research\/tubakov\/\" \/>\n<meta property=\"og:locale\" content=\"en_US\" \/>\n<meta property=\"og:type\" content=\"article\" \/>\n<meta property=\"og:title\" content=\"TUBAKOV - Global Academy\" \/>\n<meta property=\"og:url\" content=\"https:\/\/www.globacademy.org\/en\/research\/tubakov\/\" \/>\n<meta property=\"og:site_name\" content=\"Global Academy\" \/>\n<meta property=\"article:modified_time\" content=\"2022-08-08T15:04:50+00:00\" \/>\n<meta name=\"twitter:card\" content=\"summary_large_image\" \/>\n<script type=\"application\/ld+json\" class=\"yoast-schema-graph\">{\"@context\":\"https:\/\/schema.org\",\"@graph\":[{\"@type\":\"WebPage\",\"@id\":\"https:\/\/www.globacademy.org\/en\/research\/tubakov\/\",\"url\":\"https:\/\/www.globacademy.org\/en\/research\/tubakov\/\",\"name\":\"TUBAKOV - Global Academy\",\"isPartOf\":{\"@id\":\"https:\/\/www.globacademy.org\/#website\"},\"datePublished\":\"2021-05-28T12:26:10+00:00\",\"dateModified\":\"2022-08-08T15:04:50+00:00\",\"breadcrumb\":{\"@id\":\"https:\/\/www.globacademy.org\/en\/research\/tubakov\/#breadcrumb\"},\"inLanguage\":\"en-US\",\"potentialAction\":[{\"@type\":\"ReadAction\",\"target\":[\"https:\/\/www.globacademy.org\/en\/research\/tubakov\/\"]}]},{\"@type\":\"BreadcrumbList\",\"@id\":\"https:\/\/www.globacademy.org\/en\/research\/tubakov\/#breadcrumb\",\"itemListElement\":[{\"@type\":\"ListItem\",\"position\":1,\"name\":\"Anasayfa\",\"item\":\"https:\/\/www.globacademy.org\/en\/\"},{\"@type\":\"ListItem\",\"position\":2,\"name\":\"Research\",\"item\":\"https:\/\/www.globacademy.org\/en\/research\/\"},{\"@type\":\"ListItem\",\"position\":3,\"name\":\"TUBAKOV\"}]},{\"@type\":\"WebSite\",\"@id\":\"https:\/\/www.globacademy.org\/#website\",\"url\":\"https:\/\/www.globacademy.org\/\",\"name\":\"Global Academy\",\"description\":\"Global Academy\",\"potentialAction\":[{\"@type\":\"SearchAction\",\"target\":{\"@type\":\"EntryPoint\",\"urlTemplate\":\"https:\/\/www.globacademy.org\/?s={search_term_string}\"},\"query-input\":{\"@type\":\"PropertyValueSpecification\",\"valueRequired\":true,\"valueName\":\"search_term_string\"}}],\"inLanguage\":\"en-US\"}]}<\/script>\n<!-- \/ Yoast SEO plugin. -->","yoast_head_json":{"title":"TUBAKOV - Global Academy","robots":{"index":"index","follow":"follow","max-snippet":"max-snippet:-1","max-image-preview":"max-image-preview:large","max-video-preview":"max-video-preview:-1"},"canonical":"https:\/\/www.globacademy.org\/en\/research\/tubakov\/","og_locale":"en_US","og_type":"article","og_title":"TUBAKOV - Global Academy","og_url":"https:\/\/www.globacademy.org\/en\/research\/tubakov\/","og_site_name":"Global Academy","article_modified_time":"2022-08-08T15:04:50+00:00","twitter_card":"summary_large_image","schema":{"@context":"https:\/\/schema.org","@graph":[{"@type":"WebPage","@id":"https:\/\/www.globacademy.org\/en\/research\/tubakov\/","url":"https:\/\/www.globacademy.org\/en\/research\/tubakov\/","name":"TUBAKOV - Global Academy","isPartOf":{"@id":"https:\/\/www.globacademy.org\/#website"},"datePublished":"2021-05-28T12:26:10+00:00","dateModified":"2022-08-08T15:04:50+00:00","breadcrumb":{"@id":"https:\/\/www.globacademy.org\/en\/research\/tubakov\/#breadcrumb"},"inLanguage":"en-US","potentialAction":[{"@type":"ReadAction","target":["https:\/\/www.globacademy.org\/en\/research\/tubakov\/"]}]},{"@type":"BreadcrumbList","@id":"https:\/\/www.globacademy.org\/en\/research\/tubakov\/#breadcrumb","itemListElement":[{"@type":"ListItem","position":1,"name":"Anasayfa","item":"https:\/\/www.globacademy.org\/en\/"},{"@type":"ListItem","position":2,"name":"Research","item":"https:\/\/www.globacademy.org\/en\/research\/"},{"@type":"ListItem","position":3,"name":"TUBAKOV"}]},{"@type":"WebSite","@id":"https:\/\/www.globacademy.org\/#website","url":"https:\/\/www.globacademy.org\/","name":"Global Academy","description":"Global Academy","potentialAction":[{"@type":"SearchAction","target":{"@type":"EntryPoint","urlTemplate":"https:\/\/www.globacademy.org\/?s={search_term_string}"},"query-input":{"@type":"PropertyValueSpecification","valueRequired":true,"valueName":"search_term_string"}}],"inLanguage":"en-US"}]}},"_links":{"self":[{"href":"https:\/\/www.globacademy.org\/en\/wp-json\/wp\/v2\/pages\/40919"}],"collection":[{"href":"https:\/\/www.globacademy.org\/en\/wp-json\/wp\/v2\/pages"}],"about":[{"href":"https:\/\/www.globacademy.org\/en\/wp-json\/wp\/v2\/types\/page"}],"author":[{"embeddable":true,"href":"https:\/\/www.globacademy.org\/en\/wp-json\/wp\/v2\/users\/2"}],"replies":[{"embeddable":true,"href":"https:\/\/www.globacademy.org\/en\/wp-json\/wp\/v2\/comments?post=40919"}],"version-history":[{"count":0,"href":"https:\/\/www.globacademy.org\/en\/wp-json\/wp\/v2\/pages\/40919\/revisions"}],"up":[{"embeddable":true,"href":"https:\/\/www.globacademy.org\/en\/wp-json\/wp\/v2\/pages\/40617"}],"wp:attachment":[{"href":"https:\/\/www.globacademy.org\/en\/wp-json\/wp\/v2\/media?parent=40919"}],"curies":[{"name":"wp","href":"https:\/\/api.w.org\/{rel}","templated":true}]}}